{"id":36196,"date":"2025-06-18T06:31:49","date_gmt":"2025-06-18T06:31:49","guid":{"rendered":"https:\/\/purama.lt\/produktas\/maisto-papildas-chaga-grybo-milteliai-veganiskose-kapsulese\/"},"modified":"2026-03-24T17:02:39","modified_gmt":"2026-03-24T15:02:39","slug":"uztura-bagatinatajs-chaga-senu-pulveris-veganu-kapsulas","status":"publish","type":"product","link":"https:\/\/purama.lt\/lv\/produktas\/maisto-papildas-chaga-grybo-milteliai-veganiskose-kapsulese\/","title":{"rendered":"Vesel\u012bbas diena P\u0101rtikas papildin\u0101jums Chaga s\u0113\u0146u pulveris veg\u0101nisk\u0101s kapsul\u0101s"},"content":{"rendered":"","protected":false},"excerpt":{"rendered":"<p><strong>Sveikadienis Uztura bag\u0101tin\u0101t\u0101js \u010caga s\u0113\u0146u pulveris veg\u0101nisk\u0101s kapsul\u0101s:<\/strong> \u010caga (Inonotus obliquus) s\u0113ne ir sp\u0113c\u012bgs antioksidantu avots, un Sib\u012brijas un Zieme\u013cvalstu tautas jau kop\u0161 seniem laikiem to ir nov\u0113rt\u0113ju\u0161as k\u0101 dabisku stiprino\u0161u l\u012bdzekli. Kapsul\u0101s eso\u0161ais \u010dagas pulveris ir ieg\u016bts, auksti ekstrah\u0113jot g\u0113lu, saglab\u0101jot visas biolo\u0123iski akt\u012bv\u0101s vielas. Regul\u0101ri lietojot, \u010daga var veicin\u0101t norm\u0101lu im\u016bnsist\u0113mas darb\u012bbu, c\u012bn\u012bties pret oksidat\u012bvo stresu un uztur\u0113t dabisko ener\u0123iju.<\/p>\n<p><strong>K\u0101p\u0113c izv\u0113l\u0113ties:<\/strong><br \/>\n\u2714 T\u012bra un dabiska sast\u0101vda\u013ca bez piedev\u0101m<br \/>\n\u2714 Bag\u0101ts ar antioksidantiem un polisahar\u012bdiem<br \/>\n\u2714 \u0112rtas veg\u0101nu kapsulas<br \/>\n\u2714 Piem\u0113rots im\u016bnsist\u0113mas un visp\u0101r\u0113j\u0101s labsaj\u016btas uztur\u0113\u0161anai<\/p>","protected":false},"featured_media":36169,"comment_status":"open","ping_status":"closed","template":"","meta":{"_acf_changed":false},"product_brand":[458],"product_cat":[123,251,252,122,255,249],"product_tag":[],"class_list":{"0":"post-36196","1":"product","2":"type-product","3":"status-publish","4":"has-post-thumbnail","6":"product_brand-sveikadienis","7":"product_cat-papildai-ilgaamziskumui","8":"product_cat-antioksidantai","9":"product_cat-imunitetui","10":"product_cat-lasteliu-jaunystei","11":"product_cat-oksidacinio-streso-mazinimas","12":"product_cat-senolitikai","14":"first","15":"instock","16":"shipping-taxable","17":"purchasable","18":"product-type-simple"},"acf":[],"tiered_pricing_type":"fixed","tiered_pricing_fixed_rules":[],"tiered_pricing_product_settings":{"layout":"default","base_unit_name":{"singular":null,"plural":null},"default_variation":null},"tiered_pricing_minimum_quantity":null,"tiered_pricing_roles_data":[],"tiered_pricing_percentage_rules":[],"_links":{"self":[{"href":"https:\/\/purama.lt\/lv\/wp-json\/wp\/v2\/product\/36196","targetHints":{"allow":["GET"]}}],"collection":[{"href":"https:\/\/purama.lt\/lv\/wp-json\/wp\/v2\/product"}],"about":[{"href":"https:\/\/purama.lt\/lv\/wp-json\/wp\/v2\/types\/product"}],"replies":[{"embeddable":true,"href":"https:\/\/purama.lt\/lv\/wp-json\/wp\/v2\/comments?post=36196"}],"wp:featuredmedia":[{"embeddable":true,"href":"https:\/\/purama.lt\/lv\/wp-json\/wp\/v2\/media\/36169"}],"wp:attachment":[{"href":"https:\/\/purama.lt\/lv\/wp-json\/wp\/v2\/media?parent=36196"}],"wp:term":[{"taxonomy":"product_brand","embeddable":true,"href":"https:\/\/purama.lt\/lv\/wp-json\/wp\/v2\/product_brand?post=36196"},{"taxonomy":"product_cat","embeddable":true,"href":"https:\/\/purama.lt\/lv\/wp-json\/wp\/v2\/product_cat?post=36196"},{"taxonomy":"product_tag","embeddable":true,"href":"https:\/\/purama.lt\/lv\/wp-json\/wp\/v2\/product_tag?post=36196"}],"curies":[{"name":"wp","href":"https:\/\/api.w.org\/{rel}","templated":true}]}}