{"id":35968,"date":"2025-06-10T10:22:29","date_gmt":"2025-06-10T10:22:29","guid":{"rendered":"https:\/\/purama.lt\/produktas\/marymay-veido-serumas\/"},"modified":"2026-04-10T13:03:30","modified_gmt":"2026-04-10T11:03:30","slug":"marymay-sejas-serums","status":"publish","type":"product","link":"https:\/\/purama.lt\/lv\/produktas\/marymay-veido-serumas\/","title":{"rendered":"Mary&amp;May sejas serums"},"content":{"rendered":"<p><strong>Lieto\u0161ana:<\/strong><br>Lietojiet no r\u012bta un vakar\u0101 p\u0113c tonika. Da\u017eus pilienus iemas\u0113jiet \u0101d\u0101, l\u012bdz piln\u012bb\u0101 ies\u016bcas.<\/p>\n\n\n\n<p><strong>Sast\u0101vda\u013cas:<\/strong><br>Centella Asiatica ekstrakts, glicer\u012bns, beta\u012bns, hialuronsk\u0101be.<\/p>","protected":false},"excerpt":{"rendered":"<p>Augsti koncentr\u0113ts serums ar 95 % Centella Asiatica ekstraktu nomierina jut\u012bgu, aknes boj\u0101tu \u0101du un veicina \u0101das atjauno\u0161anos. Sast\u0101vs bez smar\u017eviel\u0101m, alkohola un kairin\u0101t\u0101jiem. <\/p>\n<p><strong>K\u0101p\u0113c izv\u0113l\u0113ties:<br \/><\/strong> \u2714\ufe0f Nomierina un dzied\u0113 iekaisu\u0161u \u0101du.<br \/>\u2714\ufe0f 95 % Centella Asiatica ekstrakts<br \/>\u2714\ufe0f Piem\u0113rots jut\u012bgai, uz pinn\u0113m tend\u0113tai \u0101dai. <br \/>\u2714\ufe0f \u012apa\u0161i t\u012brs sast\u0101vs<\/p>","protected":false},"featured_media":35976,"comment_status":"open","ping_status":"closed","template":"","meta":{"_acf_changed":false},"product_brand":[],"product_cat":[92,500,56,59],"product_tag":[],"class_list":{"0":"post-35968","1":"product","2":"type-product","3":"status-publish","4":"has-post-thumbnail","6":"product_cat-groziui","7":"product_cat-outlet","8":"product_cat-veido-serumai","9":"product_cat-veidui","11":"first","12":"instock","13":"sale","14":"shipping-taxable","15":"purchasable","16":"product-type-simple"},"acf":[],"tiered_pricing_type":"fixed","tiered_pricing_fixed_rules":[],"tiered_pricing_product_settings":{"layout":"default","base_unit_name":{"singular":null,"plural":null},"default_variation":null},"tiered_pricing_minimum_quantity":null,"tiered_pricing_roles_data":[],"tiered_pricing_percentage_rules":[],"_links":{"self":[{"href":"https:\/\/purama.lt\/lv\/wp-json\/wp\/v2\/product\/35968","targetHints":{"allow":["GET"]}}],"collection":[{"href":"https:\/\/purama.lt\/lv\/wp-json\/wp\/v2\/product"}],"about":[{"href":"https:\/\/purama.lt\/lv\/wp-json\/wp\/v2\/types\/product"}],"replies":[{"embeddable":true,"href":"https:\/\/purama.lt\/lv\/wp-json\/wp\/v2\/comments?post=35968"}],"wp:featuredmedia":[{"embeddable":true,"href":"https:\/\/purama.lt\/lv\/wp-json\/wp\/v2\/media\/35976"}],"wp:attachment":[{"href":"https:\/\/purama.lt\/lv\/wp-json\/wp\/v2\/media?parent=35968"}],"wp:term":[{"taxonomy":"product_brand","embeddable":true,"href":"https:\/\/purama.lt\/lv\/wp-json\/wp\/v2\/product_brand?post=35968"},{"taxonomy":"product_cat","embeddable":true,"href":"https:\/\/purama.lt\/lv\/wp-json\/wp\/v2\/product_cat?post=35968"},{"taxonomy":"product_tag","embeddable":true,"href":"https:\/\/purama.lt\/lv\/wp-json\/wp\/v2\/product_tag?post=35968"}],"curies":[{"name":"wp","href":"https:\/\/api.w.org\/{rel}","templated":true}]}}