{"id":35967,"date":"2025-06-10T10:22:29","date_gmt":"2025-06-10T10:22:29","guid":{"rendered":"https:\/\/purama.lt\/produktas\/tocobo-veido-esencija-serumas\/"},"modified":"2026-04-10T13:03:30","modified_gmt":"2026-04-10T11:03:30","slug":"tocobo-sejas-esences-serums","status":"publish","type":"product","link":"https:\/\/purama.lt\/lv\/produktas\/tocobo-veido-esencija-serumas\/","title":{"rendered":"Tocobo sejas esences serums"},"content":{"rendered":"<p><strong>Lieto\u0161ana:<\/strong><br>Izmantojiet p\u0113c tonera. Nelielu daudzumu uzkl\u0101jiet uz sejas un maigi iemas\u0113jiet.<\/p>\n\n\n\n<p><strong>Sast\u0101vda\u013cas:<\/strong><br>Bifida fermentu liz\u0101ts, niac\u012bnam\u012bds, adenoz\u012bns, hlorellas ekstrakts, beta-glik\u0101ns, hialuronsk\u0101be.<\/p>","protected":false},"excerpt":{"rendered":"<p>Ar probiotik\u0101m bag\u0101tin\u0101t\u0101 esence stiprina \u0101das barjeru, uzlabo elast\u012bbu un samazina jut\u012bgumu. Bifida enz\u012bmi, niacinam\u012bds un adenoz\u012bns pal\u012bdz uztur\u0113t vesel\u012bgu mikrofloru un mirdzo\u0161u \u0101du. <\/p>\n<p><strong>K\u0101p\u0113c izv\u0113l\u0113ties:<br \/><\/strong> \u2714\ufe0f Nostiprina \u0101das barjeru<br \/>\u2714\ufe0f Mitrina un veicina re\u0123ener\u0101ciju.<br \/>\u2714\ufe0f Ar probiotik\u0101m jut\u012bgai \u0101dai<br \/>\u2714\ufe0f Uzlabo \u0101das elast\u012bbu<\/p>","protected":false},"featured_media":35975,"comment_status":"open","ping_status":"closed","template":"","meta":{"_acf_changed":false},"product_brand":[],"product_cat":[92,500,56,59],"product_tag":[],"class_list":{"0":"post-35967","1":"product","2":"type-product","3":"status-publish","4":"has-post-thumbnail","6":"product_cat-groziui","7":"product_cat-outlet","8":"product_cat-veido-serumai","9":"product_cat-veidui","11":"first","12":"instock","13":"sale","14":"shipping-taxable","15":"purchasable","16":"product-type-simple"},"acf":[],"tiered_pricing_type":"fixed","tiered_pricing_fixed_rules":[],"tiered_pricing_product_settings":{"layout":"default","base_unit_name":{"singular":null,"plural":null},"default_variation":null},"tiered_pricing_minimum_quantity":null,"tiered_pricing_roles_data":[],"tiered_pricing_percentage_rules":[],"_links":{"self":[{"href":"https:\/\/purama.lt\/lv\/wp-json\/wp\/v2\/product\/35967","targetHints":{"allow":["GET"]}}],"collection":[{"href":"https:\/\/purama.lt\/lv\/wp-json\/wp\/v2\/product"}],"about":[{"href":"https:\/\/purama.lt\/lv\/wp-json\/wp\/v2\/types\/product"}],"replies":[{"embeddable":true,"href":"https:\/\/purama.lt\/lv\/wp-json\/wp\/v2\/comments?post=35967"}],"wp:featuredmedia":[{"embeddable":true,"href":"https:\/\/purama.lt\/lv\/wp-json\/wp\/v2\/media\/35975"}],"wp:attachment":[{"href":"https:\/\/purama.lt\/lv\/wp-json\/wp\/v2\/media?parent=35967"}],"wp:term":[{"taxonomy":"product_brand","embeddable":true,"href":"https:\/\/purama.lt\/lv\/wp-json\/wp\/v2\/product_brand?post=35967"},{"taxonomy":"product_cat","embeddable":true,"href":"https:\/\/purama.lt\/lv\/wp-json\/wp\/v2\/product_cat?post=35967"},{"taxonomy":"product_tag","embeddable":true,"href":"https:\/\/purama.lt\/lv\/wp-json\/wp\/v2\/product_tag?post=35967"}],"curies":[{"name":"wp","href":"https:\/\/api.w.org\/{rel}","templated":true}]}}