{"id":35966,"date":"2025-06-10T10:22:29","date_gmt":"2025-06-10T10:22:29","guid":{"rendered":"https:\/\/purama.lt\/produktas\/celimax-riebalu-kieki-mazinanti-esencija\/"},"modified":"2026-04-10T13:03:30","modified_gmt":"2026-04-10T11:03:30","slug":"celimax-tauku-samazinasanai-butiba","status":"publish","type":"product","link":"https:\/\/purama.lt\/lv\/produktas\/celimax-riebalu-kieki-mazinanti-esencija\/","title":{"rendered":"Celimax Fat samazinot b\u016bt\u012bba"},"content":{"rendered":"<p><strong>Lieto\u0161ana:<\/strong><br>P\u0113c toniz\u0113\u0161anas uz t\u012bras \u0101das uzpiliniet da\u017eus pilienus esences. Ar pirkstu galiem iemas\u0113jiet, l\u012bdz piln\u012bb\u0101 ies\u016bcas.<\/p>\n\n\n\n<p><strong>Sast\u0101vda\u013cas:<\/strong><br>T\u0113jas koka lapu ekstrakts, niacinam\u012bds, Anti-Sebum P komplekss, pantenols, hialuronsk\u0101be.<\/p>","protected":false},"excerpt":{"rendered":"<p>E\u013c\u013cu regul\u0113jo\u0161\u0101 esence ar t\u0113jas koka ekstraktu pal\u012bdz samazin\u0101t sp\u012bdumu, sa\u0161aurin\u0101t poras un saglab\u0101t mat\u0113tu fini\u0161u. Svaig\u0101 tekst\u016bra ir ide\u0101li piem\u0113rota taukainai vai jauktai \u0101dai. <\/p>\n<p><strong>K\u0101p\u0113c izv\u0113l\u0113ties:<br \/><\/strong> \u2714\ufe0f Regul\u0113 sebuma veido\u0161anos<br \/>\u2714\ufe0f Samazina p\u0101ru redzam\u012bbu <br \/>\u2714\ufe0f Svaiga, nelip\u012bga tekst\u016bra <br \/>\u2714\ufe0f Piem\u0113rots jut\u012bgai vai uz pinn\u0113m tend\u0113tai \u0101dai.<\/p>","protected":false},"featured_media":35972,"comment_status":"open","ping_status":"closed","template":"","meta":{"_acf_changed":false},"product_brand":[],"product_cat":[92,500,56,59],"product_tag":[],"class_list":{"0":"post-35966","1":"product","2":"type-product","3":"status-publish","4":"has-post-thumbnail","6":"product_cat-groziui","7":"product_cat-outlet","8":"product_cat-veido-serumai","9":"product_cat-veidui","11":"first","12":"instock","13":"sale","14":"shipping-taxable","15":"purchasable","16":"product-type-simple"},"acf":[],"tiered_pricing_type":"fixed","tiered_pricing_fixed_rules":[],"tiered_pricing_product_settings":{"layout":"default","base_unit_name":{"singular":null,"plural":null},"default_variation":null},"tiered_pricing_minimum_quantity":null,"tiered_pricing_roles_data":[],"tiered_pricing_percentage_rules":[],"_links":{"self":[{"href":"https:\/\/purama.lt\/lv\/wp-json\/wp\/v2\/product\/35966","targetHints":{"allow":["GET"]}}],"collection":[{"href":"https:\/\/purama.lt\/lv\/wp-json\/wp\/v2\/product"}],"about":[{"href":"https:\/\/purama.lt\/lv\/wp-json\/wp\/v2\/types\/product"}],"replies":[{"embeddable":true,"href":"https:\/\/purama.lt\/lv\/wp-json\/wp\/v2\/comments?post=35966"}],"wp:featuredmedia":[{"embeddable":true,"href":"https:\/\/purama.lt\/lv\/wp-json\/wp\/v2\/media\/35972"}],"wp:attachment":[{"href":"https:\/\/purama.lt\/lv\/wp-json\/wp\/v2\/media?parent=35966"}],"wp:term":[{"taxonomy":"product_brand","embeddable":true,"href":"https:\/\/purama.lt\/lv\/wp-json\/wp\/v2\/product_brand?post=35966"},{"taxonomy":"product_cat","embeddable":true,"href":"https:\/\/purama.lt\/lv\/wp-json\/wp\/v2\/product_cat?post=35966"},{"taxonomy":"product_tag","embeddable":true,"href":"https:\/\/purama.lt\/lv\/wp-json\/wp\/v2\/product_tag?post=35966"}],"curies":[{"name":"wp","href":"https:\/\/api.w.org\/{rel}","templated":true}]}}