{"id":35965,"date":"2025-06-10T10:22:28","date_gmt":"2025-06-10T10:22:28","guid":{"rendered":"https:\/\/purama.lt\/produktas\/dr-jart-atspalvi-suteikiantis-veido-kremas\/"},"modified":"2026-04-10T13:03:30","modified_gmt":"2026-04-10T11:03:30","slug":"dr-jart-tonets-sejas-krems","status":"publish","type":"product","link":"https:\/\/purama.lt\/lv\/produktas\/dr-jart-atspalvi-suteikiantis-veido-kremas\/","title":{"rendered":"DR.Jart+ ton\u0113tais sejas kr\u0113ms"},"content":{"rendered":"<p><strong>Lieto\u0161ana:<\/strong><br>Uzkl\u0101jiet nelielu kr\u0113ma daudzumu uz sejas \u0101das kop\u0161anas proced\u016bras p\u0113d\u0113j\u0101 sol\u012b vai pirms grima uzkl\u0101\u0161anas. Mas\u0113jiet, l\u012bdz kr\u0101sa main\u0101s atbilsto\u0161i j\u016bsu \u0101das tonim.<\/p>\n\n\n\n<p><strong>Sast\u0101vda\u013cas:<\/strong><br>\u0100zijas centellas ekstrakts, niacinam\u012bds, cinka oks\u012bds, tit\u0101na dioks\u012bds, adenoz\u012bns, pantenols.<br>e (Centella Asiatica) acumirkl\u012b mask\u0113 aps\u0101rtumu, nomierina jut\u012bgu \u0101du un pie\u0161\u0137ir vienm\u0113r\u012bg\u0101ku sejas toni. Kr\u0113ma formula piel\u0101gojas \u0101das tonim, un SPF30 aizsardz\u012bba aizsarg\u0101 pret kait\u012bgajiem saules stariem. Ide\u0101li piem\u0113rots jut\u012bgai, iekaisu\u0161ai vai aps\u0101rtin\u0101tai \u0101dai.<\/p>","protected":false},"excerpt":{"rendered":"<p>\u0160is sejas kr\u0113ms ar azi\u0101tisko centellu (T\u012b\u0123erz\u0101li) acumirkl\u012b samazina aps\u0101rtumu, nomierina iekaisu\u0161o \u0101du un pie\u0161\u0137ir tai vienm\u0113r\u012bgu toni. Kr\u0101su maino\u0161\u0101 formula piel\u0101gojas j\u016bsu \u0101das tonim, un SPF30 filtrs aizsarg\u0101 pret kait\u012bgajiem UV stariem. <\/p>\n<p><strong>K\u0101p\u0113c izv\u0113l\u0113ties:<br \/><\/strong> \u2714\ufe0f Neitraliz\u0113 aps\u0101rtumu un kairin\u0101jumu. <br \/>\u2714\ufe0f UV aizsardz\u012bba (SPF30) <br \/>\u2714\ufe0f Piem\u0113rots jut\u012bgai \u0101dai <br \/>\u2714\ufe0f Darbojas k\u0101 grima b\u0101ze<\/p>","protected":false},"featured_media":35971,"comment_status":"open","ping_status":"closed","template":"","meta":{"_acf_changed":false},"product_brand":[422],"product_cat":[92,500,55,59],"product_tag":[],"class_list":{"0":"post-35965","1":"product","2":"type-product","3":"status-publish","4":"has-post-thumbnail","6":"product_brand-dr-jart","7":"product_cat-groziui","8":"product_cat-outlet","9":"product_cat-veido-kremai","10":"product_cat-veidui","12":"first","13":"instock","14":"sale","15":"shipping-taxable","16":"purchasable","17":"product-type-simple"},"acf":[],"tiered_pricing_type":"fixed","tiered_pricing_fixed_rules":[],"tiered_pricing_product_settings":{"layout":"default","base_unit_name":{"singular":null,"plural":null},"default_variation":null},"tiered_pricing_minimum_quantity":null,"tiered_pricing_roles_data":[],"tiered_pricing_percentage_rules":[],"_links":{"self":[{"href":"https:\/\/purama.lt\/lv\/wp-json\/wp\/v2\/product\/35965","targetHints":{"allow":["GET"]}}],"collection":[{"href":"https:\/\/purama.lt\/lv\/wp-json\/wp\/v2\/product"}],"about":[{"href":"https:\/\/purama.lt\/lv\/wp-json\/wp\/v2\/types\/product"}],"replies":[{"embeddable":true,"href":"https:\/\/purama.lt\/lv\/wp-json\/wp\/v2\/comments?post=35965"}],"wp:featuredmedia":[{"embeddable":true,"href":"https:\/\/purama.lt\/lv\/wp-json\/wp\/v2\/media\/35971"}],"wp:attachment":[{"href":"https:\/\/purama.lt\/lv\/wp-json\/wp\/v2\/media?parent=35965"}],"wp:term":[{"taxonomy":"product_brand","embeddable":true,"href":"https:\/\/purama.lt\/lv\/wp-json\/wp\/v2\/product_brand?post=35965"},{"taxonomy":"product_cat","embeddable":true,"href":"https:\/\/purama.lt\/lv\/wp-json\/wp\/v2\/product_cat?post=35965"},{"taxonomy":"product_tag","embeddable":true,"href":"https:\/\/purama.lt\/lv\/wp-json\/wp\/v2\/product_tag?post=35965"}],"curies":[{"name":"wp","href":"https:\/\/api.w.org\/{rel}","templated":true}]}}