{"id":35427,"date":"2025-06-04T11:17:55","date_gmt":"2025-06-04T11:17:55","guid":{"rendered":"https:\/\/purama.lt\/produktas\/scandinavian-biolabs-bio-pilixin-plauku-serumas-vyrams-ir-moterims\/"},"modified":"2026-04-14T09:42:00","modified_gmt":"2026-04-14T07:42:00","slug":"scandinavian-biolabs-bio-pilixin-matu-serums-viriesiem-un-sievietem","status":"publish","type":"product","link":"https:\/\/purama.lt\/lv\/produktas\/scandinavian-biolabs-bio-pilixin-plauku-serumas-vyrams-ir-moterims\/","title":{"rendered":"Scandinavian Biolabs Bio-Pilixin Activation Serum unisex matu aug\u0161anas serums"},"content":{"rendered":"<p><strong>Lieto\u0161ana:<\/strong><br>1 pipete dien\u0101 - uzkl\u0101jiet uz t\u012bras galvas \u0101das, viegli iemas\u0113jiet, neizskalojiet.<\/p>\n\n\n\n<p><strong>Sast\u0101vda\u013cas:<\/strong><br>Capilia Longa\u00ae (kurkuma ekstrakts), kofe\u012bns, pantenols, niac\u012bnam\u012bds, eikalipta e\u013c\u013ca, cinka PCA, aminosk\u0101bes, dab\u012bgie stabilizatori.<br><br>Atkl\u0101jiet vair\u0101k Scandinavian Biolabs produktu - <a href=\"https:\/\/purama.lt\/lv\/produktu-etiketes\/scandinavian-biolabs\/\">apskatiet pilnu kl\u0101stu<\/a>.<\/p>","protected":false},"excerpt":{"rendered":"<p><strong>Scandinavian Biolabs Bio-Pilixin aktiviz\u0113jo\u0161ais serums,<\/strong> Bio-Pilixin seruma viendzimuma versija tiem, kas v\u0113las dal\u012bties ar produktu vai mekl\u0113 univers\u0101lu risin\u0101jumu.<strong> samazin\u0101t matu izkri\u0161anu<\/strong>. Seruma sast\u0101v\u0101 ir izmantota modern\u0101k\u0101 aug\u0161anas faktoru tehnolo\u0123ija, kas iedarbojas uz matu sakn\u0113m, stimul\u0113jot matu atjauno\u0161anos un aug\u0161anu. T\u0101 sast\u0101v\u0101 nav hormonu vai farmaceitisko l\u012bdzek\u013cu - tikai efekt\u012bvas dabiskas izcelsmes sast\u0101vda\u013cas. <\/p>\n<p><strong>K\u0101p\u0113c izv\u0113l\u0113ties:<br \/><\/strong> \u2714\ufe0f Piem\u0113rots gan v\u012brie\u0161iem, gan sieviet\u0113m<br \/>\u2714\ufe0f Unik\u0101ls aug\u0161anas faktoru komplekss bez hormoniem<br \/>\u2714\ufe0f Var izmantot, lai nov\u0113rstu vai \u0101rst\u0113tu priek\u0161laic\u012bgu matu izkri\u0161anu.<br \/>\u2714\ufe0f Savietojams ar visiem Scandinavian Biolabs produktiem.<\/p>","protected":false},"featured_media":37917,"comment_status":"open","ping_status":"closed","template":"","meta":{"_acf_changed":false},"product_brand":[453],"product_cat":[92,57,304,305],"product_tag":[],"class_list":{"0":"post-35427","1":"product","2":"type-product","3":"status-publish","4":"has-post-thumbnail","6":"product_brand-scandinavian-biolabs","7":"product_cat-groziui","8":"product_cat-akcijos","9":"product_cat-plaukams","10":"product_cat-plauku-serumai","12":"first","13":"instock","14":"sale","15":"shipping-taxable","16":"purchasable","17":"product-type-simple"},"acf":[],"tiered_pricing_type":"fixed","tiered_pricing_fixed_rules":[],"tiered_pricing_product_settings":{"layout":"default","base_unit_name":{"singular":null,"plural":null},"default_variation":null},"tiered_pricing_minimum_quantity":null,"tiered_pricing_roles_data":[],"tiered_pricing_percentage_rules":[],"_links":{"self":[{"href":"https:\/\/purama.lt\/lv\/wp-json\/wp\/v2\/product\/35427","targetHints":{"allow":["GET"]}}],"collection":[{"href":"https:\/\/purama.lt\/lv\/wp-json\/wp\/v2\/product"}],"about":[{"href":"https:\/\/purama.lt\/lv\/wp-json\/wp\/v2\/types\/product"}],"replies":[{"embeddable":true,"href":"https:\/\/purama.lt\/lv\/wp-json\/wp\/v2\/comments?post=35427"}],"wp:featuredmedia":[{"embeddable":true,"href":"https:\/\/purama.lt\/lv\/wp-json\/wp\/v2\/media\/37917"}],"wp:attachment":[{"href":"https:\/\/purama.lt\/lv\/wp-json\/wp\/v2\/media?parent=35427"}],"wp:term":[{"taxonomy":"product_brand","embeddable":true,"href":"https:\/\/purama.lt\/lv\/wp-json\/wp\/v2\/product_brand?post=35427"},{"taxonomy":"product_cat","embeddable":true,"href":"https:\/\/purama.lt\/lv\/wp-json\/wp\/v2\/product_cat?post=35427"},{"taxonomy":"product_tag","embeddable":true,"href":"https:\/\/purama.lt\/lv\/wp-json\/wp\/v2\/product_tag?post=35427"}],"curies":[{"name":"wp","href":"https:\/\/api.w.org\/{rel}","templated":true}]}}