{"id":35426,"date":"2025-06-04T11:17:53","date_gmt":"2025-06-04T11:17:53","guid":{"rendered":"https:\/\/purama.lt\/produktas\/scandinavian-biolabs-giliai-drekinanti-plauku-kauke\/"},"modified":"2026-04-14T09:42:00","modified_gmt":"2026-04-14T07:42:00","slug":"scandinavian-biolabs-dzili-mitrinosa-matu-maska","status":"publish","type":"product","link":"https:\/\/purama.lt\/lv\/produktas\/scandinavian-biolabs-giliai-drekinanti-plauku-kauke\/","title":{"rendered":"Scandinavian Biolabs Hydration Mask mitrino\u0161a matu maska"},"content":{"rendered":"<p><strong>Lieto\u0161ana:<\/strong><br>Uzkl\u0101jiet uz t\u012briem, mitriem matiem, \u012bpa\u0161i to garum\u0101 un galos. Atst\u0101jiet uz matiem uz 5-10 min\u016bt\u0113m, p\u0113c tam noskalojiet.<\/p>\n\n\n\n<p><strong>Sast\u0101vda\u013cas:<\/strong><br>Kokosriekstu e\u013c\u013ca, augu olbaltumvielas (hidroliz\u0113tas), pantenols, beta\u012bns, niac\u012bnam\u012bds, kaprilic triglicer\u012bdi, dab\u012bgie emulgatori.<\/p>\n\n\n\n<p>Atkl\u0101jiet vair\u0101k Scandinavian Biolabs produktu - <a href=\"https:\/\/purama.lt\/lv\/produktu-etiketes\/scandinavian-biolabs\/\">apskatiet pilnu kl\u0101stu<\/a>.<\/p>","protected":false},"excerpt":{"rendered":"<p><strong>Scandinavian Biolabs matu mitrin\u0101\u0161anas maska, <\/strong>Dzi\u013ci mitrino\u0161\u0101 maska intens\u012bvi baro sausus un boj\u0101tus matus, atjaunojot to elast\u012bbu, m\u012bkstumu un dabisko sp\u012bdumu. Formula apvieno augu prote\u012bnus, pantenolu un kokosriekstu e\u013c\u013cu, kas iek\u013c\u016bst dzi\u013ci matos, nodro\u0161inot ilgsto\u0161u mitrin\u0101\u0161anu un sp\u0113ku. <\/p>\n<p><strong>K\u0101p\u0113c izv\u0113l\u0113ties:<\/strong> <br \/>\u2714\ufe0f Intens\u012bva mitrin\u0101\u0161ana bez silikoniem<br \/>\u2714\ufe0f Uzlabo matu elast\u012bbu un iztur\u012bbu pret l\u016b\u0161anu.<br \/>\u2714\ufe0f Piem\u0113rots visiem matu tipiem, tostarp kr\u0101sotiem matiem. <br \/>\u2714\ufe0f Veg\u0101ns un dermatolo\u0123iski test\u0113ts<\/p>","protected":false},"featured_media":35432,"comment_status":"open","ping_status":"closed","template":"","meta":{"_acf_changed":true},"product_brand":[453],"product_cat":[92,500,304,306],"product_tag":[],"class_list":{"0":"post-35426","1":"product","2":"type-product","3":"status-publish","4":"has-post-thumbnail","6":"product_brand-scandinavian-biolabs","7":"product_cat-groziui","8":"product_cat-outlet","9":"product_cat-plaukams","10":"product_cat-plauku-kaukes","12":"first","13":"instock","14":"sale","15":"shipping-taxable","16":"purchasable","17":"product-type-simple"},"acf":[],"tiered_pricing_type":"fixed","tiered_pricing_fixed_rules":[],"tiered_pricing_product_settings":{"layout":"default","base_unit_name":{"singular":null,"plural":null},"default_variation":null},"tiered_pricing_minimum_quantity":null,"tiered_pricing_roles_data":[],"tiered_pricing_percentage_rules":[],"_links":{"self":[{"href":"https:\/\/purama.lt\/lv\/wp-json\/wp\/v2\/product\/35426","targetHints":{"allow":["GET"]}}],"collection":[{"href":"https:\/\/purama.lt\/lv\/wp-json\/wp\/v2\/product"}],"about":[{"href":"https:\/\/purama.lt\/lv\/wp-json\/wp\/v2\/types\/product"}],"replies":[{"embeddable":true,"href":"https:\/\/purama.lt\/lv\/wp-json\/wp\/v2\/comments?post=35426"}],"wp:featuredmedia":[{"embeddable":true,"href":"https:\/\/purama.lt\/lv\/wp-json\/wp\/v2\/media\/35432"}],"wp:attachment":[{"href":"https:\/\/purama.lt\/lv\/wp-json\/wp\/v2\/media?parent=35426"}],"wp:term":[{"taxonomy":"product_brand","embeddable":true,"href":"https:\/\/purama.lt\/lv\/wp-json\/wp\/v2\/product_brand?post=35426"},{"taxonomy":"product_cat","embeddable":true,"href":"https:\/\/purama.lt\/lv\/wp-json\/wp\/v2\/product_cat?post=35426"},{"taxonomy":"product_tag","embeddable":true,"href":"https:\/\/purama.lt\/lv\/wp-json\/wp\/v2\/product_tag?post=35426"}],"curies":[{"name":"wp","href":"https:\/\/api.w.org\/{rel}","templated":true}]}}