{"id":35423,"date":"2025-06-04T11:17:41","date_gmt":"2025-06-04T11:17:41","guid":{"rendered":"https:\/\/purama.lt\/produktas\/scandinavian-biolabs-galvos-odos-aktyvinimo-volelis\/"},"modified":"2026-04-14T09:42:00","modified_gmt":"2026-04-14T07:42:00","slug":"scandinavian-biolabs-galvas-adas-aktivizacijas-rullitis","status":"publish","type":"product","link":"https:\/\/purama.lt\/lv\/produktas\/scandinavian-biolabs-galvos-odos-aktyvinimo-volelis\/","title":{"rendered":"Scandinavian Biolabs Scalp Activation Derma Roller galvas \u0101das aktiviz\u0113\u0161anas rull\u012btis"},"content":{"rendered":"<p><strong>Lieto\u0161ana:<\/strong><br>Lietojiet 1-3 reizes ned\u0113\u013c\u0101 uz t\u012bras, sausas galvas \u0101das. Maigi ripiniet rull\u012bti turp un atpaka\u013c vair\u0101kos virzienos (horizont\u0101li, vertik\u0101li un pa diagon\u0101li). P\u0113c proced\u016bras var uzkl\u0101t serumu.<\/p>\n\n\n\n<p><strong>Sast\u0101vda\u013cas:<\/strong><br>Tit\u0101na mikro\u0161\u013circes (0,5 mm), plastmasas rull\u012b\u0161a korpuss (nesatur BPA), ner\u016bs\u0113jo\u0161\u0101 t\u0113rauda ass.<\/p>","protected":false},"excerpt":{"rendered":"<p><strong>Tas ir mikro\u0161\u0137iedru rull\u012btis, kas \u012bpa\u0161i izstr\u0101d\u0101ts, lai uzlabotu galvas \u0101das asinsriti, stimul\u0113tu kolag\u0113na sint\u0113zi un palielin\u0101tu matu kop\u0161anas l\u012bdzek\u013cu uzs\u016bk\u0161anos.<\/strong> Rull\u012bt\u012b iestr\u0101d\u0101t\u0101s 540 tit\u0101na mikro\u0161\u0137iedras (0,5 mm) maigi stimul\u0113 \u0101du, neradot s\u0101pes, bet aktiviz\u0113jot re\u0123ener\u0101cijas procesus. Regul\u0101ri lietojot, tas var uzlabot matu aug\u0161anas rezult\u0101tu efektivit\u0101ti, \u012bpa\u0161i kombin\u0101cij\u0101 ar Bio-Pilixin serumiem. <\/p>\n<p><strong>K\u0101p\u0113c izv\u0113l\u0113ties:<br \/><\/strong> \u2714\ufe0f Palielina akt\u012bvo vielu uzs\u016bk\u0161anos<br \/>\u2714\ufe0f Uzlabo galvas \u0101das asinsriti un re\u0123ener\u0101ciju.<br \/>\u2714\ufe0f Izgatavots no tit\u0101na - iztur\u012bgs un hipoaler\u0123isks.<br \/>\u2714\ufe0f Piem\u0113rots gan v\u012brie\u0161iem, gan sieviet\u0113m<\/p>","protected":false},"featured_media":35441,"comment_status":"open","ping_status":"closed","template":"","meta":{"_acf_changed":false},"product_brand":[453],"product_cat":[92,57,304],"product_tag":[],"class_list":{"0":"post-35423","1":"product","2":"type-product","3":"status-publish","4":"has-post-thumbnail","6":"product_brand-scandinavian-biolabs","7":"product_cat-groziui","8":"product_cat-akcijos","9":"product_cat-plaukams","11":"first","12":"instock","13":"sale","14":"shipping-taxable","15":"purchasable","16":"product-type-simple"},"acf":[],"tiered_pricing_type":"fixed","tiered_pricing_fixed_rules":[],"tiered_pricing_product_settings":{"layout":"default","base_unit_name":{"singular":null,"plural":null},"default_variation":null},"tiered_pricing_minimum_quantity":null,"tiered_pricing_roles_data":[],"tiered_pricing_percentage_rules":[],"_links":{"self":[{"href":"https:\/\/purama.lt\/lv\/wp-json\/wp\/v2\/product\/35423","targetHints":{"allow":["GET"]}}],"collection":[{"href":"https:\/\/purama.lt\/lv\/wp-json\/wp\/v2\/product"}],"about":[{"href":"https:\/\/purama.lt\/lv\/wp-json\/wp\/v2\/types\/product"}],"replies":[{"embeddable":true,"href":"https:\/\/purama.lt\/lv\/wp-json\/wp\/v2\/comments?post=35423"}],"wp:featuredmedia":[{"embeddable":true,"href":"https:\/\/purama.lt\/lv\/wp-json\/wp\/v2\/media\/35441"}],"wp:attachment":[{"href":"https:\/\/purama.lt\/lv\/wp-json\/wp\/v2\/media?parent=35423"}],"wp:term":[{"taxonomy":"product_brand","embeddable":true,"href":"https:\/\/purama.lt\/lv\/wp-json\/wp\/v2\/product_brand?post=35423"},{"taxonomy":"product_cat","embeddable":true,"href":"https:\/\/purama.lt\/lv\/wp-json\/wp\/v2\/product_cat?post=35423"},{"taxonomy":"product_tag","embeddable":true,"href":"https:\/\/purama.lt\/lv\/wp-json\/wp\/v2\/product_tag?post=35423"}],"curies":[{"name":"wp","href":"https:\/\/api.w.org\/{rel}","templated":true}]}}