{"id":35422,"date":"2025-06-04T11:17:38","date_gmt":"2025-06-04T11:17:38","guid":{"rendered":"https:\/\/purama.lt\/produktas\/scandinavian-biolabs-plauku-maistines-tabletes\/"},"modified":"2026-04-13T15:53:40","modified_gmt":"2026-04-13T13:53:40","slug":"scandinavian-biolabs-matu-uztura-tabletes","status":"publish","type":"product","link":"https:\/\/purama.lt\/lv\/produktas\/scandinavian-biolabs-plauku-maistines-tabletes\/","title":{"rendered":"Scandinavian Biolabs Hair Nutrient Tablets uztura bag\u0101tin\u0101t\u0101js matiem"},"content":{"rendered":"<p><strong>Lieto\u0161ana:<\/strong><br>Lietojiet 2 tabletes dien\u0101, uzdzerot gl\u0101zi \u016bdens. Ieteicams lietot vismaz 3 m\u0113ne\u0161us bez p\u0101rtraukuma.<\/p>\n\n\n\n<p><strong>Sast\u0101vda\u013cas:<\/strong><br>\u0100bolu ekstrakts, \u012bzopa ekstrakts, cinks, B6 vitam\u012bns, biot\u012bns, C vitam\u012bns, pantot\u0113nsk\u0101be, folsk\u0101be, B12 vitam\u012bns, mikroelementi, augu stabilizatori.<\/p>","protected":false},"excerpt":{"rendered":"<p><strong>Scandinavian Biolabs matu bar\u012bbas tabletes, <\/strong>\u0160\u012bs matu uztura tabletes ir izstr\u0101d\u0101tas, lai atbalst\u012btu dabisko matu aug\u0161anas f\u0101zi, samazin\u0101tu matu izkri\u0161anu un stiprin\u0101tu matus no iek\u0161puses. Sast\u0101vs ir r\u016bp\u012bgi sabalans\u0113ts ar vitam\u012bniem, miner\u0101lviel\u0101m un augu ekstraktiem, tostarp \u0101bolu ekstraktu, cinku, biot\u012bnu un B grupas vitam\u012bniem. Tie veicina olbaltumvielu sint\u0113zi kerat\u012bna, kas ir b\u016btiska matu strukt\u016bras sast\u0101vda\u013ca, ra\u017eo\u0161anai. Piem\u0113rots gan v\u012brie\u0161iem, gan sieviet\u0113m. <\/p>\n<p><strong>K\u0101p\u0113c izv\u0113l\u0113ties:<br \/><\/strong> \u2714\ufe0f Papildin\u0101jumi matu kop\u0161anai no iek\u0161puses<br \/>\u2714\ufe0f Nesatur m\u0101ksl\u012bg\u0101s kr\u0101svielas un konservantus.<br \/>\u2714\ufe0f Piem\u0113rots veg\u0101niem un ve\u0123et\u0101rie\u0161iem<br \/>\u2714\ufe0f Izstr\u0101d\u0101ts sadarb\u012bb\u0101 ar zin\u0101tniekiem un dermatologiem.<\/p>","protected":false},"featured_media":35431,"comment_status":"open","ping_status":"closed","template":"","meta":{"_acf_changed":false},"product_brand":[453],"product_cat":[123,57,273,274,275],"product_tag":[],"class_list":{"0":"post-35422","1":"product","2":"type-product","3":"status-publish","4":"has-post-thumbnail","6":"product_brand-scandinavian-biolabs","7":"product_cat-papildai-ilgaamziskumui","8":"product_cat-akcijos","9":"product_cat-odai-plaukams-nagams","10":"product_cat-odos-jaunyste","11":"product_cat-plauku-ir-nagu-prieziura","13":"first","14":"instock","15":"sale","16":"shipping-taxable","17":"purchasable","18":"product-type-simple"},"acf":[],"tiered_pricing_type":"fixed","tiered_pricing_fixed_rules":[],"tiered_pricing_product_settings":{"layout":"default","base_unit_name":{"singular":null,"plural":null},"default_variation":null},"tiered_pricing_minimum_quantity":null,"tiered_pricing_roles_data":[],"tiered_pricing_percentage_rules":[],"_links":{"self":[{"href":"https:\/\/purama.lt\/lv\/wp-json\/wp\/v2\/product\/35422","targetHints":{"allow":["GET"]}}],"collection":[{"href":"https:\/\/purama.lt\/lv\/wp-json\/wp\/v2\/product"}],"about":[{"href":"https:\/\/purama.lt\/lv\/wp-json\/wp\/v2\/types\/product"}],"replies":[{"embeddable":true,"href":"https:\/\/purama.lt\/lv\/wp-json\/wp\/v2\/comments?post=35422"}],"wp:featuredmedia":[{"embeddable":true,"href":"https:\/\/purama.lt\/lv\/wp-json\/wp\/v2\/media\/35431"}],"wp:attachment":[{"href":"https:\/\/purama.lt\/lv\/wp-json\/wp\/v2\/media?parent=35422"}],"wp:term":[{"taxonomy":"product_brand","embeddable":true,"href":"https:\/\/purama.lt\/lv\/wp-json\/wp\/v2\/product_brand?post=35422"},{"taxonomy":"product_cat","embeddable":true,"href":"https:\/\/purama.lt\/lv\/wp-json\/wp\/v2\/product_cat?post=35422"},{"taxonomy":"product_tag","embeddable":true,"href":"https:\/\/purama.lt\/lv\/wp-json\/wp\/v2\/product_tag?post=35422"}],"curies":[{"name":"wp","href":"https:\/\/api.w.org\/{rel}","templated":true}]}}