{"id":35421,"date":"2025-06-04T11:17:35","date_gmt":"2025-06-04T11:17:35","guid":{"rendered":"https:\/\/purama.lt\/produktas\/scandinavian-biolabs-plauku-apsaugos-aliejus\/"},"modified":"2026-04-14T09:42:00","modified_gmt":"2026-04-14T07:42:00","slug":"scandinavian-biolabs-matu-aizsardzibas-ella","status":"publish","type":"product","link":"https:\/\/purama.lt\/lv\/produktas\/scandinavian-biolabs-plauku-apsaugos-aliejus\/","title":{"rendered":"Scandinavian Biolabs Hair Protection Oil matu e\u013c\u013ca"},"content":{"rendered":"<p><strong>Lieto\u0161ana:<\/strong><br>Ielieciet 1-3 pilienus e\u013c\u013cas plaukst\u0101 un izsm\u0113r\u0113jiet uz mitriem vai sausiem matiem, \u012bpa\u0161i uz matu galiem. Neizskalojiet.<\/p>\n\n\n\n<p><strong>Sast\u0101vda\u013cas:<\/strong><br>argana e\u013c\u013ca, Crambe Abyssinica s\u0113klu e\u013c\u013ca, tokoferols (E vitam\u012bns), nemaponiz\u0113ti ol\u012bvu ekstrakti, dab\u012bgie esteri.<\/p>\n\n\n\n<p>Atkl\u0101jiet vair\u0101k Scandinavian Biolabs produktu - <a href=\"https:\/\/purama.lt\/lv\/produktu-etiketes\/scandinavian-biolabs\/\">apskatiet pilnu kl\u0101stu<\/a>.<\/p>","protected":false},"excerpt":{"rendered":"<p><strong>Scandinavian Biolabs matu aizsardz\u012bbas e\u013c\u013ca,<\/strong> 100% ir dabiska matu e\u013c\u013ca, kas izstr\u0101d\u0101ta, lai aizsarg\u0101tu matus no ikdienas vides, karstuma un sausuma iedarb\u012bbas. T\u0101s maig\u0101, nelip\u012bg\u0101 tekst\u016bra \u0101tri ies\u016bcas, nepadarot matus smagus. Argana un Abes\u012bnijas s\u0113klu e\u013c\u013cas kop\u0101 ar E vitam\u012bnu atjauno dabisko sp\u012bdumu, stiprina matu galus un samazina matu izkri\u0161anu. <\/p>\n<p><strong>K\u0101p\u0113c izv\u0113l\u0113ties:<br \/><\/strong> \u2714\ufe0f Nesatur silikonus, parab\u0113nus un m\u0101ksl\u012bg\u0101s smar\u017evielas.<br \/>\u2714\ufe0f Daudzpus\u012bgs - piem\u0113rots priek\u0161\u017e\u0101v\u0113\u0161anai vai k\u0101 apdare.<br \/>\u2714\ufe0f Baro un aizsarg\u0101 bez taukainiem atlikumiem.<br \/>\u2714\ufe0f Dermatologu p\u0101rbaud\u012bts - dro\u0161s pat jut\u012bgai galvas \u0101dai.<\/p>","protected":false},"featured_media":35435,"comment_status":"open","ping_status":"closed","template":"","meta":{"_acf_changed":true},"product_brand":[453],"product_cat":[92,500,304],"product_tag":[],"class_list":{"0":"post-35421","1":"product","2":"type-product","3":"status-publish","4":"has-post-thumbnail","6":"product_brand-scandinavian-biolabs","7":"product_cat-groziui","8":"product_cat-outlet","9":"product_cat-plaukams","11":"first","12":"instock","13":"sale","14":"shipping-taxable","15":"purchasable","16":"product-type-simple"},"acf":[],"tiered_pricing_type":"fixed","tiered_pricing_fixed_rules":[],"tiered_pricing_product_settings":{"layout":"default","base_unit_name":{"singular":null,"plural":null},"default_variation":null},"tiered_pricing_minimum_quantity":null,"tiered_pricing_roles_data":[],"tiered_pricing_percentage_rules":[],"_links":{"self":[{"href":"https:\/\/purama.lt\/lv\/wp-json\/wp\/v2\/product\/35421","targetHints":{"allow":["GET"]}}],"collection":[{"href":"https:\/\/purama.lt\/lv\/wp-json\/wp\/v2\/product"}],"about":[{"href":"https:\/\/purama.lt\/lv\/wp-json\/wp\/v2\/types\/product"}],"replies":[{"embeddable":true,"href":"https:\/\/purama.lt\/lv\/wp-json\/wp\/v2\/comments?post=35421"}],"wp:featuredmedia":[{"embeddable":true,"href":"https:\/\/purama.lt\/lv\/wp-json\/wp\/v2\/media\/35435"}],"wp:attachment":[{"href":"https:\/\/purama.lt\/lv\/wp-json\/wp\/v2\/media?parent=35421"}],"wp:term":[{"taxonomy":"product_brand","embeddable":true,"href":"https:\/\/purama.lt\/lv\/wp-json\/wp\/v2\/product_brand?post=35421"},{"taxonomy":"product_cat","embeddable":true,"href":"https:\/\/purama.lt\/lv\/wp-json\/wp\/v2\/product_cat?post=35421"},{"taxonomy":"product_tag","embeddable":true,"href":"https:\/\/purama.lt\/lv\/wp-json\/wp\/v2\/product_tag?post=35421"}],"curies":[{"name":"wp","href":"https:\/\/api.w.org\/{rel}","templated":true}]}}