{"id":35420,"date":"2025-06-04T11:17:31","date_gmt":"2025-06-04T11:17:31","guid":{"rendered":"https:\/\/purama.lt\/produktas\/scandinavian-biolabs-blakstienu-auginimo-serumas\/"},"modified":"2026-04-13T15:51:12","modified_gmt":"2026-04-13T13:51:12","slug":"scandinavian-biolabs-skandinavu-skropstu-augsanas-serums","status":"publish","type":"product","link":"https:\/\/purama.lt\/lv\/produktas\/scandinavian-biolabs-blakstienu-auginimo-serumas\/","title":{"rendered":"Scandinavian Biolabs Bio-Pilixin skropstu aug\u0161anas serums skropstu aug\u0161anas serums"},"content":{"rendered":"<p><strong>Lieto\u0161ana:<\/strong><br>Nelielu seruma daudzumu uzkl\u0101jiet uz t\u012briem skropstu sakne\u0146iem (k\u0101 acu laineri) vienu reizi dien\u0101 - pirms gul\u0113tie\u0161anas.<\/p>\n\n\n\n<p><strong>Sast\u0101vda\u013cas:<\/strong><br>Biotinoil tripept\u012bds-1, miristostil pentapept\u012bds-17, biot\u012bns, pantenols, aminosk\u0101bes, hialuronsk\u0101be, dab\u012bgie mitrin\u0101t\u0101ji.<\/p>\n\n\n\n<p>Atkl\u0101jiet vair\u0101k Scandinavian Biolabs produktu - <a href=\"https:\/\/purama.lt\/lv\/produktu-etiketes\/scandinavian-biolabs\/\">apskatiet pilnu kl\u0101stu<\/a>.<\/p>","protected":false},"excerpt":{"rendered":"<p><strong>Scandinavian Biolabs Bio-Pilixin skropstu aug\u0161anas serums -<\/strong>\u00a0Unik\u0101ls produkts, kas stimul\u0113 dabisko skropstu aug\u0161anu un palielina to sp\u0113ku. Formula ir bag\u0101tin\u0101ta ar biomim\u0113tiskiem pept\u012bdiem un biot\u012bnu, kas tie\u0161i iedarbojas uz matu folikuliem, pagarinot to aug\u0161anas f\u0101zi. Pantenols un aminosk\u0101bes nodro\u0161ina skropstu elast\u012bbu un elast\u012bbu, padarot t\u0101s biez\u0101kas un maz\u0101k l\u016bsto\u0161as. <\/p>\n<p><strong>K\u0101p\u0113c izv\u0113l\u0113ties:<br \/><\/strong> \u2714\ufe0f Rezult\u0101ti ir redzami 4-6 ned\u0113\u013cu laik\u0101<br \/>\u2714\ufe0f Piem\u0113rots pat jut\u012bg\u0101m ac\u012bm, bez smar\u017eviel\u0101m.<br \/>\u2714\ufe0f Neizmanto hormonus vai prostagland\u012bnus.<br \/>\u2714\ufe0f Dermatolo\u0123iski un oftalmolo\u0123iski apstiprin\u0101ts.<\/p>","protected":false},"featured_media":35428,"comment_status":"open","ping_status":"closed","template":"","meta":{"_acf_changed":true},"product_brand":[453],"product_cat":[92,57,56,59],"product_tag":[],"class_list":{"0":"post-35420","1":"product","2":"type-product","3":"status-publish","4":"has-post-thumbnail","6":"product_brand-scandinavian-biolabs","7":"product_cat-groziui","8":"product_cat-akcijos","9":"product_cat-veido-serumai","10":"product_cat-veidui","12":"first","13":"instock","14":"sale","15":"shipping-taxable","16":"purchasable","17":"product-type-simple"},"acf":[],"tiered_pricing_type":"fixed","tiered_pricing_fixed_rules":[],"tiered_pricing_product_settings":{"layout":"default","base_unit_name":{"singular":null,"plural":null},"default_variation":null},"tiered_pricing_minimum_quantity":null,"tiered_pricing_roles_data":[],"tiered_pricing_percentage_rules":[],"_links":{"self":[{"href":"https:\/\/purama.lt\/lv\/wp-json\/wp\/v2\/product\/35420","targetHints":{"allow":["GET"]}}],"collection":[{"href":"https:\/\/purama.lt\/lv\/wp-json\/wp\/v2\/product"}],"about":[{"href":"https:\/\/purama.lt\/lv\/wp-json\/wp\/v2\/types\/product"}],"replies":[{"embeddable":true,"href":"https:\/\/purama.lt\/lv\/wp-json\/wp\/v2\/comments?post=35420"}],"wp:featuredmedia":[{"embeddable":true,"href":"https:\/\/purama.lt\/lv\/wp-json\/wp\/v2\/media\/35428"}],"wp:attachment":[{"href":"https:\/\/purama.lt\/lv\/wp-json\/wp\/v2\/media?parent=35420"}],"wp:term":[{"taxonomy":"product_brand","embeddable":true,"href":"https:\/\/purama.lt\/lv\/wp-json\/wp\/v2\/product_brand?post=35420"},{"taxonomy":"product_cat","embeddable":true,"href":"https:\/\/purama.lt\/lv\/wp-json\/wp\/v2\/product_cat?post=35420"},{"taxonomy":"product_tag","embeddable":true,"href":"https:\/\/purama.lt\/lv\/wp-json\/wp\/v2\/product_tag?post=35420"}],"curies":[{"name":"wp","href":"https:\/\/api.w.org\/{rel}","templated":true}]}}