{"id":35419,"date":"2025-06-04T11:17:28","date_gmt":"2025-06-04T11:17:28","guid":{"rendered":"https:\/\/purama.lt\/produktas\/scandinavian-biolabs-bio-pilixin-plauku-augimo-serumas-vyrams\/"},"modified":"2026-04-19T00:27:31","modified_gmt":"2026-04-18T22:27:31","slug":"scandinavian-biolabs-bio-pilixin-matu-augsanas-serums-viriesiem","status":"publish","type":"product","link":"https:\/\/purama.lt\/lv\/produktas\/scandinavian-biolabs-bio-pilixin-plauku-augimo-serumas-vyrams\/","title":{"rendered":"Scandinavian Biolabs Bio-Pilixin Activation Serum matu aug\u0161anas serums v\u012brie\u0161iem"},"content":{"rendered":"<p><strong>Lieto\u0161ana:<\/strong><br>1 pipeti reizi dien\u0101 - uzkl\u0101jiet uz sausas vai mitras galvas \u0101das, mas\u0113jiet 1-2 min\u016btes. Vismaz 3 stundas nemazg\u0101jiet galvas \u0101du.<br><br><strong>Sast\u0101vda\u013cas:<\/strong><br>Capilia Longa\u00ae, kofe\u012bns, pantenols, niacinam\u012bds, cinka PCA, argin\u012bns, eikalipta lapu e\u013c\u013ca.<\/p>","protected":false},"excerpt":{"rendered":"<p><strong>Scandinavian Biolabs Bio-Pilixin aktiviz\u0113jo\u0161ais serums. <\/strong>\u0160is serums, kas izstr\u0101d\u0101ts \u012bpa\u0161i v\u012brie\u0161u galvas \u0101das vajadz\u012bb\u0101m, aktiviz\u0113 neakt\u012bvos matu folikulus, stiprina to strukt\u016bru un pal\u012bdz samazin\u0101t \u0123en\u0113tisku vai stresa izrais\u012btu matu izkri\u0161anu. T\u0101 pamat\u0101 ir Capilia Longa\u00ae komplekss un stiprino\u0161ais kofe\u012bns, kas iedarbojas tie\u0161i uz problem\u0101tiskaj\u0101m zon\u0101m (templiem, galvas \u0101du). Ide\u0101li piem\u0113rots gan profilaksei, gan redzamai matu retin\u0101\u0161anai. <\/p>\n<p><strong>K\u0101p\u0113c izv\u0113l\u0113ties:<br \/><\/strong> \u2714\ufe0f Darbojas tie\u0161i tur, kur tas ir nepiecie\u0161ams - v\u012brie\u0161iem rakstur\u012bg\u0101s jom\u0101s.<br \/>\u2714\ufe0f Nesatur kairin\u0101t\u0101jus, piem\u0113rots pat jut\u012bgai \u0101dai.<br \/>\u2714\ufe0f Dab\u012bga, kl\u012bniski p\u0101rbaud\u012bta formula<br \/>\u2714\ufe0f Rezult\u0101ti, kas sasniegti bez hormoniem vai blakuspar\u0101d\u012bb\u0101m<\/p>","protected":false},"featured_media":35440,"comment_status":"open","ping_status":"closed","template":"","meta":{"_acf_changed":false},"product_brand":[453],"product_cat":[92,57,304,305],"product_tag":[],"class_list":{"0":"post-35419","1":"product","2":"type-product","3":"status-publish","4":"has-post-thumbnail","6":"product_brand-scandinavian-biolabs","7":"product_cat-groziui","8":"product_cat-akcijos","9":"product_cat-plaukams","10":"product_cat-plauku-serumai","12":"first","13":"instock","14":"sale","15":"shipping-taxable","16":"purchasable","17":"product-type-simple"},"acf":[],"tiered_pricing_type":"fixed","tiered_pricing_fixed_rules":[],"tiered_pricing_product_settings":{"layout":"default","base_unit_name":{"singular":null,"plural":null},"default_variation":null},"tiered_pricing_minimum_quantity":null,"tiered_pricing_roles_data":[],"tiered_pricing_percentage_rules":[],"_links":{"self":[{"href":"https:\/\/purama.lt\/lv\/wp-json\/wp\/v2\/product\/35419","targetHints":{"allow":["GET"]}}],"collection":[{"href":"https:\/\/purama.lt\/lv\/wp-json\/wp\/v2\/product"}],"about":[{"href":"https:\/\/purama.lt\/lv\/wp-json\/wp\/v2\/types\/product"}],"replies":[{"embeddable":true,"href":"https:\/\/purama.lt\/lv\/wp-json\/wp\/v2\/comments?post=35419"}],"wp:featuredmedia":[{"embeddable":true,"href":"https:\/\/purama.lt\/lv\/wp-json\/wp\/v2\/media\/35440"}],"wp:attachment":[{"href":"https:\/\/purama.lt\/lv\/wp-json\/wp\/v2\/media?parent=35419"}],"wp:term":[{"taxonomy":"product_brand","embeddable":true,"href":"https:\/\/purama.lt\/lv\/wp-json\/wp\/v2\/product_brand?post=35419"},{"taxonomy":"product_cat","embeddable":true,"href":"https:\/\/purama.lt\/lv\/wp-json\/wp\/v2\/product_cat?post=35419"},{"taxonomy":"product_tag","embeddable":true,"href":"https:\/\/purama.lt\/lv\/wp-json\/wp\/v2\/product_tag?post=35419"}],"curies":[{"name":"wp","href":"https:\/\/api.w.org\/{rel}","templated":true}]}}