{"id":35418,"date":"2025-06-04T11:17:24","date_gmt":"2025-06-04T11:17:24","guid":{"rendered":"https:\/\/purama.lt\/produktas\/scandinavian-biolabs-bio-pilixin-plauku-augimo-serumas-moterims\/"},"modified":"2026-04-18T21:05:42","modified_gmt":"2026-04-18T19:05:42","slug":"scandinavian-biolabs-bio-pilixin-matu-augsanas-serums-sievietem","status":"publish","type":"product","link":"https:\/\/purama.lt\/lv\/produktas\/scandinavian-biolabs-bio-pilixin-plauku-augimo-serumas-moterims\/","title":{"rendered":"Scandinavian Biolabs Bio-Pilixin Activation Serum matu aug\u0161anas serums sieviet\u0113m"},"content":{"rendered":"<p><strong>Lieto\u0161ana:<\/strong><br>Ikdienas lieto\u0161anai. Uzkl\u0101jiet 2 pipetes seruma uz t\u012bras galvas \u0101das, vienm\u0113r\u012bgi izklied\u0113jiet un viegli iemas\u0113jiet. Neskalojiet.<br><br><strong>Sast\u0101vda\u013cas:<\/strong><br>Capilia Longa\u00ae (kurkuma ekstrakts), kofe\u012bns, niacinam\u012bds, pantenols, cinka PCA, eikalipta e\u013c\u013ca, argin\u012bns, dab\u012bgie m\u012bkstino\u0161ie l\u012bdzek\u013ci.<br><br>Atkl\u0101jiet vair\u0101k Scandinavian Biolabs produktu - <a href=\"https:\/\/purama.lt\/lv\/produktu-etiketes\/scandinavian-biolabs\/\">apskatiet pilnu kl\u0101stu<\/a>.<\/p>","protected":false},"excerpt":{"rendered":"<p><strong>Scandinavian Biolabs Bio-Pilixin aktiviz\u0113jo\u0161ais serums. <\/strong>\u0160is inovat\u012bvais serums ir \u012bpa\u0161i izstr\u0101d\u0101ts sieviet\u0113m, kuras saskaras ar agr\u012bnu vai hronisku matu izkri\u0161anu. Tas stimul\u0113 galvas \u0101du, veicina matu folikulu aktivit\u0101ti un pal\u012bdz atjaunot dabisko matu apjomu. Formula izmanto patent\u0113tus aug\u0161anas faktorus, piem\u0113ram, Capilia Longa\u00ae, un kofe\u012bnu, kas darbojas siner\u0123iski, uzlabojot asins cirkul\u0101ciju un stiprinot matu saknes. Rezult\u0101ts ir biez\u0101ki, vesel\u012bg\u0101ki un iztur\u012bg\u0101ki mati bez hormon\u0101l\u0101m vai sint\u0113tisk\u0101m piedev\u0101m. <\/p>\n<p><strong>K\u0101p\u0113c izv\u0113l\u0113ties:<br \/><\/strong> \u2714\ufe0f Kl\u012bniski p\u0101rbaud\u012bts - rezult\u0101ti redzami 150 dienu laik\u0101.<br \/>\u2714\ufe0f Hormonu un z\u0101\u013cu nesaturo\u0161a formula<br \/>\u2714\ufe0f Piem\u0113rots visiem \u0101das tipiem, tostarp jut\u012bgai \u0101dai.<br \/>\u2714\ufe0f Savietojam\u012bba ar citiem Biolabs produktiem<\/p>","protected":false},"featured_media":35439,"comment_status":"open","ping_status":"closed","template":"","meta":{"_acf_changed":false},"product_brand":[453],"product_cat":[92,57,304,305],"product_tag":[],"class_list":{"0":"post-35418","1":"product","2":"type-product","3":"status-publish","4":"has-post-thumbnail","6":"product_brand-scandinavian-biolabs","7":"product_cat-groziui","8":"product_cat-akcijos","9":"product_cat-plaukams","10":"product_cat-plauku-serumai","12":"first","13":"instock","14":"sale","15":"shipping-taxable","16":"purchasable","17":"product-type-simple"},"acf":[],"tiered_pricing_type":"fixed","tiered_pricing_fixed_rules":[],"tiered_pricing_product_settings":{"layout":"default","base_unit_name":{"singular":null,"plural":null},"default_variation":null},"tiered_pricing_minimum_quantity":null,"tiered_pricing_roles_data":[],"tiered_pricing_percentage_rules":[],"_links":{"self":[{"href":"https:\/\/purama.lt\/lv\/wp-json\/wp\/v2\/product\/35418","targetHints":{"allow":["GET"]}}],"collection":[{"href":"https:\/\/purama.lt\/lv\/wp-json\/wp\/v2\/product"}],"about":[{"href":"https:\/\/purama.lt\/lv\/wp-json\/wp\/v2\/types\/product"}],"replies":[{"embeddable":true,"href":"https:\/\/purama.lt\/lv\/wp-json\/wp\/v2\/comments?post=35418"}],"wp:featuredmedia":[{"embeddable":true,"href":"https:\/\/purama.lt\/lv\/wp-json\/wp\/v2\/media\/35439"}],"wp:attachment":[{"href":"https:\/\/purama.lt\/lv\/wp-json\/wp\/v2\/media?parent=35418"}],"wp:term":[{"taxonomy":"product_brand","embeddable":true,"href":"https:\/\/purama.lt\/lv\/wp-json\/wp\/v2\/product_brand?post=35418"},{"taxonomy":"product_cat","embeddable":true,"href":"https:\/\/purama.lt\/lv\/wp-json\/wp\/v2\/product_cat?post=35418"},{"taxonomy":"product_tag","embeddable":true,"href":"https:\/\/purama.lt\/lv\/wp-json\/wp\/v2\/product_tag?post=35418"}],"curies":[{"name":"wp","href":"https:\/\/api.w.org\/{rel}","templated":true}]}}