{"id":35416,"date":"2025-06-04T11:17:14","date_gmt":"2025-06-04T11:17:14","guid":{"rendered":"https:\/\/purama.lt\/produktas\/nokobi-raudonos-sviesos-terapijos-itvaras-keliui\/"},"modified":"2026-04-08T09:54:15","modified_gmt":"2026-04-08T07:54:15","slug":"nokobi-sarkanas-gaismas-terapija-celgalam","status":"publish","type":"product","link":"https:\/\/purama.lt\/lv\/produktas\/nokobi-raudonos-sviesos-terapijos-itvaras-keliui\/","title":{"rendered":"Nokobi sarkan\u0101s gaismas terapijas ce\u013ca spilventi\u0146\u0161"},"content":{"rendered":"<p><strong>Lieto\u0161ana:<\/strong><\/p>\n\n\n\n<p>Uzlieciet \u0161inu uz t\u012bras, sausas ce\u013ca loc\u012btavas vietas.<\/p>\n\n\n\n<p>Iesl\u0113dziet terapijas re\u017e\u012bmu un izmantojiet 20-30 min\u016btes.<\/p>\n\n\n\n<p>Var lietot katru dienu vai p\u0113c piepras\u012bjuma.<\/p>\n\n\n\n<p>Ieteicams to apvienot ar fizioterapijas vingrin\u0101jumiem vai \u0101rsta konsult\u0101ciju.<\/p>\n\n\n\n<p><strong>Ieguvumi:<\/strong><\/p>\n\n\n\n<p>mazina iekaisumu un s\u0101pes;<\/p>\n\n\n\n<p>Veicina audu re\u0123ener\u0101ciju un dz\u012b\u0161anu;<\/p>\n\n\n\n<p>Uzlabo asinsriti un mazina musku\u013cu sasprindzin\u0101jumu;<\/p>\n\n\n\n<p>Viegls un viegli lietojams.<\/p>","protected":false},"excerpt":{"rendered":"<p><strong>Nokobi sarkan\u0101s gaismas terapijas ce\u013ca spilventi\u0146\u0161<\/strong> - moderns rehabilit\u0101cijas l\u012bdzeklis, kas izmanto sarkan\u0101s gaismas terapiju (LED tehnolo\u0123ija), lai mazin\u0101tu s\u0101pes, mazin\u0101tu iekaisumu un atjaunotu audus. \u0160\u012b spuldz\u012bte sasilda un stimul\u0113 asinsriti, veicina kolag\u0113na veido\u0161anos un pal\u012bdz \u0101tr\u0101k atg\u016bties p\u0113c traum\u0101m vai loc\u012btavu s\u0101p\u0113m. <\/p>\n<p><strong>K\u0101p\u0113c izv\u0113l\u0113ties Nokobi sarkan\u0101s gaismas terapijas breketes?<br \/><\/strong> \u2714 Inovat\u012bva sarkan\u0101s gaismas tehnolo\u0123ija m\u0101jas \u0101rst\u0113\u0161anai<br \/>\u2714 Lieliska pal\u012bdz\u012bba p\u0113c traum\u0101m un hronisk\u0101m s\u0101p\u0113m<br \/>\u2714 Regul\u0113jama intensit\u0101te un vienk\u0101r\u0161a darb\u012bba<br \/>\u2714 Ergonomisks dizains \u0113rtai n\u0113s\u0101\u0161anai<\/p>\n<p><strong>PIEG\u0100DES LAIKS VAR B\u016aT NO 10 L\u012aDZ 14 DARBA DIEN\u0100M.<\/strong><\/p>","protected":false},"featured_media":35436,"comment_status":"open","ping_status":"closed","template":"","meta":{"_acf_changed":false},"product_brand":[443],"product_cat":[282,96,283],"product_tag":[],"class_list":{"0":"post-35416","1":"product","2":"type-product","3":"status-publish","4":"has-post-thumbnail","6":"product_brand-nokobi","7":"product_cat-longevity-prietaisai","8":"product_cat-led-terapija","9":"product_cat-sveikatingumo-prietaisai","11":"first","12":"instock","13":"shipping-taxable","14":"purchasable","15":"product-type-simple"},"acf":[],"tiered_pricing_type":"fixed","tiered_pricing_fixed_rules":[],"tiered_pricing_product_settings":{"layout":"default","base_unit_name":{"singular":null,"plural":null},"default_variation":null},"tiered_pricing_minimum_quantity":null,"tiered_pricing_roles_data":[],"tiered_pricing_percentage_rules":[],"_links":{"self":[{"href":"https:\/\/purama.lt\/lv\/wp-json\/wp\/v2\/product\/35416","targetHints":{"allow":["GET"]}}],"collection":[{"href":"https:\/\/purama.lt\/lv\/wp-json\/wp\/v2\/product"}],"about":[{"href":"https:\/\/purama.lt\/lv\/wp-json\/wp\/v2\/types\/product"}],"replies":[{"embeddable":true,"href":"https:\/\/purama.lt\/lv\/wp-json\/wp\/v2\/comments?post=35416"}],"wp:featuredmedia":[{"embeddable":true,"href":"https:\/\/purama.lt\/lv\/wp-json\/wp\/v2\/media\/35436"}],"wp:attachment":[{"href":"https:\/\/purama.lt\/lv\/wp-json\/wp\/v2\/media?parent=35416"}],"wp:term":[{"taxonomy":"product_brand","embeddable":true,"href":"https:\/\/purama.lt\/lv\/wp-json\/wp\/v2\/product_brand?post=35416"},{"taxonomy":"product_cat","embeddable":true,"href":"https:\/\/purama.lt\/lv\/wp-json\/wp\/v2\/product_cat?post=35416"},{"taxonomy":"product_tag","embeddable":true,"href":"https:\/\/purama.lt\/lv\/wp-json\/wp\/v2\/product_tag?post=35416"}],"curies":[{"name":"wp","href":"https:\/\/api.w.org\/{rel}","templated":true}]}}