{"id":35415,"date":"2025-06-04T11:17:10","date_gmt":"2025-06-04T11:17:10","guid":{"rendered":"https:\/\/purama.lt\/produktas\/nokobi-advanced-hydra-h3-odos-atjauninimo-prietaisas-veidui\/"},"modified":"2026-04-08T09:54:35","modified_gmt":"2026-04-08T07:54:35","slug":"nokobi-advanced-hydra-h3-sejas-adas-atjaunosanas-lidzeklis-sejai","status":"publish","type":"product","link":"https:\/\/purama.lt\/lv\/produktas\/nokobi-advanced-hydra-h3-odos-atjauninimo-prietaisas-veidui\/","title":{"rendered":"Nokobi Advanced Hydra H3 \u0101das atjauno\u0161anas l\u012bdzeklis sejai"},"content":{"rendered":"<p><strong>Lieto\u0161ana:<\/strong><\/p>\n\n\n\n<p>Not\u012briet seju un uzkl\u0101jiet produktu, kuru v\u0113laties, lai tas lab\u0101k uzs\u016bcas.<\/p>\n\n\n\n<p>Lietojiet ier\u012bci 10-15 min\u016btes, p\u0101rvietojot to pa seju.<\/p>\n\n\n\n<p>Proced\u016bru ieteicams veikt 3-4 reizes ned\u0113\u013c\u0101.<\/p>\n\n\n\n<p>P\u0113c lieto\u0161anas izmantojiet mitrino\u0161u kr\u0113mu vai serumu.<\/p>\n\n\n\n<p><strong>Ieguvumi:<\/strong><\/p>\n\n\n\n<p>Uzlabo \u0101das mitrin\u0101\u0161anu un baro\u0161anu;<\/p>\n\n\n\n<p>Nostiprina \u0101das strukt\u016bru un samazina grumbas;<\/p>\n\n\n\n<p>Veicina limfas dren\u0101\u017eu un \u0101das mirdzumu;<\/p>\n\n\n\n<p>Piem\u0113rots jut\u012bgai un novecojo\u0161ai \u0101dai.<\/p>","protected":false},"excerpt":{"rendered":"<p><strong>Nokobi Advanced Hydra H3 - inovat\u012bva ier\u012bce intens\u012bvai \u0101das atjauno\u0161anai un mitrin\u0101\u0161anai<\/strong>. T\u0101 apvieno ultraska\u0146as vibr\u0101ciju un maigu vakuumterapiju, lai uzlabotu asinsriti, stimul\u0113tu \u0161\u016bnu atjauno\u0161anos un palielin\u0101tu \u0101das elast\u012bbu. Ide\u0101li piem\u0113rots sausai, noguru\u0161ai un novecojo\u0161ai \u0101dai. <\/p>\n<p><strong>K\u0101p\u0113c izv\u0113l\u0113ties Nokobi Advanced Hydra H3?<br \/><\/strong> \u2714 Kombin\u0113t\u0101s ultraska\u0146as un vakuumterapijas tehnolo\u0123ijas<br \/>\u2714 Stimul\u0113 dabisko \u0101das atjauno\u0161anos<br \/>\u2714 Neinvaz\u012bva un dro\u0161a ikdienas apr\u016bpe<br \/>\u2714 Nodro\u0161ina \u0101trus un redzamus rezult\u0101tus<\/p>\n<p><strong>PIEG\u0100DES LAIKS VAR B\u016aT NO 10 L\u012aDZ 14 DARBA DIEN\u0100M.<\/strong><\/p>","protected":false},"featured_media":35442,"comment_status":"open","ping_status":"closed","template":"","meta":{"_acf_changed":false},"product_brand":[443],"product_cat":[282,288,283],"product_tag":[],"class_list":{"0":"post-35415","1":"product","2":"type-product","3":"status-publish","4":"has-post-thumbnail","6":"product_brand-nokobi","7":"product_cat-longevity-prietaisai","8":"product_cat-grozio-ir-odos-prieziura","9":"product_cat-sveikatingumo-prietaisai","11":"first","12":"instock","13":"shipping-taxable","14":"purchasable","15":"product-type-simple"},"acf":[],"tiered_pricing_type":"fixed","tiered_pricing_fixed_rules":[],"tiered_pricing_product_settings":{"layout":"default","base_unit_name":{"singular":null,"plural":null},"default_variation":null},"tiered_pricing_minimum_quantity":null,"tiered_pricing_roles_data":[],"tiered_pricing_percentage_rules":[],"_links":{"self":[{"href":"https:\/\/purama.lt\/lv\/wp-json\/wp\/v2\/product\/35415","targetHints":{"allow":["GET"]}}],"collection":[{"href":"https:\/\/purama.lt\/lv\/wp-json\/wp\/v2\/product"}],"about":[{"href":"https:\/\/purama.lt\/lv\/wp-json\/wp\/v2\/types\/product"}],"replies":[{"embeddable":true,"href":"https:\/\/purama.lt\/lv\/wp-json\/wp\/v2\/comments?post=35415"}],"wp:featuredmedia":[{"embeddable":true,"href":"https:\/\/purama.lt\/lv\/wp-json\/wp\/v2\/media\/35442"}],"wp:attachment":[{"href":"https:\/\/purama.lt\/lv\/wp-json\/wp\/v2\/media?parent=35415"}],"wp:term":[{"taxonomy":"product_brand","embeddable":true,"href":"https:\/\/purama.lt\/lv\/wp-json\/wp\/v2\/product_brand?post=35415"},{"taxonomy":"product_cat","embeddable":true,"href":"https:\/\/purama.lt\/lv\/wp-json\/wp\/v2\/product_cat?post=35415"},{"taxonomy":"product_tag","embeddable":true,"href":"https:\/\/purama.lt\/lv\/wp-json\/wp\/v2\/product_tag?post=35415"}],"curies":[{"name":"wp","href":"https:\/\/api.w.org\/{rel}","templated":true}]}}