{"id":35414,"date":"2025-06-04T11:17:08","date_gmt":"2025-06-04T11:17:08","guid":{"rendered":"https:\/\/purama.lt\/produktas\/nokobi-hydra-pen-h5-veido-atjauninimo-irenginys\/"},"modified":"2026-04-08T09:54:41","modified_gmt":"2026-04-08T07:54:41","slug":"nokobi-hydra-pen-h5-sejas-atjaunosanas-lidzeklis","status":"publish","type":"product","link":"https:\/\/purama.lt\/lv\/produktas\/nokobi-hydra-pen-h5-veido-atjauninimo-irenginys\/","title":{"rendered":"Nokobi Hydra Pen H5 sejas atjauno\u0161anas l\u012bdzeklis"},"content":{"rendered":"<p><strong>Lieto\u0161ana:<\/strong><\/p>\n\n\n\n<p>Not\u012briet seju un, ja nepiecie\u0161ams, uzkl\u0101jiet \u0101das kop\u0161anas serumu.<\/p>\n\n\n\n<p>Izv\u0113lieties vajadz\u012bgo re\u017e\u012bmu.<\/p>\n\n\n\n<p>Lietojiet ier\u012bci 10-15 min\u016btes 2-3 reizes ned\u0113\u013c\u0101.<\/p>\n\n\n\n<p>P\u0113c proced\u016bras izmantojiet mitrino\u0161u kr\u0113mu.<\/p>\n\n\n\n<p><strong>Ieguvumi:<\/strong><\/p>\n\n\n\n<p>Dzi\u013cas \u0101das mitrin\u0101\u0161anas tehnolo\u0123ija;<\/p>\n\n\n\n<p>Uzlabo akt\u012bvo vielu uzs\u016bk\u0161anos;<\/p>\n\n\n\n<p>Samazina grumbas un izl\u012bdzina \u0101das strukt\u016bru;<\/p>\n\n\n\n<p>Veicina \u0101das atjauno\u0161anos un mirdzumu.<\/p>","protected":false},"excerpt":{"rendered":"<p><strong>Nokobi Hydra Pen H5 - uzlabota sejas atjauno\u0161anas ier\u012bce dzi\u013cai \u0101das mitrin\u0101\u0161anai un baro\u0161anai<\/strong>. T\u0101 izmanto mikroinjekciju un ultraska\u0146as tehnolo\u0123iju, lai pal\u012bdz\u0113tu akt\u012bvaj\u0101m sast\u0101vda\u013c\u0101m iek\u013c\u016bt dzi\u013c\u0101k \u0101d\u0101. \u0160\u012b ier\u012bce efekt\u012bvi samazina grumbas, uzlabo \u0101das strukt\u016bru un pie\u0161\u0137ir jaun\u012bbas mirdzumu. <\/p>\n<p><strong>K\u0101p\u0113c izv\u0113l\u0113ties Nokobi Hydra Pen H5?<br \/><\/strong> \u2714 M\u016bsdien\u012bga bezadatu mikroinjekcijas tehnolo\u0123ija<br \/>\u2714 Piem\u0113rots da\u017e\u0101diem \u0101das tipiem un vajadz\u012bb\u0101m<br \/>\u2714 Uzlabo kosm\u0113tikas l\u012bdzek\u013cu efektivit\u0101ti<br \/>\u2714 Dro\u0161a, neinvaz\u012bva \u0101das kop\u0161anas proced\u016bra<\/p>\n<p><strong>PIEG\u0100DES LAIKS VAR B\u016aT NO 10 L\u012aDZ 14 DARBA DIEN\u0100M.<\/strong><\/p>","protected":false},"featured_media":35429,"comment_status":"open","ping_status":"closed","template":"","meta":{"_acf_changed":false},"product_brand":[443],"product_cat":[282,288,283],"product_tag":[],"class_list":{"0":"post-35414","1":"product","2":"type-product","3":"status-publish","4":"has-post-thumbnail","6":"product_brand-nokobi","7":"product_cat-longevity-prietaisai","8":"product_cat-grozio-ir-odos-prieziura","9":"product_cat-sveikatingumo-prietaisai","11":"first","12":"instock","13":"shipping-taxable","14":"purchasable","15":"product-type-simple"},"acf":[],"tiered_pricing_type":"fixed","tiered_pricing_fixed_rules":[],"tiered_pricing_product_settings":{"layout":"default","base_unit_name":{"singular":null,"plural":null},"default_variation":null},"tiered_pricing_minimum_quantity":null,"tiered_pricing_roles_data":[],"tiered_pricing_percentage_rules":[],"_links":{"self":[{"href":"https:\/\/purama.lt\/lv\/wp-json\/wp\/v2\/product\/35414","targetHints":{"allow":["GET"]}}],"collection":[{"href":"https:\/\/purama.lt\/lv\/wp-json\/wp\/v2\/product"}],"about":[{"href":"https:\/\/purama.lt\/lv\/wp-json\/wp\/v2\/types\/product"}],"replies":[{"embeddable":true,"href":"https:\/\/purama.lt\/lv\/wp-json\/wp\/v2\/comments?post=35414"}],"wp:featuredmedia":[{"embeddable":true,"href":"https:\/\/purama.lt\/lv\/wp-json\/wp\/v2\/media\/35429"}],"wp:attachment":[{"href":"https:\/\/purama.lt\/lv\/wp-json\/wp\/v2\/media?parent=35414"}],"wp:term":[{"taxonomy":"product_brand","embeddable":true,"href":"https:\/\/purama.lt\/lv\/wp-json\/wp\/v2\/product_brand?post=35414"},{"taxonomy":"product_cat","embeddable":true,"href":"https:\/\/purama.lt\/lv\/wp-json\/wp\/v2\/product_cat?post=35414"},{"taxonomy":"product_tag","embeddable":true,"href":"https:\/\/purama.lt\/lv\/wp-json\/wp\/v2\/product_tag?post=35414"}],"curies":[{"name":"wp","href":"https:\/\/api.w.org\/{rel}","templated":true}]}}