{"id":35413,"date":"2025-06-04T11:17:03","date_gmt":"2025-06-04T11:17:03","guid":{"rendered":"https:\/\/purama.lt\/produktas\/nokobi-3-in-1-odos-atjauninimo-prietaisas\/"},"modified":"2026-04-08T09:54:47","modified_gmt":"2026-04-08T07:54:47","slug":"nokobi-3-in-1-adas-atjaunosanas-ierice","status":"publish","type":"product","link":"https:\/\/purama.lt\/lv\/produktas\/nokobi-3-in-1-odos-atjauninimo-prietaisas\/","title":{"rendered":"Nokobi 3-in-1 \u0101das atjauno\u0161anas l\u012bdzeklis"},"content":{"rendered":"<p><strong>Lieto\u0161ana:<\/strong><\/p>\n\n\n\n<p>Not\u012briet seju un uzkl\u0101jiet nelielu daudzumu seruma.<\/p>\n\n\n\n<p>Izv\u0113lieties vienu no trim funkcij\u0101m vai kombin\u0113jiet t\u0101s.<\/p>\n\n\n\n<p>Lietojiet ier\u012bci 15-20 min\u016btes katru dienu vai katru otro dienu.<\/p>\n\n\n\n<p>P\u0113c proced\u016bras ieteicams lietot mitrino\u0161u kr\u0113mu.<\/p>\n\n\n\n<p><strong>Ieguvumi:<\/strong><\/p>\n\n\n\n<p>Kompleksa \u0101das atjauno\u0161ana ar trim efekt\u012bv\u0101m tehnolo\u0123ij\u0101m;<\/p>\n\n\n\n<p>Uzlabo \u0101das elast\u012bbu un tonusu;<\/p>\n\n\n\n<p>Stimul\u0113 kolag\u0113na un elast\u012bna ra\u017eo\u0161anu;<\/p>\n\n\n\n<p>Nostiprina, mitrina un izgaismo \u0101du.<\/p>","protected":false},"excerpt":{"rendered":"<p><strong>Nokobi 3-in-1 ir daudzpus\u012bgs \u0101das kop\u0161anas l\u012bdzeklis, kas apvieno tr\u012bs efekt\u012bvas tehnolo\u0123ijas: EMS musku\u013cu stimul\u0101ciju, LED gaismas terapiju un ultraska\u0146as vibr\u0101ciju.<\/strong> \u0160is kompleksais l\u012bdzeklis iedarbojas dzi\u013c\u0101k \u0101d\u0101, uzlabojot t\u0101s strukt\u016bru, nostiprinot un intens\u012bvi mitrinot \u0101du. Ide\u0101li piem\u0113rots noguru\u0161as \u0101das atjauno\u0161anai un noveco\u0161an\u0101s paz\u012bmju mazin\u0101\u0161anai. <\/p>\n<p><strong>K\u0101p\u0113c izv\u0113l\u0113ties Nokobi 3-in-1?<br \/><\/strong> \u2714 Viena ier\u012bce - tr\u012bs jaud\u012bgas tehnolo\u0123ijas<br \/>\u2714 Viegli piel\u0101gojams individu\u0101l\u0101m \u0101das vajadz\u012bb\u0101m<br \/>\u2714 Piem\u0113rots visiem \u0101das tipiem, tostarp jut\u012bgai \u0101dai<br \/>\u2714 lieto\u0161anai m\u0101j\u0101s, ietaupot laiku un naudu<\/p>\n<p><strong>PIEG\u0100DES LAIKS VAR B\u016aT NO 10 L\u012aDZ 14 DARBA DIEN\u0100M.<\/strong><\/p>","protected":false},"featured_media":35433,"comment_status":"open","ping_status":"closed","template":"","meta":{"_acf_changed":false},"product_brand":[443],"product_cat":[282,288,283],"product_tag":[],"class_list":{"0":"post-35413","1":"product","2":"type-product","3":"status-publish","4":"has-post-thumbnail","6":"product_brand-nokobi","7":"product_cat-longevity-prietaisai","8":"product_cat-grozio-ir-odos-prieziura","9":"product_cat-sveikatingumo-prietaisai","11":"first","12":"instock","13":"shipping-taxable","14":"purchasable","15":"product-type-simple"},"acf":[],"tiered_pricing_type":"fixed","tiered_pricing_fixed_rules":[],"tiered_pricing_product_settings":{"layout":"default","base_unit_name":{"singular":null,"plural":null},"default_variation":null},"tiered_pricing_minimum_quantity":null,"tiered_pricing_roles_data":[],"tiered_pricing_percentage_rules":[],"_links":{"self":[{"href":"https:\/\/purama.lt\/lv\/wp-json\/wp\/v2\/product\/35413","targetHints":{"allow":["GET"]}}],"collection":[{"href":"https:\/\/purama.lt\/lv\/wp-json\/wp\/v2\/product"}],"about":[{"href":"https:\/\/purama.lt\/lv\/wp-json\/wp\/v2\/types\/product"}],"replies":[{"embeddable":true,"href":"https:\/\/purama.lt\/lv\/wp-json\/wp\/v2\/comments?post=35413"}],"wp:featuredmedia":[{"embeddable":true,"href":"https:\/\/purama.lt\/lv\/wp-json\/wp\/v2\/media\/35433"}],"wp:attachment":[{"href":"https:\/\/purama.lt\/lv\/wp-json\/wp\/v2\/media?parent=35413"}],"wp:term":[{"taxonomy":"product_brand","embeddable":true,"href":"https:\/\/purama.lt\/lv\/wp-json\/wp\/v2\/product_brand?post=35413"},{"taxonomy":"product_cat","embeddable":true,"href":"https:\/\/purama.lt\/lv\/wp-json\/wp\/v2\/product_cat?post=35413"},{"taxonomy":"product_tag","embeddable":true,"href":"https:\/\/purama.lt\/lv\/wp-json\/wp\/v2\/product_tag?post=35413"}],"curies":[{"name":"wp","href":"https:\/\/api.w.org\/{rel}","templated":true}]}}