{"id":35014,"date":"2025-05-26T12:05:51","date_gmt":"2025-05-26T12:05:51","guid":{"rendered":"https:\/\/purama.lt\/produktas\/faced-retinolio-kuno-serumas\/"},"modified":"2026-04-14T09:24:01","modified_gmt":"2026-04-14T07:24:01","slug":"saskaras-ar-retinola-adas-serumu","status":"publish","type":"product","link":"https:\/\/purama.lt\/lv\/produktas\/faced-retinolio-kuno-serumas\/","title":{"rendered":"FaceD retinola \u0137erme\u0146a serums"},"content":{"rendered":"<p><strong>K\u0101 lietot<\/strong>:<br>Lietojiet vakar\u0101 uz t\u012bras \u0101das, ar viegl\u0101m mas\u0113jo\u0161\u0101m kust\u012bb\u0101m uzkl\u0101jiet serumu uz problem\u0101tiskaj\u0101m zon\u0101m, piem\u0113ram, v\u0113dera, aug\u0161stilbu, roku, kakla vai dekolt\u0113. \u013baujiet kr\u0113mam ies\u016bkties. Ilgsto\u0161u rezult\u0101tu sasnieg\u0161anai ieteicams lietot katru dienu vismaz 8 ned\u0113\u013cas. P\u0113c lieto\u0161anas izvairieties no tie\u0161as saules staru iedarb\u012bbas - lietojiet vakar\u0101 un dienas laik\u0101 aizsarg\u0101jiet \u0101du ar SPF l\u012bdzekli.<\/p>\n\n\n\n<hr class=\"wp-block-separator has-alpha-channel-opacity\" \/>\n\n\n\n<p><strong>Sast\u0101vda\u013cas:<\/strong> \u016adens, butil\u0113nglikols, glicer\u012bns, propandiols, C9-12 alk\u0101ns, alum\u012bnija cietes oktenilsukcin\u0101ts, miristil lakt\u0101ts, pullul\u0101ns, fosfolip\u012bdi, retinols, lecit\u012bns, tokoferols, askorbilpalmit\u0101ts, n\u0101trija hialuron\u0101ts, hialuronsk\u0101be, n\u0101trija hialuron\u0101ta krospolim\u0113rs, n\u0101trija poliakril\u0101ts, parfum (smar\u017evielas), k\u0101lija cetila fosf\u0101ts, hidroksiacetofenons, kaprilkaprilkaprilta\/kapric triglicer\u012bds, triheptano\u012bns, kaprilglikols, 1,2-heksanediols, kokokapril\u0101ta\/kapr\u0101ts, ksant\u0101na sve\u0137i, dilinolsk\u0101bes\/butandiola kopolim\u0113rs, r\u012bcine\u013c\u013cas\/IPDI kopolim\u0113rs, Citronsk\u0101be, pentil\u0113nglikols, etilheksilglicer\u012bns, tetran\u0101trija glutam\u0101ta diacet\u0101ts, linalilacet\u0101ts, ro\u017eu ketoni, heksametilindanopir\u0101ns, tetrametil acetil acetil acetil acetilahidronaftal\u012bns.<\/p>\n\n\n\n<p><\/p>","protected":false},"excerpt":{"rendered":"<p data-start=\"362\" data-end=\"433\"><strong data-start=\"365\" data-end=\"433\">FaceD retinola \u0137erme\u0146a serums - retinola \u0137erme\u0146a serums nobriedu\u0161ai \u0101dai.\u00a0<\/strong>Efekt\u012bvs, bet maigs retinola \u0137erme\u0146a serums, <strong>Paredz\u0113ts c\u012b\u0146ai pret \u0101das noveco\u0161an\u0101s paz\u012bm\u0113m vis\u0101 \u0137ermen\u012b.<\/strong>. \u012apa\u0161i ieteicama nobriedu\u0161ai un nobriedu\u0161ai \u0101dai - vecum\u0101 no 35 l\u012bdz 70 gadiem -, kurai rakstur\u012bga tonusa zudums, tvirtuma zudums, \u0101das nov\u0101jin\u0101\u0161an\u0101s vai nevienm\u0113r\u012bga tekst\u016bra. \u0160is serums ir apr\u012bkots ar uzlabotu formulu, kas apvieno inkapsul\u0113tu 0,05 % retinolu, hialuronsk\u0101bi ar \u010detru molekul\u0101ro svaru un re\u0123ener\u0113jo\u0161us lip\u012bdus, kas iedarbojas dzi\u013ci \u0101d\u0101 - glud\u0101kai, tvirt\u0101kai un elast\u012bg\u0101kai \u0101dai.<strong>\u00a0P\u0113c pirm\u0101s lieto\u0161anas reizes \u0101da k\u013c\u016bst tvirt\u0101ka un elast\u012bg\u0101ka, un regul\u0101ra lieto\u0161ana samazina grumbi\u0146as un novilku\u0161o \u0101du t\u0101d\u0101s zon\u0101s k\u0101 v\u0113ders, iek\u0161\u0113j\u0101 aug\u0161stilbu da\u013ca, rokas, kakls un dekolt\u0113.<\/strong> \u012apa\u0161i viegl\u0101 un \u0101tri uzs\u016bco\u0161\u0101 seruma tekst\u016bra padara to ide\u0101li piem\u0113rotu ikdienas lieto\u0161anai bez lip\u012bguma vai taukain\u012bbas saj\u016btas. Piem\u0113rots ar\u012b jut\u012bgai \u0101dai. <\/p>\n<p><strong data-start=\"2485\" data-end=\"2508\">K\u0101p\u0113c izv\u0113l\u0113ties:<br \/><\/strong>\u2714\ufe0f 0,05 % iekapsul\u0113ts retinols pal\u012bdz stimul\u0113t kolag\u0113na ra\u017eo\u0161anu un \u0101das atjauno\u0161anos.<br data-start=\"2596\" data-end=\"2599\" \/>\u2714\ufe0f Hialuronsk\u0101be ar 4 molekul\u0101ro svaru mitrina visus \u0101das sl\u0101\u0146us.<br data-start=\"2679\" data-end=\"2682\" \/>\u2714\ufe0f Uzlabo \u0101das tekst\u016bru, tonusu un tvirtumu jau p\u0113c da\u017eiem lieto\u0161anas reiz\u0113m.<br data-start=\"2751\" data-end=\"2754\" \/>\u2714\ufe0f Viegla, nemazg\u0101jama tekst\u016bra, \u0101tra uzs\u016bk\u0161an\u0101s - ide\u0101li piem\u0113rots ikdienas lieto\u0161anai.<br data-start=\"2838\" data-end=\"2841\" \/>\u2714\ufe0f Piem\u0113rots nobriedu\u0161ai un jut\u012bgai \u0101dai, k\u0101 ar\u012b aktu\u0101l\u0101m zon\u0101m ar nov\u0101j\u0113\u0161anas paz\u012bm\u0113m.<br data-start=\"2925\" data-end=\"2928\" \/>\u2714\ufe0f Dermatolo\u0123iski p\u0101rbaud\u012bts - dro\u0161s un efekt\u012bvs lieto\u0161anai ilgtermi\u0146\u0101.<br data-start=\"3005\" data-end=\"3008\" \/>\u2714\ufe0f Kl\u012bniskajos p\u0113t\u012bjumos apstiprin\u0101ti rezult\u0101ti - l\u012bdz pat 7 % vair\u0101k tvirtuma p\u0113c vienas lieto\u0161anas reizes.<\/p>","protected":false},"featured_media":35033,"comment_status":"open","ping_status":"closed","template":"","meta":{"_acf_changed":false},"product_brand":[424],"product_cat":[92,301,300],"product_tag":[],"class_list":{"0":"post-35014","1":"product","2":"type-product","3":"status-publish","4":"has-post-thumbnail","6":"product_brand-faced","7":"product_cat-groziui","8":"product_cat-kuno-kremai","9":"product_cat-kunui","11":"first","12":"instock","13":"shipping-taxable","14":"purchasable","15":"product-type-simple"},"acf":[],"tiered_pricing_type":"fixed","tiered_pricing_fixed_rules":[],"tiered_pricing_product_settings":{"layout":"default","base_unit_name":{"singular":null,"plural":null},"default_variation":null},"tiered_pricing_minimum_quantity":null,"tiered_pricing_roles_data":[],"tiered_pricing_percentage_rules":[],"_links":{"self":[{"href":"https:\/\/purama.lt\/lv\/wp-json\/wp\/v2\/product\/35014","targetHints":{"allow":["GET"]}}],"collection":[{"href":"https:\/\/purama.lt\/lv\/wp-json\/wp\/v2\/product"}],"about":[{"href":"https:\/\/purama.lt\/lv\/wp-json\/wp\/v2\/types\/product"}],"replies":[{"embeddable":true,"href":"https:\/\/purama.lt\/lv\/wp-json\/wp\/v2\/comments?post=35014"}],"wp:featuredmedia":[{"embeddable":true,"href":"https:\/\/purama.lt\/lv\/wp-json\/wp\/v2\/media\/35033"}],"wp:attachment":[{"href":"https:\/\/purama.lt\/lv\/wp-json\/wp\/v2\/media?parent=35014"}],"wp:term":[{"taxonomy":"product_brand","embeddable":true,"href":"https:\/\/purama.lt\/lv\/wp-json\/wp\/v2\/product_brand?post=35014"},{"taxonomy":"product_cat","embeddable":true,"href":"https:\/\/purama.lt\/lv\/wp-json\/wp\/v2\/product_cat?post=35014"},{"taxonomy":"product_tag","embeddable":true,"href":"https:\/\/purama.lt\/lv\/wp-json\/wp\/v2\/product_tag?post=35014"}],"curies":[{"name":"wp","href":"https:\/\/api.w.org\/{rel}","templated":true}]}}