{"id":34860,"date":"2025-05-22T12:49:15","date_gmt":"2025-05-22T12:49:15","guid":{"rendered":"https:\/\/purama.lt\/produktas\/kojines-get-shit-done-sporcks\/"},"modified":"2026-04-25T15:14:56","modified_gmt":"2026-04-25T13:14:56","slug":"kojines-get-shit-done-sporcks","status":"publish","type":"product","link":"https:\/\/purama.lt\/lv\/produktas\/kojines-get-shit-done-sporcks\/","title":{"rendered":"SPORCKS Get Shit Done sporta ze\u0137es"},"content":{"rendered":"<p>Vai mekl\u0113jat vair\u0101k? Apskatiet visu <a href=\"\/lv\/produktu-etiketes\/sporcks\/\">Sporcks sortimentu<\/a>.<\/p>","protected":false},"excerpt":{"rendered":"<p data-start=\"197\" data-end=\"266\"><strong>SPORCKS Dari Darbus<\/strong> \u2013 kur katrs solis ir svar\u012bgs. Ze\u0137es ir rad\u012btas akt\u012bviem skr\u0113j\u0113jiem, kuri nov\u0113rt\u0113 ne tikai stilu, bet ar\u012b funkcionalit\u0101ti. T\u0101s nodro\u0161ina stabilit\u0101ti, komfortu un atbalsta p\u0113du pat intens\u012bv\u0101k\u0101s slodzes laik\u0101. Pastiprin\u0101ts atbalsts pot\u012btes un p\u0113das kaulu zon\u0101s pal\u012bdz uztur\u0113t l\u012bdzsvaru, savuk\u0101rt vid\u0113ja kompresija veicina asinsriti, samazina t\u016bsku un \u013cauj \u0101tr\u0101k atg\u016bties. Pap\u0113\u017ea un pirkstu zon\u0101s izmantots <strong>COOLMAX\u00ae<\/strong> audums samazina slodzi, efekt\u012bvi novada mitrumu un \u013cauj p\u0113dai elpot. Pat visgar\u0101kajos treni\u0146os p\u0113das paliek sausas, v\u0113sas un bez tulzn\u0101m.<\/p>\n<p><strong>K\u0101p\u0113c izv\u0113l\u0113ties:<\/strong><br \/>\n\u2714\ufe0f <strong data-start=\"879\" data-end=\"902\">Stabilit\u0101te kust\u012bb\u0101<\/strong>: stabils atbalsts akt\u012bvai darb\u012bbai<br data-start=\"934\" data-end=\"937\" \/>\u2714\ufe0f <strong data-start=\"940\" data-end=\"963\">Vid\u0113ja saspie\u0161ana<\/strong>: mazina nogurumu un pal\u012bdz musku\u013ciem atjaunoties<br data-start=\"1012\" data-end=\"1015\" \/>\u2714\ufe0f <strong data-start=\"1018\" data-end=\"1039\">COOLMAX\u00ae materi\u0101ls<\/strong>: svaigums, komforts un efekt\u012bva mitruma kontrole<br data-start=\"1086\" data-end=\"1089\" \/>\u2714\ufe0f <strong data-start=\"1092\" data-end=\"1123\">\u0100tri \u017e\u016bsto\u0161s audums<\/strong>: sausas k\u0101jas vis\u0101 skr\u0113jiena laik\u0101<br data-start=\"1154\" data-end=\"1157\" data-is-only-node=\"\" \/>\u2714\ufe0f <strong data-start=\"1160\" data-end=\"1185\">Jauks piesk\u0101riens<\/strong>: maigums pat jut\u012bgai \u0101dai<br data-start=\"1214\" data-end=\"1217\" \/>\u2714\ufe0f <strong data-start=\"1220\" data-end=\"1244\">Ra\u017eots Sp\u0101nij\u0101<\/strong>: kvalit\u0101te, kam sportisti uzticas<\/p>","protected":false},"featured_media":34868,"comment_status":"open","ping_status":"closed","template":"","meta":{"_acf_changed":false},"product_brand":[246],"product_cat":[98,57,102],"product_tag":[],"class_list":{"0":"post-34860","1":"product","2":"type-product","3":"status-publish","4":"has-post-thumbnail","6":"product_brand-sporcks","7":"product_cat-sportui","8":"product_cat-akcijos","9":"product_cat-kojines","11":"first","12":"instock","13":"sale","14":"shipping-taxable","15":"purchasable","16":"product-type-variable"},"acf":[],"tiered_pricing_type":"fixed","tiered_pricing_fixed_rules":[],"tiered_pricing_product_settings":{"layout":"default","base_unit_name":{"singular":null,"plural":null},"default_variation":null},"tiered_pricing_minimum_quantity":null,"tiered_pricing_roles_data":[],"tiered_pricing_percentage_rules":[],"_links":{"self":[{"href":"https:\/\/purama.lt\/lv\/wp-json\/wp\/v2\/product\/34860","targetHints":{"allow":["GET"]}}],"collection":[{"href":"https:\/\/purama.lt\/lv\/wp-json\/wp\/v2\/product"}],"about":[{"href":"https:\/\/purama.lt\/lv\/wp-json\/wp\/v2\/types\/product"}],"replies":[{"embeddable":true,"href":"https:\/\/purama.lt\/lv\/wp-json\/wp\/v2\/comments?post=34860"}],"wp:featuredmedia":[{"embeddable":true,"href":"https:\/\/purama.lt\/lv\/wp-json\/wp\/v2\/media\/34868"}],"wp:attachment":[{"href":"https:\/\/purama.lt\/lv\/wp-json\/wp\/v2\/media?parent=34860"}],"wp:term":[{"taxonomy":"product_brand","embeddable":true,"href":"https:\/\/purama.lt\/lv\/wp-json\/wp\/v2\/product_brand?post=34860"},{"taxonomy":"product_cat","embeddable":true,"href":"https:\/\/purama.lt\/lv\/wp-json\/wp\/v2\/product_cat?post=34860"},{"taxonomy":"product_tag","embeddable":true,"href":"https:\/\/purama.lt\/lv\/wp-json\/wp\/v2\/product_tag?post=34860"}],"curies":[{"name":"wp","href":"https:\/\/api.w.org\/{rel}","templated":true}]}}