{"id":34859,"date":"2025-05-22T12:49:14","date_gmt":"2025-05-22T12:49:14","guid":{"rendered":"https:\/\/purama.lt\/produktas\/kojines-get-shit-done-purple-sporcks\/"},"modified":"2026-04-27T07:57:35","modified_gmt":"2026-04-27T05:57:35","slug":"kojines-get-shit-done-purple-sporcks","status":"publish","type":"product","link":"https:\/\/purama.lt\/lv\/produktas\/kojines-get-shit-done-purple-sporcks\/","title":{"rendered":"SPORCKS Get Shit Done Purple sporta ze\u0137es"},"content":{"rendered":"<p>Vai mekl\u0113jat vair\u0101k? Apskatiet visu <a href=\"\/lv\/produktu-etiketes\/sporcks\/\">Sporcks sortimentu<\/a>.<\/p>","protected":false},"excerpt":{"rendered":"<p data-start=\"230\" data-end=\"300\"><strong>SPORCKS Get Shit Done Purple<\/strong> \u2013 kur izskats sader ar sp\u0113ku. Ze\u0137es paredz\u0113tas tiem, kas nebaid\u0101s drosm\u012bgi spert soli uz priek\u0161u \u2013 gan stil\u0101, gan rezult\u0101tos. Spilgtais violetais dizains ne tikai izce\u013cas, bet ar\u012b sl\u0113pj uzlabotu funkcionalit\u0101ti, kas rad\u012bta ilg\u0101m un intens\u012bv\u0101m treni\u0146iem. Pastiprin\u0101ts atbalsts pot\u012btes un p\u0113das kaula da\u013c\u0101 nodro\u0161ina stabilit\u0101ti ik uz so\u013ca, bet vid\u0113j\u0101 kompresija pal\u012bdz uzlabot asinsrites cirkul\u0101ciju, samazin\u0101t t\u016bsku un \u0101tr\u0101k atg\u016bties p\u0113c slodzes. Pap\u0113\u017ea un pirkstu zon\u0101 izmantots <strong>COOLMAX\u00ae<\/strong> Audums samazina triecienu, \u013cauj \u0101dai elpot un pal\u012bdz nov\u0113rst tulznas pat gar\u0101kajos skr\u0113jienos. Elpojo\u0161ais ad\u012bjums \u0101tri iztvaiko mitrumu un uztur optim\u0101lu \u0101das temperat\u016bru.<\/p>\n<p><strong>K\u0101p\u0113c izv\u0113l\u0113ties:<\/strong> \u2714\ufe0f <strong data-start=\"1022\" data-end=\"1049\">Ergonomisks atbalsts<\/strong>: pot\u012btes un stilba kaula stabilit\u0101te<br data-start=\"1093\" data-end=\"1096\" \/>\u2714\ufe0f <strong data-start=\"1099\" data-end=\"1122\">Vid\u0113ja saspie\u0161ana<\/strong>: mazina nogurumu, uzlabo atvese\u013co\u0161anos<br data-start=\"1159\" data-end=\"1162\" \/>\u2714\ufe0f <strong data-start=\"1165\" data-end=\"1185\">COOLMAX\u00ae audums<\/strong>: elpojo\u0161s, \u0113rts un \u0101tri \u017e\u016bsto\u0161s<br data-start=\"1231\" data-end=\"1234\" \/>\u2714\ufe0f <strong data-start=\"1237\" data-end=\"1259\">Aizsardz\u012bba pret tulzn\u0101m<\/strong>: sausas un svaigas k\u0101jas pat p\u0113c gariem skr\u0113jieniem<br data-start=\"1303\" data-end=\"1306\" data-is-only-node=\"\" \/>\u2714\ufe0f <strong data-start=\"1309\" data-end=\"1335\">Izcila maigums<\/strong>: maigs kontakts ar \u0101du<br data-start=\"1361\" data-end=\"1364\" \/>\u2714\ufe0f <strong data-start=\"1367\" data-end=\"1391\">Ra\u017eots Sp\u0101nij\u0101<\/strong>: kvalit\u0101te, pamatojoties uz sporta pieredzi<\/p>","protected":false},"featured_media":34864,"comment_status":"open","ping_status":"closed","template":"","meta":{"_acf_changed":false},"product_brand":[246],"product_cat":[98,57,102],"product_tag":[],"class_list":{"0":"post-34859","1":"product","2":"type-product","3":"status-publish","4":"has-post-thumbnail","6":"product_brand-sporcks","7":"product_cat-sportui","8":"product_cat-akcijos","9":"product_cat-kojines","11":"first","12":"instock","13":"sale","14":"shipping-taxable","15":"purchasable","16":"product-type-variable"},"acf":[],"tiered_pricing_type":"fixed","tiered_pricing_fixed_rules":[],"tiered_pricing_product_settings":{"layout":"default","base_unit_name":{"singular":null,"plural":null},"default_variation":null},"tiered_pricing_minimum_quantity":null,"tiered_pricing_roles_data":[],"tiered_pricing_percentage_rules":[],"_links":{"self":[{"href":"https:\/\/purama.lt\/lv\/wp-json\/wp\/v2\/product\/34859","targetHints":{"allow":["GET"]}}],"collection":[{"href":"https:\/\/purama.lt\/lv\/wp-json\/wp\/v2\/product"}],"about":[{"href":"https:\/\/purama.lt\/lv\/wp-json\/wp\/v2\/types\/product"}],"replies":[{"embeddable":true,"href":"https:\/\/purama.lt\/lv\/wp-json\/wp\/v2\/comments?post=34859"}],"wp:featuredmedia":[{"embeddable":true,"href":"https:\/\/purama.lt\/lv\/wp-json\/wp\/v2\/media\/34864"}],"wp:attachment":[{"href":"https:\/\/purama.lt\/lv\/wp-json\/wp\/v2\/media?parent=34859"}],"wp:term":[{"taxonomy":"product_brand","embeddable":true,"href":"https:\/\/purama.lt\/lv\/wp-json\/wp\/v2\/product_brand?post=34859"},{"taxonomy":"product_cat","embeddable":true,"href":"https:\/\/purama.lt\/lv\/wp-json\/wp\/v2\/product_cat?post=34859"},{"taxonomy":"product_tag","embeddable":true,"href":"https:\/\/purama.lt\/lv\/wp-json\/wp\/v2\/product_tag?post=34859"}],"curies":[{"name":"wp","href":"https:\/\/api.w.org\/{rel}","templated":true}]}}