{"id":34858,"date":"2025-05-22T12:49:12","date_gmt":"2025-05-22T12:49:12","guid":{"rendered":"https:\/\/purama.lt\/produktas\/kojines-hot-blue-sporcks\/"},"modified":"2026-05-05T09:57:50","modified_gmt":"2026-05-05T07:57:50","slug":"kojines-karsti-zilas-sporta-bikses","status":"publish","type":"product","link":"https:\/\/purama.lt\/lv\/produktas\/kojines-hot-blue-sporcks\/","title":{"rendered":"SPORCKS Karsti Zilas sporta ze\u0137es"},"content":{"rendered":"<p>Vai mekl\u0113jat vair\u0101k? Apskatiet visu <a href=\"\/lv\/produktu-etiketes\/sporcks\/\">Sporcks sortimentu<\/a>.<\/p>","protected":false},"excerpt":{"rendered":"<p data-start=\"236\" data-end=\"313\"><strong>SPORCKS karst\u0101 zil\u0101<\/strong> \u2013 drosm\u012bgs stils un iztur\u012bba vien\u0101 sol\u012b. Ze\u0137es rad\u012btas, lai atbalst\u012btu tevi katr\u0101 kilometr\u0101 \u2013 gan vizu\u0101li, gan fiziski. Spilgti zil\u0101 kr\u0101sa piesaista uzman\u012bbu, savuk\u0101rt progres\u012bv\u0101 konstrukcija pal\u012bdz saglab\u0101t komfortu un sniegumu pat gar\u0101ko skr\u0113jienu laik\u0101. Pastiprin\u0101ts atbalsts pot\u012btes un p\u0113das kaula zon\u0101s nodro\u0161ina stabilit\u0101ti, bet vid\u0113ja kompresija uzlabo asinsriti, samazina t\u016bsku un pal\u012bdz \u0101tr\u0101k atjaunoties. Pap\u0113dis un pirksti ir pastiprin\u0101ti.<strong> COOLMAX\u00ae<\/strong> audums, kas amortiz\u0113 slodzi, \u013cauj \u0101dai elpot un nov\u0113r\u0161 tulznas. Elpojo\u0161ais siets uztur optim\u0101lu temperat\u016bru un \u0101tri iztvaiko mitrumu.<\/p>\n<p><strong>K\u0101p\u0113c izv\u0113l\u0113ties:<\/strong> \u2714\ufe0f <strong data-start=\"950\" data-end=\"973\">Stabilit\u0101te kust\u012bb\u0101<\/strong>: stingrs atbalsts pot\u012btes un zoles zon\u0101<br data-start=\"1019\" data-end=\"1022\" \/>\u2714\ufe0f <strong data-start=\"1025\" data-end=\"1048\">Vid\u0113ja saspie\u0161ana<\/strong>: mazina nogurumu un veicina musku\u013cu atjauno\u0161anos.<br data-start=\"1096\" data-end=\"1099\" \/>\u2714\ufe0f <strong data-start=\"1102\" data-end=\"1123\">COOLMAX\u00ae materi\u0101ls<\/strong>: komforts, svaigums un mitruma kontrole<br data-start=\"1164\" data-end=\"1167\" \/>\u2714\ufe0f <strong data-start=\"1170\" data-end=\"1192\">Aizsardz\u012bba pret tulzn\u0101m<\/strong>: sausas un \u0113rtas k\u0101jas pat p\u0113c ilga skr\u0113jiena<br data-start=\"1241\" data-end=\"1244\" data-is-only-node=\"\" \/>\u2714\ufe0f <strong data-start=\"1247\" data-end=\"1271\">Elpojo\u0161s audums<\/strong>: optim\u0101la temperat\u016bra katr\u0101 situ\u0101cij\u0101<br data-start=\"1317\" data-end=\"1320\" \/>\u2714\ufe0f <strong data-start=\"1323\" data-end=\"1347\">Ra\u017eots Sp\u0101nij\u0101<\/strong>: kvalit\u0101te, kam uzticas profesion\u0101\u013ci<\/p>","protected":false},"featured_media":34869,"comment_status":"open","ping_status":"closed","template":"","meta":{"_acf_changed":false},"product_brand":[246],"product_cat":[98,102],"product_tag":[],"class_list":{"0":"post-34858","1":"product","2":"type-product","3":"status-publish","4":"has-post-thumbnail","6":"product_brand-sporcks","7":"product_cat-sportui","8":"product_cat-kojines","10":"first","11":"outofstock","12":"shipping-taxable","13":"purchasable","14":"product-type-variable"},"acf":[],"tiered_pricing_type":"fixed","tiered_pricing_fixed_rules":[],"tiered_pricing_product_settings":{"layout":"default","base_unit_name":{"singular":null,"plural":null},"default_variation":null},"tiered_pricing_minimum_quantity":null,"tiered_pricing_roles_data":[],"tiered_pricing_percentage_rules":[],"_links":{"self":[{"href":"https:\/\/purama.lt\/lv\/wp-json\/wp\/v2\/product\/34858","targetHints":{"allow":["GET"]}}],"collection":[{"href":"https:\/\/purama.lt\/lv\/wp-json\/wp\/v2\/product"}],"about":[{"href":"https:\/\/purama.lt\/lv\/wp-json\/wp\/v2\/types\/product"}],"replies":[{"embeddable":true,"href":"https:\/\/purama.lt\/lv\/wp-json\/wp\/v2\/comments?post=34858"}],"wp:featuredmedia":[{"embeddable":true,"href":"https:\/\/purama.lt\/lv\/wp-json\/wp\/v2\/media\/34869"}],"wp:attachment":[{"href":"https:\/\/purama.lt\/lv\/wp-json\/wp\/v2\/media?parent=34858"}],"wp:term":[{"taxonomy":"product_brand","embeddable":true,"href":"https:\/\/purama.lt\/lv\/wp-json\/wp\/v2\/product_brand?post=34858"},{"taxonomy":"product_cat","embeddable":true,"href":"https:\/\/purama.lt\/lv\/wp-json\/wp\/v2\/product_cat?post=34858"},{"taxonomy":"product_tag","embeddable":true,"href":"https:\/\/purama.lt\/lv\/wp-json\/wp\/v2\/product_tag?post=34858"}],"curies":[{"name":"wp","href":"https:\/\/api.w.org\/{rel}","templated":true}]}}