{"id":34855,"date":"2025-05-22T12:49:09","date_gmt":"2025-05-22T12:49:09","guid":{"rendered":"https:\/\/purama.lt\/produktas\/kojines-go-mom-sporcks\/"},"modified":"2026-05-05T09:44:53","modified_gmt":"2026-05-05T07:44:53","slug":"kojines-iet-mamma-sporcks","status":"publish","type":"product","link":"https:\/\/purama.lt\/lv\/produktas\/kojines-go-mom-sporcks\/","title":{"rendered":"SPORCKS Go Mom sporta ze\u0137es"},"content":{"rendered":"<p>Vai mekl\u0113jat vair\u0101k? Apskatiet visu <a href=\"\/lv\/produktu-etiketes\/sporcks\/\">Sporcks sortimentu<\/a>.<\/p>","protected":false},"excerpt":{"rendered":"<p data-start=\"233\" data-end=\"302\"><strong>SPORCKS Go Mom \u2013 katram solim, pilnam iedvesmas.<\/strong> \u0160is modelis ne tikai p\u0101rsteidz ar at\u0161\u0137ir\u012bgo dizainu, bet ar\u012b nodro\u0161ina visaugst\u0101k\u0101 l\u012bme\u0146a komfortu skrie\u0161anas laik\u0101. Pastiprin\u0101ts pot\u012btes un p\u0113das atbalsts pal\u012bdz saglab\u0101t stabilit\u0101ti pat visintens\u012bv\u0101ko treni\u0146u laik\u0101. Vid\u0113ja kompresija veicina asinsriti, mazina musku\u013cu sasprindzin\u0101jumu un pal\u012bdz \u0101tr\u0101k atjaunoties. Izmanto pap\u0113\u017ea un pirkstu jom\u0101s <strong>COOLMAX\u00ae<\/strong> audums, kas amortiz\u0113 triecienu, \u013cauj p\u0113dai elpot un efekt\u012bvi nov\u0113r\u0161 p\u016bsl\u012b\u0161u veido\u0161anos. Elpojo\u0161ais siets pal\u012bdz regul\u0113t temperat\u016bru un nodro\u0161ina sausuma saj\u016btu jebkuros laikapst\u0101k\u013cos.<\/p>\n<p><strong>K\u0101p\u0113c izv\u0113l\u0113ties:<\/strong> \u2714\ufe0f <strong data-start=\"977\" data-end=\"1002\">M\u0113r\u0137tiec\u012bgs atbalsts<\/strong>: papildu stabilit\u0101te pot\u012btes un p\u0113das da\u013c\u0101<br data-start=\"1057\" data-end=\"1060\" \/>\u2714\ufe0f <strong data-start=\"1063\" data-end=\"1086\">Vid\u0113ja saspie\u0161ana<\/strong>: mazina nogurumu un pa\u0101trina atvese\u013co\u0161anos<br data-start=\"1127\" data-end=\"1130\" \/>\u2714\ufe0f <strong data-start=\"1133\" data-end=\"1153\">COOLMAX\u00ae audums<\/strong>: komforts, svaigums un efekt\u012bva triecienu absorbcija<br data-start=\"1203\" data-end=\"1206\" \/>\u2714\ufe0f <strong data-start=\"1209\" data-end=\"1231\">Aizsardz\u012bba pret tulzn\u0101m<\/strong>: saglab\u0101t sausumu un komfortu pat gar\u0101kajos skr\u0113jienos<br data-start=\"1291\" data-end=\"1294\" data-is-only-node=\"\" \/>\u2714\ufe0f <strong data-start=\"1297\" data-end=\"1322\">Elpojo\u0161s ad\u012bjums<\/strong>: optim\u0101la \u0101das temperat\u016bra katr\u0101 br\u012bd\u012b<br data-start=\"1367\" data-end=\"1370\" \/>\u2714\ufe0f <strong data-start=\"1373\" data-end=\"1397\">Ra\u017eots Sp\u0101nij\u0101<\/strong>: sportiskais stils un nevainojama kvalit\u0101te<\/p>","protected":false},"featured_media":34865,"comment_status":"open","ping_status":"closed","template":"","meta":{"_acf_changed":false},"product_brand":[246],"product_cat":[102,98],"product_tag":[],"class_list":{"0":"post-34855","1":"product","2":"type-product","3":"status-publish","4":"has-post-thumbnail","6":"product_brand-sporcks","7":"product_cat-kojines","8":"product_cat-sportui","10":"first","11":"instock","12":"shipping-taxable","13":"purchasable","14":"product-type-variable"},"acf":[],"tiered_pricing_type":"fixed","tiered_pricing_fixed_rules":[],"tiered_pricing_product_settings":{"layout":"default","base_unit_name":{"singular":null,"plural":null},"default_variation":null},"tiered_pricing_minimum_quantity":null,"tiered_pricing_roles_data":[],"tiered_pricing_percentage_rules":[],"_links":{"self":[{"href":"https:\/\/purama.lt\/lv\/wp-json\/wp\/v2\/product\/34855","targetHints":{"allow":["GET"]}}],"collection":[{"href":"https:\/\/purama.lt\/lv\/wp-json\/wp\/v2\/product"}],"about":[{"href":"https:\/\/purama.lt\/lv\/wp-json\/wp\/v2\/types\/product"}],"replies":[{"embeddable":true,"href":"https:\/\/purama.lt\/lv\/wp-json\/wp\/v2\/comments?post=34855"}],"wp:featuredmedia":[{"embeddable":true,"href":"https:\/\/purama.lt\/lv\/wp-json\/wp\/v2\/media\/34865"}],"wp:attachment":[{"href":"https:\/\/purama.lt\/lv\/wp-json\/wp\/v2\/media?parent=34855"}],"wp:term":[{"taxonomy":"product_brand","embeddable":true,"href":"https:\/\/purama.lt\/lv\/wp-json\/wp\/v2\/product_brand?post=34855"},{"taxonomy":"product_cat","embeddable":true,"href":"https:\/\/purama.lt\/lv\/wp-json\/wp\/v2\/product_cat?post=34855"},{"taxonomy":"product_tag","embeddable":true,"href":"https:\/\/purama.lt\/lv\/wp-json\/wp\/v2\/product_tag?post=34855"}],"curies":[{"name":"wp","href":"https:\/\/api.w.org\/{rel}","templated":true}]}}