{"id":34854,"date":"2025-05-22T12:49:08","date_gmt":"2025-05-22T12:49:08","guid":{"rendered":"https:\/\/purama.lt\/produktas\/kojines-drink-coffee-blue-sporcks\/"},"modified":"2026-04-22T08:12:49","modified_gmt":"2026-04-22T06:12:49","slug":"kojines-dzert-kafiju-zilas-sporcks","status":"publish","type":"product","link":"https:\/\/purama.lt\/lv\/produktas\/kojines-drink-coffee-blue-sporcks\/","title":{"rendered":"SPORCKS Dzert Kafiju Zilas sporta ze\u0137es"},"content":{"rendered":"<p>Vai mekl\u0113jat vair\u0101k? Apskatiet visu <a href=\"\/lv\/produktu-etiketes\/sporcks\/\">Sporcks sortimentu<\/a>.<\/p>","protected":false},"excerpt":{"rendered":"<p data-start=\"214\" data-end=\"288\"><strong>SPORCKS Dzer kafiju Zils<\/strong> - ir izv\u0113le tiem, kam pat\u012bk braukt \u0101tri, justies \u0113rti un izcelties ar smalku, bet ener\u0123isku stilu. \u012apa\u0161i viegls, elpojo\u0161s un rad\u012bts, lai padar\u012btu katru treni\u0146u vai sacens\u012bbas pat\u012bkam\u0101kas. \u0160\u012bs ze\u0137es, kas izgatavotas no augstas kvalit\u0101tes neilona, novada mitrumu, \u0101tri \u017e\u016bst un nodro\u0161ina svaiguma saj\u016btu pat karst\u0101kaj\u0101s dien\u0101s. Vid\u0113ja l\u012bme\u0146a kompresija uztur musku\u013cu tonusu, savuk\u0101rt pastiprin\u0101t\u0101s pap\u0113\u017ea un pirkstu zonas nodro\u0161ina iztur\u012bbu pat visintens\u012bv\u0101k\u0101s lieto\u0161anas laik\u0101.<\/p>\n<p><strong>K\u0101p\u0113c izv\u0113l\u0113ties:<br \/>\n<\/strong>\u2714\ufe0f <strong data-start=\"880\" data-end=\"908\">\u012apa\u0161i viegla konstrukcija<\/strong>: diskr\u0113ts svars - maksim\u0101ls komforts<br data-start=\"952\" data-end=\"955\" \/>\u2714\ufe0f <strong data-start=\"958\" data-end=\"981\">Vid\u0113ja saspie\u0161ana<\/strong>: uzlabo asinsriti un musku\u013cu atjauno\u0161anos<br data-start=\"1023\" data-end=\"1026\" \/>\u2714\ufe0f <strong data-start=\"1029\" data-end=\"1057\">Augstas kvalit\u0101tes neilons<\/strong>: \u0101tra \u017e\u016b\u0161ana un efekt\u012bva elpojam\u012bba<br data-start=\"1097\" data-end=\"1100\" \/>\u2714\ufe0f <strong data-start=\"1103\" data-end=\"1136\">Pap\u0113\u017ea un pirkstu pastiprin\u0101jums<\/strong>: iztur\u012bba un uzticam\u012bba uz ce\u013ca<br data-start=\"1174\" data-end=\"1177\" data-is-only-node=\"\" \/>\u2714\ufe0f <strong data-start=\"1180\" data-end=\"1206\">Lieliski piem\u0113rots silt\u0101kiem laikapst\u0101k\u013ciem<\/strong>: ide\u0101li piem\u0113rots m\u0113renam klimatam<br data-start=\"1249\" data-end=\"1252\" \/>\u2714\ufe0f <strong data-start=\"1255\" data-end=\"1280\">P\u0101rbaud\u012bju\u0161i sportisti<\/strong>: p\u0101rbaud\u012bts re\u0101los sac\u012bk\u0161u apst\u0101k\u013cos<br data-start=\"1322\" data-end=\"1325\" \/>\u2714\ufe0f <strong data-start=\"1328\" data-end=\"1352\">Ra\u017eots Sp\u0101nij\u0101<\/strong>: augst\u0101kie kvalit\u0101tes standarti no A l\u012bdz Z<\/p>","protected":false},"featured_media":34893,"comment_status":"open","ping_status":"closed","template":"","meta":{"_acf_changed":false},"product_brand":[246],"product_cat":[102,57,98],"product_tag":[],"class_list":{"0":"post-34854","1":"product","2":"type-product","3":"status-publish","4":"has-post-thumbnail","6":"product_brand-sporcks","7":"product_cat-kojines","8":"product_cat-akcijos","9":"product_cat-sportui","11":"first","12":"instock","13":"sale","14":"shipping-taxable","15":"purchasable","16":"product-type-variable"},"acf":[],"tiered_pricing_type":"fixed","tiered_pricing_fixed_rules":[],"tiered_pricing_product_settings":{"layout":"default","base_unit_name":{"singular":null,"plural":null},"default_variation":null},"tiered_pricing_minimum_quantity":null,"tiered_pricing_roles_data":[],"tiered_pricing_percentage_rules":[],"_links":{"self":[{"href":"https:\/\/purama.lt\/lv\/wp-json\/wp\/v2\/product\/34854","targetHints":{"allow":["GET"]}}],"collection":[{"href":"https:\/\/purama.lt\/lv\/wp-json\/wp\/v2\/product"}],"about":[{"href":"https:\/\/purama.lt\/lv\/wp-json\/wp\/v2\/types\/product"}],"replies":[{"embeddable":true,"href":"https:\/\/purama.lt\/lv\/wp-json\/wp\/v2\/comments?post=34854"}],"wp:featuredmedia":[{"embeddable":true,"href":"https:\/\/purama.lt\/lv\/wp-json\/wp\/v2\/media\/34893"}],"wp:attachment":[{"href":"https:\/\/purama.lt\/lv\/wp-json\/wp\/v2\/media?parent=34854"}],"wp:term":[{"taxonomy":"product_brand","embeddable":true,"href":"https:\/\/purama.lt\/lv\/wp-json\/wp\/v2\/product_brand?post=34854"},{"taxonomy":"product_cat","embeddable":true,"href":"https:\/\/purama.lt\/lv\/wp-json\/wp\/v2\/product_cat?post=34854"},{"taxonomy":"product_tag","embeddable":true,"href":"https:\/\/purama.lt\/lv\/wp-json\/wp\/v2\/product_tag?post=34854"}],"curies":[{"name":"wp","href":"https:\/\/api.w.org\/{rel}","templated":true}]}}