{"id":34853,"date":"2025-05-22T12:49:06","date_gmt":"2025-05-22T12:49:06","guid":{"rendered":"https:\/\/purama.lt\/produktas\/kojines-dont-look-back-sporcks\/"},"modified":"2026-04-03T10:25:52","modified_gmt":"2026-04-03T08:25:52","slug":"kojines-dont-look-back-sporcks","status":"publish","type":"product","link":"https:\/\/purama.lt\/lv\/produktas\/kojines-dont-look-back-sporcks\/","title":{"rendered":"SPORCKS neskaties atpaka\u013c sporta ze\u0137es"},"content":{"rendered":"<p>Vai mekl\u0113jat vair\u0101k? Apskatiet visu <a href=\"\/lv\/produktu-etiketes\/sporcks\/\">Sporcks sortimentu<\/a>.<\/p>","protected":false},"excerpt":{"rendered":"<p data-start=\"183\" data-end=\"241\"><strong>SPORCKS Neskaties atpaka\u013c<\/strong> \u2013 rad\u012bts tiem, kas neskat\u0101s pag\u0101tn\u0113 \u2013 tikai uz priek\u0161u, \u0101tr\u0101k, sp\u0113c\u012bg\u0101k, p\u0101rliecino\u0161\u0101k. \u0160\u012bs hibr\u012bda veiktsp\u0113jas ze\u0137es apvieno progres\u012bvus materi\u0101lus un m\u0113r\u0137tiec\u012bgu dizainu, lai katrs solis b\u016btu efekt\u012bvs, bet komforts \u2013 maksim\u0101ls. <strong>COOLMAX\u00ae<\/strong> un neilona kombin\u0101cija nodro\u0161ina \u0101tru mitruma novad\u012b\u0161anu un gaisa cirkul\u0101ciju, savuk\u0101rt elpojo\u0161s t\u012bklveida materi\u0101ls uztur optim\u0101lu \u0101das temperat\u016bru. Prec\u012bzi izvietotie polster\u0113jumi pap\u0113\u017ea un pirkstu zon\u0101 aizsarg\u0101 pret triecieniem un nodro\u0161ina papildu komfortu akt\u012bvu aktivit\u0101\u0161u laik\u0101.<\/p>\n<p><strong>K\u0101p\u0113c izv\u0113l\u0113ties:<br \/>\n<\/strong>\u2714\ufe0f <strong data-start=\"826\" data-end=\"846\">Inteli\u0123ents dizains<\/strong>: atbalsts un komforts uz katra so\u013ca<br data-start=\"889\" data-end=\"892\" \/>\u2714\ufe0f <strong data-start=\"895\" data-end=\"919\">COOLMAX\u00ae un neilons<\/strong>: elpojo\u0161s, mitrumu izvado\u0161s audums<br data-start=\"962\" data-end=\"965\" \/>\u2714\ufe0f <strong data-start=\"968\" data-end=\"1002\">Polster\u0113ts pap\u0113dis un pirkstgalis<\/strong>: aizsardz\u012bba pret spiedienu un triecieniem<br data-start=\"1034\" data-end=\"1037\" \/>\u2714\ufe0f <strong data-start=\"1040\" data-end=\"1061\">\u0100tra \u017e\u0101v\u0113\u0161ana<\/strong>: sausas k\u0101jas pat visintens\u012bv\u0101k\u0101 treni\u0146a laik\u0101<br data-start=\"1112\" data-end=\"1115\" data-is-only-node=\"\" \/>\u2714\ufe0f <strong data-start=\"1118\" data-end=\"1146\">Hibr\u012bda daudzpus\u012bba<\/strong>: ide\u0101li piem\u0113rots sportam un akt\u012bvai atp\u016btai<br data-start=\"1195\" data-end=\"1198\" \/>\u2714\ufe0f <strong data-start=\"1201\" data-end=\"1225\">Ra\u017eots Sp\u0101nij\u0101<\/strong>: p\u0101rbaud\u012bta kvalit\u0101te, iedvesmota no kust\u012bbas<\/p>","protected":false},"featured_media":34863,"comment_status":"open","ping_status":"closed","template":"","meta":{"_acf_changed":false},"product_brand":[246],"product_cat":[102,57,98],"product_tag":[],"class_list":{"0":"post-34853","1":"product","2":"type-product","3":"status-publish","4":"has-post-thumbnail","6":"product_brand-sporcks","7":"product_cat-kojines","8":"product_cat-akcijos","9":"product_cat-sportui","11":"first","12":"instock","13":"sale","14":"shipping-taxable","15":"purchasable","16":"product-type-variable"},"acf":[],"tiered_pricing_type":"fixed","tiered_pricing_fixed_rules":[],"tiered_pricing_product_settings":{"layout":"default","base_unit_name":{"singular":null,"plural":null},"default_variation":null},"tiered_pricing_minimum_quantity":null,"tiered_pricing_roles_data":[],"tiered_pricing_percentage_rules":[],"_links":{"self":[{"href":"https:\/\/purama.lt\/lv\/wp-json\/wp\/v2\/product\/34853","targetHints":{"allow":["GET"]}}],"collection":[{"href":"https:\/\/purama.lt\/lv\/wp-json\/wp\/v2\/product"}],"about":[{"href":"https:\/\/purama.lt\/lv\/wp-json\/wp\/v2\/types\/product"}],"replies":[{"embeddable":true,"href":"https:\/\/purama.lt\/lv\/wp-json\/wp\/v2\/comments?post=34853"}],"wp:featuredmedia":[{"embeddable":true,"href":"https:\/\/purama.lt\/lv\/wp-json\/wp\/v2\/media\/34863"}],"wp:attachment":[{"href":"https:\/\/purama.lt\/lv\/wp-json\/wp\/v2\/media?parent=34853"}],"wp:term":[{"taxonomy":"product_brand","embeddable":true,"href":"https:\/\/purama.lt\/lv\/wp-json\/wp\/v2\/product_brand?post=34853"},{"taxonomy":"product_cat","embeddable":true,"href":"https:\/\/purama.lt\/lv\/wp-json\/wp\/v2\/product_cat?post=34853"},{"taxonomy":"product_tag","embeddable":true,"href":"https:\/\/purama.lt\/lv\/wp-json\/wp\/v2\/product_tag?post=34853"}],"curies":[{"name":"wp","href":"https:\/\/api.w.org\/{rel}","templated":true}]}}