{"id":34852,"date":"2025-05-22T12:49:01","date_gmt":"2025-05-22T12:49:01","guid":{"rendered":"https:\/\/purama.lt\/produktas\/kojines-summer-night-white-sporcks\/"},"modified":"2026-04-03T10:26:03","modified_gmt":"2026-04-03T08:26:03","slug":"kojines-vasaras-nakts-baltie-sporta-bikses","status":"publish","type":"product","link":"https:\/\/purama.lt\/lv\/produktas\/kojines-summer-night-white-sporcks\/","title":{"rendered":"SPORCKS Vasaras nakts balt\u0101s sporta ze\u0137es"},"content":{"rendered":"<p>Vai mekl\u0113jat vair\u0101k? Apskatiet visu <a href=\"\/lv\/produktu-etiketes\/sporta-inventars\/\">Sporcks sortimentu<\/a>.<\/p>","protected":false},"excerpt":{"rendered":"<p data-start=\"340\" data-end=\"547\"><strong>SPORCKS Vas<\/strong> \u2013 izstr\u0101d\u0101ti t\u0101, lai saglab\u0101tu k\u0101ju svaigumu un vieglumu visa sp\u0113les laik\u0101. T\u0101 ir izv\u0113le golfa sp\u0113l\u0113t\u0101jiem, kuri nov\u0113rt\u0113 maksim\u0101lu komfortu un stil\u012bgu izskatu laukum\u0101. Pap\u0113\u017ea un pirkstu zon\u0101 izmantots <strong>COOLMAX\u00ae<\/strong> audums, kas absorb\u0113 triecienus, \u013cauj \u0101dai elpot un pal\u012bdz nov\u0113rst tulznas. \u0136emm\u0113ta kokvilna un elpojo\u0161s siets uztur dabisko temperat\u016bras l\u012bdzsvaru un efekt\u012bvi novada mitrumu. \u012apa\u0161i maiga piesk\u0101riena d\u0113\u013c ze\u0137es ir ide\u0101li piem\u0113rotas gar\u0101m stund\u0101m akt\u012bvas p\u0101rvieto\u0161an\u0101s laik\u0101.<\/p>\n<p><strong>K\u0101p\u0113c izv\u0113l\u0113ties:<\/strong><br \/>\n\u2714\ufe0f <strong data-start=\"915\" data-end=\"941\">Golfa sp\u0113l\u0113t\u0101jiem<\/strong>: komforts un atbalsts uz katra so\u013ca<br data-start=\"988\" data-end=\"991\" \/>\u2714\ufe0f <strong data-start=\"994\" data-end=\"1019\">COOLMAX\u00ae tehnolo\u0123ija<\/strong>: aizsardz\u012bba pret triecieniem un lieliska elpojam\u012bba<br data-start=\"1060\" data-end=\"1063\" \/>\u2714\ufe0f <strong data-start=\"1066\" data-end=\"1088\">\u0136emm\u0113ta kokvilna<\/strong>: dabiska maigums un iztur\u012bba<br data-start=\"1128\" data-end=\"1131\" \/>\u2714\ufe0f <strong data-start=\"1134\" data-end=\"1158\">Elpojo\u0161s audums<\/strong>: pal\u012bdz regul\u0113t \u0101das temperat\u016bru<br data-start=\"1194\" data-end=\"1197\" data-is-only-node=\"\" \/>\u2714\ufe0f <strong data-start=\"1200\" data-end=\"1219\">\u0100tri \u017e\u016bst<\/strong>: aizsardz\u012bba pret mitrumu pat karst\u0101s dien\u0101s<br data-start=\"1263\" data-end=\"1266\" \/>\u2714\ufe0f <strong data-start=\"1269\" data-end=\"1293\">Ra\u017eots Sp\u0101nij\u0101<\/strong>: nevainojama kvalit\u0101te un uzticam\u012bba<\/p>","protected":false},"featured_media":34866,"comment_status":"open","ping_status":"closed","template":"","meta":{"_acf_changed":false},"product_brand":[246],"product_cat":[102,57,98],"product_tag":[],"class_list":{"0":"post-34852","1":"product","2":"type-product","3":"status-publish","4":"has-post-thumbnail","6":"product_brand-sporcks","7":"product_cat-kojines","8":"product_cat-akcijos","9":"product_cat-sportui","11":"first","12":"instock","13":"sale","14":"shipping-taxable","15":"purchasable","16":"product-type-variable"},"acf":[],"tiered_pricing_type":"fixed","tiered_pricing_fixed_rules":[],"tiered_pricing_product_settings":{"layout":"default","base_unit_name":{"singular":null,"plural":null},"default_variation":null},"tiered_pricing_minimum_quantity":null,"tiered_pricing_roles_data":[],"tiered_pricing_percentage_rules":[],"_links":{"self":[{"href":"https:\/\/purama.lt\/lv\/wp-json\/wp\/v2\/product\/34852","targetHints":{"allow":["GET"]}}],"collection":[{"href":"https:\/\/purama.lt\/lv\/wp-json\/wp\/v2\/product"}],"about":[{"href":"https:\/\/purama.lt\/lv\/wp-json\/wp\/v2\/types\/product"}],"replies":[{"embeddable":true,"href":"https:\/\/purama.lt\/lv\/wp-json\/wp\/v2\/comments?post=34852"}],"wp:featuredmedia":[{"embeddable":true,"href":"https:\/\/purama.lt\/lv\/wp-json\/wp\/v2\/media\/34866"}],"wp:attachment":[{"href":"https:\/\/purama.lt\/lv\/wp-json\/wp\/v2\/media?parent=34852"}],"wp:term":[{"taxonomy":"product_brand","embeddable":true,"href":"https:\/\/purama.lt\/lv\/wp-json\/wp\/v2\/product_brand?post=34852"},{"taxonomy":"product_cat","embeddable":true,"href":"https:\/\/purama.lt\/lv\/wp-json\/wp\/v2\/product_cat?post=34852"},{"taxonomy":"product_tag","embeddable":true,"href":"https:\/\/purama.lt\/lv\/wp-json\/wp\/v2\/product_tag?post=34852"}],"curies":[{"name":"wp","href":"https:\/\/api.w.org\/{rel}","templated":true}]}}