{"id":34768,"date":"2025-05-19T06:38:05","date_gmt":"2025-05-19T06:38:05","guid":{"rendered":"https:\/\/purama.lt\/produktas\/heliocare-360-color-gel-oil-free-spf-50-beige-apsauginis-gelis-nuo-saules\/"},"modified":"2026-04-14T09:24:01","modified_gmt":"2026-04-14T07:24:01","slug":"heliocare-360-krasu-zeleja-bez-ellas-spf-50-bess-aizsargajoss-gels-pret-saules-stariem","status":"publish","type":"product","link":"https:\/\/purama.lt\/lv\/produktas\/heliocare-360-color-gel-oil-free-spf-50-beige-apsauginis-gelis-nuo-saules\/","title":{"rendered":"Heliocare 360 Color Gel Oil-Free SPF 50+ b\u0113\u0161s aizsarg\u0101jo\u0161s gels pret saules stariem"},"content":{"rendered":"<p><strong>K\u0101 lietot:<\/strong><br>Pirms lieto\u0161anas labi sakratiet. Uzkl\u0101jiet uz t\u012bras, att\u012br\u012btas \u0101das 20-30 min\u016btes pirms sau\u013co\u0161an\u0101s. D\u0101sni un vienm\u0113r\u012bgi izkl\u0101jiet pa visu sejas \u0101du. Atk\u0101rtojiet p\u0113c mazg\u0101\u0161an\u0101s, sv\u012b\u0161anas vai slauc\u012b\u0161an\u0101s ar dvieli. Izvair\u012bties no saskares ar ac\u012bm.<br><br><br><strong>Sast\u0101vda\u013cas:<\/strong> \u016adens (\u016bdens), tit\u0101na dioks\u012bds, C12-15 alkilbenzo\u0101ts, din\u0101trija fenildibenzimidazola tetrasulfon\u0101ts, dikaprilkarbon\u0101ts, argin\u012bns, C14-22 spirti, bis-etilheksilheksilheksifenols metoksifeniltriaz\u012bns, heksil\u0113nglikols, dietilaminohidroksibenzola heksilbenzola benzo\u0101ts, dipropil\u0113nglikola dibenzo\u0101ts, butil\u0113nglikola kokos\u0101ts, fenilbenzimidazolsulfosk\u0101be, trilauret-4 fosf\u0101ts, cetearets-25, C12-20 alkilglikoz\u012bds, Polypodium leucotomos lapu ekstrakts, ferul\u012bnsk\u0101be, kafe\u012bnsk\u0101be, Physalis angulata ekstrakts, etilheksiltriazons, kaprilglikols, propil\u0113nglikols, melan\u012bns, Camelia sinensis ekstrakts, planktona ekstrakts, 3-O-etil-askorb\u012bnsk\u0101be, oksotiazolid\u012bns, fenilpropanols, din\u0101trija etil\u0113ndikokam\u012bda PEG-15 disulf\u0101ts, dietilheksilbutamido triazons, hidroliz\u0113ts kvie\u0161u prote\u012bns\/PVP krosspolim\u0113rs, PPG-15 stearil\u0113terilbenzo\u0101ts, trokserut\u012bns, glicer\u012bns, sil\u012bcija dioks\u012bds, propandiols, stearalkonija hektor\u012bts, propil\u0113na karbon\u0101ts, Tokoferila acet\u0101ts, din\u0101trija EDTA, etillauroilargin\u0101ts HCL, fitosfingoz\u012bna HCL, kapril-kapric triglicer\u012bds, panteniltriacet\u0101ts, butil\u0113nglikols, etillinole\u0101ts, oleoilalkohols, lecit\u012bns, n\u0101trija benzo\u0101ts, tokoferols, fenoksietanols, CI 77492, CI 77491, CI 77499, parfum, linalols, limon\u0113ns.<\/p>","protected":false},"excerpt":{"rendered":"<p><strong>Heliocare 360 Color Gel Oil-Free SPF 50+ Beige - mirdzo\u0161a \u0101da un uzticama aizsardz\u012bba katru dienu<\/strong>. Vai mekl\u0113jat l\u012bdzekli, kas ne tikai nodro\u0161ina uzticamu aizsardz\u012bbu pret saules stariem, bet ar\u012b pie\u0161\u0137ir dabiski gludu sejas kr\u0101su? \u0160is ton\u0113tais g\u0113la kr\u0113ms bez e\u013c\u013cas ir izstr\u0101d\u0101ts t\u0101, lai k\u013c\u016btu par da\u013cu no j\u016bsu ikdienas rut\u012bnas - aizsardz\u012bba, \u0101das tonis un komforts vien\u0101. Viegl\u0101, \u0161\u0137idr\u0101 formula ir ide\u0101li piem\u0113rota jaukta tipa un taukainai \u0101dai - t\u0101 ir viegls, nesv\u012bst un \u013cauj \u0101dai elpot. Pla\u0161a spektra SPF50+ filtri aizsarg\u0101 pret UVA, UVB, redzam\u0101s gaismas un infrasarkanajiem stariem, savuk\u0101rt modernas sast\u0101vda\u013cas, piem\u0113ram, <strong data-start=\"767\" data-end=\"782\">Fernblock\u00ae+<\/strong>, <strong data-start=\"784\" data-end=\"797\">melan\u012bns<\/strong>, <strong data-start=\"799\" data-end=\"817\">fitoekstrakts<\/strong> un <strong data-start=\"821\" data-end=\"857\">sebuma regul\u0113\u0161anas komplekss<\/strong>pal\u012bdz uztur\u0113t \u0101du t\u012bru, nomierin\u0101tu un aizsarg\u0101tu pat saspringt\u0101kaj\u0101s dien\u0101s. <\/p>\n<p><strong>K\u0101p\u0113c izv\u0113l\u0113ties:<br \/><\/strong> \u2714\ufe0f \u013boti augsta SPF50+ aizsardz\u012bba pret UVB, UVA, IR-A un redzamo gaismu.<br data-start=\"1042\" data-end=\"1045\" \/>\u2714\ufe0f Ton\u0113ta, viegla tekst\u016bra - optiski izl\u012bdzina \u0101das toni.<br data-start=\"1109\" data-end=\"1112\" \/>\u2714\ufe0f Paredz\u0113ts jauktai un taukainai \u0101dai - regul\u0113 sebuma sekr\u0113ciju.<br data-start=\"1178\" data-end=\"1181\" \/>\u2714\ufe0f Nemazg\u0101jams, nesl\u012bdo\u0161s, nenoslogots, nesl\u012bdo\u0161s<br data-start=\"1213\" data-end=\"1216\" \/>\u2714\ufe0f Bag\u0101tin\u0101ts ar antioksidantiem un biomim\u0113tisko melan\u012bnu.<br data-start=\"1271\" data-end=\"1274\" \/>\u2714\ufe0f \u016adensnecaurlaid\u012bgs - uzticams pat akt\u012bv\u0101 dien\u0101<\/p>","protected":false},"featured_media":34754,"comment_status":"open","ping_status":"closed","template":"","meta":{"_acf_changed":false},"product_brand":[428],"product_cat":[92,303,300],"product_tag":[],"class_list":{"0":"post-34768","1":"product","2":"type-product","3":"status-publish","4":"has-post-thumbnail","6":"product_brand-heliocare","7":"product_cat-groziui","8":"product_cat-kremai-nuo-saules-kunui","9":"product_cat-kunui","11":"first","12":"outofstock","13":"shipping-taxable","14":"purchasable","15":"product-type-simple"},"acf":[],"tiered_pricing_type":"fixed","tiered_pricing_fixed_rules":[],"tiered_pricing_product_settings":{"layout":"default","base_unit_name":{"singular":null,"plural":null},"default_variation":null},"tiered_pricing_minimum_quantity":null,"tiered_pricing_roles_data":[],"tiered_pricing_percentage_rules":[],"_links":{"self":[{"href":"https:\/\/purama.lt\/lv\/wp-json\/wp\/v2\/product\/34768","targetHints":{"allow":["GET"]}}],"collection":[{"href":"https:\/\/purama.lt\/lv\/wp-json\/wp\/v2\/product"}],"about":[{"href":"https:\/\/purama.lt\/lv\/wp-json\/wp\/v2\/types\/product"}],"replies":[{"embeddable":true,"href":"https:\/\/purama.lt\/lv\/wp-json\/wp\/v2\/comments?post=34768"}],"wp:featuredmedia":[{"embeddable":true,"href":"https:\/\/purama.lt\/lv\/wp-json\/wp\/v2\/media\/34754"}],"wp:attachment":[{"href":"https:\/\/purama.lt\/lv\/wp-json\/wp\/v2\/media?parent=34768"}],"wp:term":[{"taxonomy":"product_brand","embeddable":true,"href":"https:\/\/purama.lt\/lv\/wp-json\/wp\/v2\/product_brand?post=34768"},{"taxonomy":"product_cat","embeddable":true,"href":"https:\/\/purama.lt\/lv\/wp-json\/wp\/v2\/product_cat?post=34768"},{"taxonomy":"product_tag","embeddable":true,"href":"https:\/\/purama.lt\/lv\/wp-json\/wp\/v2\/product_tag?post=34768"}],"curies":[{"name":"wp","href":"https:\/\/api.w.org\/{rel}","templated":true}]}}