{"id":34766,"date":"2025-05-19T06:38:04","date_gmt":"2025-05-19T06:38:04","guid":{"rendered":"https:\/\/purama.lt\/produktas\/heliocare-360-mineral-tolerance-fluid-spf50-apsauginis-fluidas-nuo-saules\/"},"modified":"2026-04-10T13:03:30","modified_gmt":"2026-04-10T11:03:30","slug":"heliocare-360-mineralu-tolerances-skidrums-spf50-saules-aizsardzibas-skidrums","status":"publish","type":"product","link":"https:\/\/purama.lt\/lv\/produktas\/heliocare-360-mineral-tolerance-fluid-spf50-apsauginis-fluidas-nuo-saules\/","title":{"rendered":"Heliocare 360 Mineral Tolerance Fluid SPF50+ Saules aizsardz\u012bbas \u0161\u0137idrums"},"content":{"rendered":"<p><strong>K\u0101 lietot:<\/strong><br>Pirms lieto\u0161anas labi sakratiet. Pirms do\u0161an\u0101s \u0101r\u0101 vienm\u0113r\u012bgi uzkl\u0101jiet uz sejas. Atk\u0101rtoti uzkl\u0101jiet p\u0113c sv\u012b\u0161anas, peldes vai noslauc\u012b\u0161an\u0101s ar dvieli. Izvair\u012bties no saskares ar ac\u012bm.<br><br><strong>Sast\u0101vda\u013cas:<\/strong><br>\u016adens, dimetikons, izododek\u0101ns, C12-15 alkilbenzo\u0101ts, hidrogen\u0113ts polidec\u0113ns, tit\u0101na dioks\u012bds (nano), cinka oks\u012bds (nano), butiloctilsalicil\u0101ts, alum\u012bnija oks\u012bds, stirola\/akril\u0101tu kopolim\u0113rs, fenetilbenzo\u0101ts, PEG-9 polidimetilsiloksiloksietildimetikons, neilons-12, Polypodium Leucotomos lapu ekstrakts, ferul\u012bnsk\u0101be, kafe\u012bnsk\u0101be, Physalis Angulata ekstrakts, kaprilglikols, melan\u012bns, Camellia Sinensis ekstrakts, Planktona ekstrakts, 3-O-etil-askorb\u012bnsk\u0101be, izoheksadek\u0101ns, \u016bde\u0146ra\u017ea dimetikons, fenilpropanols, polihidroksistear\u012bnsk\u0101be, magnija sulf\u0101ts, tokoferila acet\u0101ts, dimetikona\/PEG-10\/15 krosspolim\u0113rs, propandiols, trietoksikaprilsil\u0101ns, propil\u0113nkarbon\u0101ts, kaprilkapric\/kapric triglicer\u012bds, panteniltriacet\u0101ts, butil\u0113nglikols, propil\u0113nglikols, argin\u012bns, etillinole\u0101ts, oleilspirts, pentil\u0113nglikols.<\/p>","protected":false},"excerpt":{"rendered":"<p class=\"\" data-start=\"101\" data-end=\"218\"><strong data-start=\"101\" data-end=\"218\">Heliocare 360 Mineral Tolerance Fluid SPF 50+ - \u012bpa\u0161i maiga aizsardz\u012bba jut\u012bgai \u0101dai ar miner\u0101lu filtriem.\u00a0<\/strong>\u0160is aizsarg\u0101jo\u0161ais \u0161\u0137idrums ir \u012bpa\u0161i izstr\u0101d\u0101ts jut\u012bgai, reakt\u012bvai un pret sauli iztur\u012bgai \u0101dai. Viegla, \u0101tri uzs\u016bco\u0161a tekst\u016bra rada neredzamu, nelip\u012bgu aizsargpl\u0113vi, kas piem\u0113rota pat tum\u0161\u0101kiem \u0101das to\u0146iem. Sast\u0101vs: <strong data-start=\"464\" data-end=\"525\">Tikai miner\u0101lie filtri (tit\u0101na dioks\u012bds un cinka oks\u012bds)<\/strong> aizsarg\u0101 \u0101du no <strong data-start=\"540\" data-end=\"575\">visi \u010detri starojuma veidi.<\/strong> - UVB, UVA, redzam\u0101 gaisma un IR-A. Inovat\u012bvs <strong data-start=\"626\" data-end=\"641\">Fernblock\u00ae+<\/strong> Tehnolo\u0123ija ir papildin\u0101ta ar antioksidantiem (ferul\u012bnsk\u0101bi un kofe\u012bnsk\u0101bi) un \u0101du aizsarg\u0101jo\u0161u biolo\u0123isko \u0161\u0137idrumu ar biomim\u0113tisko melan\u012bnu un OTZ 10, kas pal\u012bdz neitraliz\u0113t br\u012bvos radik\u0101\u013cus. <\/p>\n<p><strong>K\u0101p\u0113c izv\u0113l\u0113ties:<br \/><\/strong>\u2714\ufe0f 100 % miner\u0101lie filtri - bez \u0137\u012bmiskajiem UV filtriem<br data-start=\"906\" data-end=\"909\" \/>\u2714\ufe0f Pla\u0161a spektra aizsardz\u012bba: SPF50+, PA++++, aizsardz\u012bba pret UVB, UVA, redzamo gaismu un infrasarkano starojumu.<br data-start=\"1018\" data-end=\"1021\" \/>\u2714\ufe0f Piem\u0113rots pat \u013coti jut\u012bgai vai saules boj\u0101tai \u0101dai.<br data-start=\"1076\" data-end=\"1079\" \/>\u2714\ufe0f Viegls, neredzams p\u0101rkl\u0101jums - nav b\u0101lgana efekta.<br data-start=\"1131\" data-end=\"1134\" \/>\u2714\ufe0f Hipoaler\u0123iska, dermatologu p\u0101rbaud\u012bta formula<br data-start=\"1181\" data-end=\"1184\" \/>\u2714\ufe0f \u016adensiztur\u012bgs, ide\u0101li piem\u0113rots ikdienas lieto\u0161anai<br data-start=\"1234\" data-end=\"1237\" \/>\u2714\ufe0f Satur antioksidantus un nomierino\u0161us augu ekstraktus.<\/p>","protected":false},"featured_media":34760,"comment_status":"open","ping_status":"closed","template":"","meta":{"_acf_changed":false},"product_brand":[428],"product_cat":[92,299,59],"product_tag":[],"class_list":{"0":"post-34766","1":"product","2":"type-product","3":"status-publish","4":"has-post-thumbnail","6":"product_brand-heliocare","7":"product_cat-groziui","8":"product_cat-kremai-nuo-saules-veidui","9":"product_cat-veidui","11":"first","12":"instock","13":"shipping-taxable","14":"purchasable","15":"product-type-simple"},"acf":[],"tiered_pricing_type":"fixed","tiered_pricing_fixed_rules":[],"tiered_pricing_product_settings":{"layout":"default","base_unit_name":{"singular":null,"plural":null},"default_variation":null},"tiered_pricing_minimum_quantity":null,"tiered_pricing_roles_data":[],"tiered_pricing_percentage_rules":[],"_links":{"self":[{"href":"https:\/\/purama.lt\/lv\/wp-json\/wp\/v2\/product\/34766","targetHints":{"allow":["GET"]}}],"collection":[{"href":"https:\/\/purama.lt\/lv\/wp-json\/wp\/v2\/product"}],"about":[{"href":"https:\/\/purama.lt\/lv\/wp-json\/wp\/v2\/types\/product"}],"replies":[{"embeddable":true,"href":"https:\/\/purama.lt\/lv\/wp-json\/wp\/v2\/comments?post=34766"}],"wp:featuredmedia":[{"embeddable":true,"href":"https:\/\/purama.lt\/lv\/wp-json\/wp\/v2\/media\/34760"}],"wp:attachment":[{"href":"https:\/\/purama.lt\/lv\/wp-json\/wp\/v2\/media?parent=34766"}],"wp:term":[{"taxonomy":"product_brand","embeddable":true,"href":"https:\/\/purama.lt\/lv\/wp-json\/wp\/v2\/product_brand?post=34766"},{"taxonomy":"product_cat","embeddable":true,"href":"https:\/\/purama.lt\/lv\/wp-json\/wp\/v2\/product_cat?post=34766"},{"taxonomy":"product_tag","embeddable":true,"href":"https:\/\/purama.lt\/lv\/wp-json\/wp\/v2\/product_tag?post=34766"}],"curies":[{"name":"wp","href":"https:\/\/api.w.org\/{rel}","templated":true}]}}