{"id":34765,"date":"2025-05-19T06:38:04","date_gmt":"2025-05-19T06:38:04","guid":{"rendered":"https:\/\/purama.lt\/produktas\/heliocare-360-airgel-spf50-apsauginis-kremas-nuo-saules\/"},"modified":"2026-04-14T09:24:01","modified_gmt":"2026-04-14T07:24:01","slug":"heliocare-360-airgel-spf50-saules-aizsargkrems","status":"publish","type":"product","link":"https:\/\/purama.lt\/lv\/produktas\/heliocare-360-airgel-spf50-apsauginis-kremas-nuo-saules\/","title":{"rendered":"Heliocare 360 Airgel SPF50+ saules aizsargkr\u0113ms"},"content":{"rendered":"<p><strong>Lieto\u0161ana:<\/strong><br>Lietojiet katru dienu k\u0101 p\u0113d\u0113jo \u0101das kop\u0161anas proced\u016bras soli. Vienm\u0113r\u012bgi izkl\u0101jiet apm\u0113ram divu pirkstu garum\u0101 uz sejas, kakla un cit\u0101m atkl\u0101t\u0101m \u0137erme\u0146a zon\u0101m. Uzglab\u0101t t\u0101l\u0101k no ac\u012bm. Ja ilgsto\u0161i uzturaties saul\u0113, uzkl\u0101jiet l\u012bdzekli ik p\u0113c 2 stund\u0101m, \u012bpa\u0161i p\u0113c peldes vai iz\u017e\u0101v\u0113\u0161anas ar dvieli.<br><br><strong>Sast\u0101vda\u013cas:<\/strong> 1-hidroksietil-4,5-diamino pirazola sulf\u0101ts, 2-metilrezorc\u012bns, 4-amino-2-hidroksitoluols, aminopropilfeniltrimetikons, amonija laurilsulf\u0101ts, \u016bdens, cetearila alkohols, kokamidopropilbeta\u012bns, dimetikons, etanolam\u012bns, glicerilstear\u0101ts SE, Hidroliz\u0113ta hialuronsk\u0101be, hidroliz\u0113ts sojas prote\u012bns, izopropilspirts, izostear\u012bnsk\u0101be, laurets-2, parf\u012bms, polikvaternijs-22, polikvaternijs-6, propil\u0113nglikols, n\u0101trija sulf\u012bts, tetran\u0101trija EDTA, tit\u0101na dioks\u012bds, toluol-2,5-diam\u012bna sulf\u0101ts.<\/p>","protected":false},"excerpt":{"rendered":"<p class=\"\" data-start=\"66\" data-end=\"166\"><strong data-start=\"66\" data-end=\"166\">Heliocare 360 Airgel SPF50+ aizsarg\u0101jo\u0161s g\u0113ls pret saules stariem - neredzama, bet sp\u0113c\u012bga ikdienas aizsardz\u012bba.\u00a0<\/strong>Vai mekl\u0113jat vieglu, neredzamu, bet piln\u012bb\u0101 efekt\u012bvu saules aizsargl\u012bdzekli? <strong data-start=\"246\" data-end=\"277\">Heliocare 360 Airgel SPF50+<\/strong> - ir ekskluz\u012bvs aizsarg\u0101jo\u0161s g\u0113ls, kas apvieno modernu fotoprotekcijas tehnolo\u0123iju un vieglu, elpojo\u0161u tekst\u016bru, kas ir ide\u0101li piem\u0113rota ikdienas lieto\u0161anai pat jut\u012bg\u0101kai \u0101dai. Tas aizsarg\u0101 ne tikai pret UVA un UVB stariem, bet ar\u012b pret kait\u012bgo redzamo gaismu un infrasarkanajiem stariem (IR-A), kas var izrais\u012bt priek\u0161laic\u012bgu noveco\u0161anos, pigment\u0101ciju un \u0101das boj\u0101jumus. Papildin\u0101ts ar <strong data-start=\"670\" data-end=\"684\">Fernblock\u00ae<\/strong> tehnolo\u0123ija apvienojum\u0101 ar <strong data-start=\"707\" data-end=\"726\">C, E vitam\u012bni<\/strong> un <strong data-start=\"730\" data-end=\"761\">za\u013c\u0101s t\u0113jas ekstrakts<\/strong> darbojas k\u0101 sp\u0113c\u012bgs antioksidants - pal\u012bdz neitraliz\u0113t br\u012bvos radik\u0101\u013cus un uztur\u0113t vesel\u012bgu un gludu \u0101du. Vieglais g\u0113ls \u0101tri ies\u016bcas, neatst\u0101j baltuma vai taukain\u012bbas saj\u016btu un padara \u0101du mat\u0113tu un svaigu. Piem\u0113rots visiem \u0101das tipiem, s\u0101kot no taukainas l\u012bdz jut\u012bgai \u0101dai, k\u0101 ar\u012b lieto\u0161anai p\u0113c dermatolo\u0123isk\u0101m proced\u016br\u0101m vai pavadot laiku \u0101rpus telp\u0101m. <\/p>\n<p><strong data-start=\"1132\" data-end=\"1184\">K\u0101p\u0113c izv\u0113l\u0113ties?<\/strong><br data-start=\"1184\" data-end=\"1187\" \/>\u2714\ufe0f Aizsardz\u012bba pret 4 starojuma veidiem: UVA, UVB, redzamo gaismu un IR-A.<br data-start=\"1257\" data-end=\"1260\" \/>\u2714\ufe0f Uzlabot\u0101 Fernblock\u00ae tehnolo\u0123ija ar sp\u0113c\u012bgiem antioksidantiem.<br data-start=\"1323\" data-end=\"1326\" \/>\u2714\ufe0f Nodro\u0161ina mat\u0113tu, t\u012bras \u0101das saj\u016btu - bez lip\u012bguma un sp\u012bduma.<br data-start=\"1389\" data-end=\"1392\" \/>\u2714\ufe0f DNS atjauno\u0161anas enz\u012bmi pal\u012bdz stiprin\u0101t \u0101das notur\u012bbu pret vides stresu.<br data-start=\"1469\" data-end=\"1472\" \/>\u2714\ufe0f Piem\u0113rots jut\u012bgai, uz pinn\u0113m tend\u0113tai vai \u0101rst\u0113\u0161anai pak\u013cautai \u0101dai.<br data-start=\"1535\" data-end=\"1538\" \/>\u2714\ufe0f \u016adensiztur\u012bga formula - ide\u0101li piem\u0113rota akt\u012bvam dz\u012bvesveidam<\/p>","protected":false},"featured_media":34776,"comment_status":"open","ping_status":"closed","template":"","meta":{"_acf_changed":false},"product_brand":[428],"product_cat":[92,303,300],"product_tag":[],"class_list":{"0":"post-34765","1":"product","2":"type-product","3":"status-publish","4":"has-post-thumbnail","6":"product_brand-heliocare","7":"product_cat-groziui","8":"product_cat-kremai-nuo-saules-kunui","9":"product_cat-kunui","11":"first","12":"outofstock","13":"shipping-taxable","14":"purchasable","15":"product-type-simple"},"acf":[],"tiered_pricing_type":"fixed","tiered_pricing_fixed_rules":[],"tiered_pricing_product_settings":{"layout":"default","base_unit_name":{"singular":null,"plural":null},"default_variation":null},"tiered_pricing_minimum_quantity":null,"tiered_pricing_roles_data":[],"tiered_pricing_percentage_rules":[],"_links":{"self":[{"href":"https:\/\/purama.lt\/lv\/wp-json\/wp\/v2\/product\/34765","targetHints":{"allow":["GET"]}}],"collection":[{"href":"https:\/\/purama.lt\/lv\/wp-json\/wp\/v2\/product"}],"about":[{"href":"https:\/\/purama.lt\/lv\/wp-json\/wp\/v2\/types\/product"}],"replies":[{"embeddable":true,"href":"https:\/\/purama.lt\/lv\/wp-json\/wp\/v2\/comments?post=34765"}],"wp:featuredmedia":[{"embeddable":true,"href":"https:\/\/purama.lt\/lv\/wp-json\/wp\/v2\/media\/34776"}],"wp:attachment":[{"href":"https:\/\/purama.lt\/lv\/wp-json\/wp\/v2\/media?parent=34765"}],"wp:term":[{"taxonomy":"product_brand","embeddable":true,"href":"https:\/\/purama.lt\/lv\/wp-json\/wp\/v2\/product_brand?post=34765"},{"taxonomy":"product_cat","embeddable":true,"href":"https:\/\/purama.lt\/lv\/wp-json\/wp\/v2\/product_cat?post=34765"},{"taxonomy":"product_tag","embeddable":true,"href":"https:\/\/purama.lt\/lv\/wp-json\/wp\/v2\/product_tag?post=34765"}],"curies":[{"name":"wp","href":"https:\/\/api.w.org\/{rel}","templated":true}]}}