{"id":34694,"date":"2025-05-16T11:19:59","date_gmt":"2025-05-16T11:19:59","guid":{"rendered":"https:\/\/purama.lt\/?post_type=product&#038;p=34694"},"modified":"2026-04-27T18:18:53","modified_gmt":"2026-04-27T16:18:53","slug":"donotage-pure-nmn-powder-nmn-pulveris","status":"publish","type":"product","link":"https:\/\/purama.lt\/lv\/produktas\/grynas-nmn-nikotinamido-mononukleotido-milteliai-donotage\/","title":{"rendered":"DoNotAge T\u012bri NMN pulveri"},"content":{"rendered":"<p><strong>Pat\u0113ri\u0146\u0161:<\/strong><\/p>\n\n\n\n<p>Pusi kausi\u0146a pulvera (500 mg NMN) jebkur\u0101 diennakts laik\u0101 sajaukt ar 100-200 ml \u016bdens.&nbsp;<\/p>\n\n\n\n<p>Uzglab\u0101t saus\u0101, tum\u0161\u0101, b\u0113rniem nepieejam\u0101 viet\u0101, temperat\u016br\u0101, kas nep\u0101rsniedz 25 \u00b0C.<\/p>\n\n\n\n<p><strong>Br\u012bdin\u0101jumi:<\/strong><\/p>\n\n\n\n<p>Nep\u0101rsniedziet ieteicamo dienas devu. Uztura bag\u0101tin\u0101t\u0101ju nedr\u012bkst lietot k\u0101 p\u0101rtikas aizst\u0101j\u0113ju. Svar\u012bgs ir daudzveid\u012bgs un sabalans\u0113ts uzturs un vesel\u012bgs dz\u012bvesveids.<\/p>\n\n\n\n<p><strong>Kvalit\u0101tes dokument\u0101cija (COA):<\/strong>&nbsp;COA apstiprina akt\u012bvo vielu daudzumu un galvenos kvalit\u0101tes r\u0101d\u012bt\u0101jus. <strong><a href=\"https:\/\/purama.lt\/wp-content\/uploads\/2026\/01\/Donotage-pure-NMN-Powder-COA.pdf\" target=\"_blank\" data-type=\"link\" data-id=\"https:\/\/purama.lt\/wp-content\/uploads\/2026\/01\/Donotage-pure-NMN-Powder-COA.pdf\" rel=\"noreferrer noopener\">COA (PDF)<\/a><\/strong><\/p>\n\n\n\n<hr class=\"wp-block-separator has-alpha-channel-opacity\"\/>\n\n\n\n<h3 class=\"wp-block-heading\">NMN Guide 2026: zin\u0101tniskais konteksts un kvalit\u0101tes krit\u0113riji<\/h3>\n\n\n\n<p>NMN t\u0113ma bie\u017ei tiek apl\u016bkota internet\u0101, t\u0101p\u0113c ir v\u0113rts atsaukties uz p\u0101rbaud\u0101mo: ko liecina p\u0113t\u012bjumi ar cilv\u0113kiem, ko noz\u012bm\u0113 NAD+ konteksts un k\u0101 atpaz\u012bt dokument\u0113tu kvalit\u0101ti (COA, partijas dati, t\u012br\u012bbas\/piedevu kontrole).<\/p>\n\n\n\n<p><strong><a href=\"https:\/\/purama.lt\/lv\/nmn-celvedis\/\" data-type=\"link\" data-id=\"https:\/\/purama.lt\/nmn-gidas\/\">Izlasiet ce\u013cvedi:<\/a><\/strong><\/p>","protected":false},"excerpt":{"rendered":"<p><strong>DoNotAge Pure NMN pulveris:<\/strong> NMN ir organism\u0101 dabiski sastopama viela, kas ir svar\u012bgs NAD+ (nikot\u012bnam\u012bda aden\u012bna dinukleot\u012bda) prekursors. NMN (nikot\u012bnam\u012bda mononukleot\u012bds) tika ieg\u016bts no augu ekstrakta (broko\u013ciem). NAD+ ir viela, kas piedal\u0101s \u0161\u016bnu metabolism\u0101 \u2013 proces\u0101, kur\u0101 uzturvielas tiek p\u0101rv\u0113rstas ener\u0123ij\u0101.<\/p>\n<p>Vai mekl\u0113jat vair\u0101k DoNotAge? P\u0101rbaudiet <a href=\"https:\/\/purama.lt\/lv\/produktu-etiketes\/donotage\/\">pilns DoNotAge diapazons<\/a>.<\/p>","protected":false},"featured_media":34696,"comment_status":"open","ping_status":"closed","template":"","meta":{"_acf_changed":false},"product_brand":[242],"product_cat":[122,57,251,257,260,263,262,248,259,123,249,256,258,250],"product_tag":[],"class_list":{"0":"post-34694","1":"product","2":"type-product","3":"status-publish","4":"has-post-thumbnail","6":"product_brand-donotage","7":"product_cat-lasteliu-jaunystei","8":"product_cat-akcijos","9":"product_cat-antioksidantai","10":"product_cat-atmintis-ir-demesys","11":"product_cat-energijai-ir-apykaitai","12":"product_cat-fizine-istverme","13":"product_cat-medziagu-apykaita","14":"product_cat-nad-ir-mitochondrijos","15":"product_cat-nuotaika-ir-stresas","16":"product_cat-papildai-ilgaamziskumui","17":"product_cat-senolitikai","18":"product_cat-smegenims-ir-atminciai","19":"product_cat-smegenu-apsauga","20":"product_cat-telomeru-ir-dnr-apsauga","22":"first","23":"instock","24":"sale","25":"shipping-taxable","26":"purchasable","27":"product-type-simple"},"acf":[],"tiered_pricing_type":"fixed","tiered_pricing_fixed_rules":[],"tiered_pricing_product_settings":{"layout":"default","base_unit_name":{"singular":null,"plural":null},"default_variation":null},"tiered_pricing_minimum_quantity":null,"tiered_pricing_roles_data":[],"tiered_pricing_percentage_rules":[],"_links":{"self":[{"href":"https:\/\/purama.lt\/lv\/wp-json\/wp\/v2\/product\/34694","targetHints":{"allow":["GET"]}}],"collection":[{"href":"https:\/\/purama.lt\/lv\/wp-json\/wp\/v2\/product"}],"about":[{"href":"https:\/\/purama.lt\/lv\/wp-json\/wp\/v2\/types\/product"}],"replies":[{"embeddable":true,"href":"https:\/\/purama.lt\/lv\/wp-json\/wp\/v2\/comments?post=34694"}],"wp:featuredmedia":[{"embeddable":true,"href":"https:\/\/purama.lt\/lv\/wp-json\/wp\/v2\/media\/34696"}],"wp:attachment":[{"href":"https:\/\/purama.lt\/lv\/wp-json\/wp\/v2\/media?parent=34694"}],"wp:term":[{"taxonomy":"product_brand","embeddable":true,"href":"https:\/\/purama.lt\/lv\/wp-json\/wp\/v2\/product_brand?post=34694"},{"taxonomy":"product_cat","embeddable":true,"href":"https:\/\/purama.lt\/lv\/wp-json\/wp\/v2\/product_cat?post=34694"},{"taxonomy":"product_tag","embeddable":true,"href":"https:\/\/purama.lt\/lv\/wp-json\/wp\/v2\/product_tag?post=34694"}],"curies":[{"name":"wp","href":"https:\/\/api.w.org\/{rel}","templated":true}]}}