{"id":34608,"date":"2025-05-13T07:55:12","date_gmt":"2025-05-13T07:55:12","guid":{"rendered":"https:\/\/purama.lt\/produktas\/torriden-balanceful-cica-veido-kremas\/"},"modified":"2026-04-10T13:03:30","modified_gmt":"2026-04-10T11:03:30","slug":"torriden-balanceful-cica-sejas-krems","status":"publish","type":"product","link":"https:\/\/purama.lt\/lv\/produktas\/torriden-balanceful-cica-veido-kremas\/","title":{"rendered":"Torriden Balanceful Cica sejas kr\u0113ms"},"content":{"rendered":"<p><strong>K\u0101 lietot:<\/strong><br>Nelielu daudzumu uzkl\u0101jiet uz t\u012bras, toniz\u0113tas sejas un kakla \u0101das. Ar ap\u013cveida kust\u012bb\u0101m maigi iemas\u0113jiet, izvairoties no acu un l\u016bpu zonas. Lietojiet no r\u012bta un\/vai vakar\u0101 k\u0101 p\u0113d\u0113jo \u0101das kop\u0161anas soli.<br><br><strong>Sast\u0101vda\u013cas:<\/strong> \u016adens, butil\u0113nglikols, glicer\u012bns, heptil-undecilin\u0101ts, 1,2-heksandiols, asijas centellas ekstrakts, madekask\u0101be, asijas sk\u0101be, asiatisk\u0101 sk\u0101be, asiatikoz\u012bds, madekaskoz\u012bds, pantenols, alanto\u012bns, hidroliz\u0113ta hialuronsk\u0101be, Swertia Japonica ekstrakts, Nymphaea Caerulea ziedu ekstrakts, Lactobacillus ferments, Althaea Rosea ziedu ekstrakts, Carthamus Tinctorius (saflora) ziedu ekstrakts, beta\u012bns, kaprilic\/kapric triglicer\u012bds, cetearila alkohols, propandiols, C14-22 spirti, dipeptid-2, akril\u0101tu\/C10-30 alkilakril\u0101ta krospolim\u0113rs, hidroksietilakril\u0101ta\/n\u0101trija akriloildimetiltaur\u0101ta kopolim\u0113rs, n\u0101trija poliakril\u0101ts, glicerilakril\u0101ta\/akrilsk\u0101bes kopolim\u0113rs, PVM\/MA kopolim\u0113rs, sorbit\u0101na izostear\u0101ts, poligliceril-3 poliricinole\u0101ts, Izopentildiols, Kaprilsalicilsalicilsk\u0101be, C12-20 alkilglikoz\u012bds, Poligliceril-4 ole\u0101ts, n\u0101trija stearoilglutam\u0101ts, n\u0101trija virsmacti\u0146\u0161, kapronsk\u0101be, ksant\u0101na sve\u0137i, trometam\u012bns, n\u0101trija acet\u0101ts, n\u0101trija acet\u0101ts, din\u0101trija EDTA, etilheksilglicer\u012bns, Gardenia Florida aug\u013cu ekstrakts.<\/p>","protected":false},"excerpt":{"rendered":"<p data-start=\"190\" data-end=\"296\"><strong data-start=\"194\" data-end=\"296\">Torriden Balanceful Cica sejas kr\u0113ms ir gl\u0101bi\u0146\u0161 jut\u012bgai, sausai un kairin\u0101tai \u0101dai.\u00a0<\/strong>Aizmirstiet par stiep\u0161an\u0101s saj\u016btu, aps\u0101rtumu un nepat\u012bkamu sausumu. <strong><em data-start=\"364\" data-end=\"396\">Torriden Balanceful Cica kr\u0113ms<\/em><\/strong> - Intens\u012bvi mitrino\u0161s, nomierino\u0161s kr\u0113ms ar \u017eelejveida tekst\u016bru, kas \u012bpa\u0161i izstr\u0101d\u0101ts jut\u012bgai, problem\u0101tiskai vai kairin\u0101tai \u0101dai. T\u0101 viegl\u0101 tekst\u016bra \u0101tri ies\u016bcas un uzreiz sniedz atvieglojumu un komfortu. Bag\u0101tin\u0101ts ar <em data-start=\"645\" data-end=\"674\">\u0100zijas Centella ekstrakts<\/em>, <em data-start=\"676\" data-end=\"690\">madekasososidu<\/em>, <em data-start=\"692\" data-end=\"706\">asiatikozidu<\/em> un <em data-start=\"710\" data-end=\"722\">pantenols<\/em>Kr\u0113ms ne tikai pal\u012bdz atjaunot \u0101das l\u012bdzsvaru, bet ar\u012b aizsarg\u0101 to no ikdienas stresa un vides kairin\u0101t\u0101jiem.<\/p>\n<p class=\"\" data-start=\"837\" data-end=\"861\"><strong data-start=\"837\" data-end=\"861\">K\u0101p\u0113c izv\u0113l\u0113ties:<br \/><\/strong>\u2714\ufe0f Nomierina kairin\u0101tu, aps\u0101rt\u0113ju\u0161u vai jut\u012bgu \u0101du.<br data-start=\"910\" data-end=\"913\" \/>\u2714\ufe0f L\u012bdzsvaro sebuma veido\u0161anos un mitruma l\u012bmeni.<br data-start=\"961\" data-end=\"964\" \/>\u2714\ufe0f Veicina smalko grumbi\u0146u vizu\u0101lo samazin\u0101\u0161anos.<br data-start=\"1022\" data-end=\"1025\" \/>\u2714\ufe0f Nostiprina \u0101das barjeru un aizsarg\u0101 pret \u0101r\u0113jiem faktoriem.<br data-start=\"1082\" data-end=\"1085\" \/>\u2714\ufe0f G\u0113la tekst\u016bra \u0101tri ies\u016bcas un neatst\u0101j taukainu atlikumu.<br data-start=\"1141\" data-end=\"1144\" \/>\u2714\ufe0f Veicina re\u0123ener\u0101ciju, uztur mikrobioma l\u012bdzsvaru.<br data-start=\"1199\" data-end=\"1202\" \/>\u2714\ufe0f Piem\u0113rots visiem \u0101das tipiem - pat visjut\u012bg\u0101kajiem.<\/p>","protected":false},"featured_media":34598,"comment_status":"open","ping_status":"closed","template":"","meta":{"_acf_changed":false},"product_brand":[460],"product_cat":[55,92,500,59],"product_tag":[],"class_list":{"0":"post-34608","1":"product","2":"type-product","3":"status-publish","4":"has-post-thumbnail","6":"product_brand-torriden","7":"product_cat-veido-kremai","8":"product_cat-groziui","9":"product_cat-outlet","10":"product_cat-veidui","12":"first","13":"instock","14":"sale","15":"shipping-taxable","16":"purchasable","17":"product-type-simple"},"acf":[],"tiered_pricing_type":"fixed","tiered_pricing_fixed_rules":[],"tiered_pricing_product_settings":{"layout":"default","base_unit_name":{"singular":null,"plural":null},"default_variation":null},"tiered_pricing_minimum_quantity":null,"tiered_pricing_roles_data":[],"tiered_pricing_percentage_rules":[],"_links":{"self":[{"href":"https:\/\/purama.lt\/lv\/wp-json\/wp\/v2\/product\/34608","targetHints":{"allow":["GET"]}}],"collection":[{"href":"https:\/\/purama.lt\/lv\/wp-json\/wp\/v2\/product"}],"about":[{"href":"https:\/\/purama.lt\/lv\/wp-json\/wp\/v2\/types\/product"}],"replies":[{"embeddable":true,"href":"https:\/\/purama.lt\/lv\/wp-json\/wp\/v2\/comments?post=34608"}],"wp:featuredmedia":[{"embeddable":true,"href":"https:\/\/purama.lt\/lv\/wp-json\/wp\/v2\/media\/34598"}],"wp:attachment":[{"href":"https:\/\/purama.lt\/lv\/wp-json\/wp\/v2\/media?parent=34608"}],"wp:term":[{"taxonomy":"product_brand","embeddable":true,"href":"https:\/\/purama.lt\/lv\/wp-json\/wp\/v2\/product_brand?post=34608"},{"taxonomy":"product_cat","embeddable":true,"href":"https:\/\/purama.lt\/lv\/wp-json\/wp\/v2\/product_cat?post=34608"},{"taxonomy":"product_tag","embeddable":true,"href":"https:\/\/purama.lt\/lv\/wp-json\/wp\/v2\/product_tag?post=34608"}],"curies":[{"name":"wp","href":"https:\/\/api.w.org\/{rel}","templated":true}]}}