{"id":34607,"date":"2025-05-13T07:55:11","date_gmt":"2025-05-13T07:55:11","guid":{"rendered":"https:\/\/purama.lt\/produktas\/some-by-mi-retinol-intense-trial-kit-veido-priemoniu-rinkinys\/"},"modified":"2026-04-10T13:03:30","modified_gmt":"2026-04-10T11:03:30","slug":"some-by-mi-retinol-intense-izmeginajuma-komplekts-sejai","status":"publish","type":"product","link":"https:\/\/purama.lt\/lv\/produktas\/some-by-mi-retinol-intense-trial-kit-veido-priemoniu-rinkinys\/","title":{"rendered":"SOME BY MI Retinol Intense izm\u0113\u0123in\u0101juma komplekts sejai"},"content":{"rendered":"<p><strong>K\u0101 lietot:<\/strong><br><strong>Acu kr\u0113ms:<\/strong> Nelielu daudzumu iemas\u0113jiet uz t\u012bras \u0101das. Lietojiet no r\u012bta un vakar\u0101.<br><strong>Sejas serums:<\/strong> Lietojiet vakar\u0101, 2-3 reizes ned\u0113\u013c\u0101 ned\u0113\u013cas s\u0101kum\u0101. Uzkl\u0101jiet uz toniz\u0113tas \u0101das (izvairoties no acu zonas), iemas\u0113jiet un nobeidziet ar sejas kr\u0113mu. SPF 30+ aizsardz\u012bba ir b\u016btiska dienas laik\u0101.<br><br><strong>Komplekt\u0101 ietilpst:<\/strong><\/p>\n\n\n\n<p><strong>SOME BY MI Intens\u012bvi atjaunojo\u0161s retinola serums<\/strong>, 10 ml<\/p>\n\n\n\n<p><strong>SOME BY MI Retinol Intense Advanced tr\u012bsk\u0101r\u0161as iedarb\u012bbas acu kr\u0113ms<\/strong>, 10 ml<\/p>\n\n\n\n<hr class=\"wp-block-separator has-alpha-channel-opacity\" \/>\n\n\n\n<p><strong>Sast\u0101vda\u013cas:<\/strong><\/p>\n\n\n\n<p><strong>Acu kr\u0113ms:<\/strong><br>Sast\u0101vda\u013cas: \u016adens\/\u016bdens \u016bdens, glicer\u012bns, kaprilic\/kapric triglicer\u012bds, dimetikons, polisorb\u0101ts 60, niac\u012bnam\u012bds, metilprop\u0101ndiols, cetilspirts, polimetilsilsskvioks\u0101ns, retin\u0101ls, retinols, 1,2heks\u0101ndiols, dimetikona\/vinildimetikona krospolim\u0113rs, madekazos\u012bds, glutations, acetilheksapept\u012bds-8, ciklopentasiloks\u0101ns, poliakrilam\u012bds, asiacos\u012bds, kolag\u0113ns, asiacsk\u0101be, madekazsk\u0101be, izoheksadek\u0101ns, karbom\u0113rs, hidroksiacetofenons, Elaeis Guineensis e\u013c\u013ca, C13-14 izoparaf\u012bns, pantenols, trometam\u012bns, palmit\u012bnsk\u0101be, polikvaternijs-51, Dioscorea Japonica sak\u0146u ekstrakts, stear\u012bnsk\u0101be, polisorb\u0101ts 20, Piper Methysticum lapu\/sak\u0146u\/stubl\u0101ja ekstrakts, etilheksilglicer\u012bns, glicerilkapril\u0101ts, poligliceril-10 mirist\u0101ts, tokoferila acet\u0101ts, hidroksietilceluloze, hidroksietilceluloze, hidroksietilceluloze, hidrogen\u0113tais lecit\u012bns, beta-glik\u0101ns, glikoziltrehalozes, Centella Asiatica ekstrakts, Panax Ginseng ogu ekstrakts, glicerilpolimetakril\u0101ts, Laurets-7, butil\u0113nglikols, hidrogen\u0113tas cietes hidroliz\u0101ts, din\u0101trija EDTA, adenoz\u012bns, rafinozi, dipotaksilglicirhiz\u0101ts, lecit\u012bns, smar\u017eas, n\u0101trija hialuron\u0101ts, tokoferols, pentil\u0113nglikols, BHA, BHT, PEG-10 dimetikona\/vinildimetikona krospolim\u0113rs, Stearets-21, Stearets-2, PEG-30 dipolihidroksistear\u0101ts, mirist\u012bnsk\u0101be, Artemisia Capillaris ekstrakts, propandiols, Melaleuca Alternifolia lapu ekstrakts, Ganoderma Lucidum stubl\u0101ja ekstrakts, dipropil\u0113nglikols, din\u0101trija fosf\u0101ts, kaprilglikols, biosahar\u012bds Gum-1, n\u0101trija palmitoilprol\u012bns, Leuconostoc\/rudzu sak\u0146u fermenta filtr\u0101ts, n\u0101trija fosf\u0101ts, amonija akriloksidimetiltaur\u0101ta\/VP kopolim\u0113rs, Chlorella Vulgaris ekstrakts, Glycine Soja s\u0113klu ekstrakts, floret\u012bns, tetrahidropiper\u012bns, argin\u012bns, Nymphaea Alba ziedu ekstrakts.<\/p>\n\n\n\n<p><strong>Serums:<\/strong><br>Sast\u0101vda\u013cas: Piper Methysticum Leaf\/Pepper Methysticum aug\u013cu ekstrakts, Centella Asiatica ekstrakts, Panax Ginseng ogu ekstrakts, Glycyrrhiza Glabra (Licorice) sak\u0146u ekstrakts, Ficus Carica (Fig) aug\u013cu ekstrakts, Centella Asiatica lapu ekstrakts, Centella Asiatica sak\u0146u ekstrakts, Melaleuca Alternifolia (t\u0113jas koka) lapu ekstrakts, Artemisia Capillaris ekstrakts, Eclipta Prostrata ekstrakts, Melia Azadirachta lapu ekstrakts, Elaeis Guineensis (palmu e\u013c\u013ca), hidrogen\u0113ts lecit\u012bns, glicerilstear\u0101ts, bacuchiols, palmit\u012bnsk\u0101be, n\u0101trija poliakril\u0101ts, stear\u012bnsk\u0101be, ksant\u0101na sve\u0137i, retinols (0.1 %), akril\u0101tu\/C10-30 alkilakril\u0101ta krustpolim\u0113rs, butil\u0113nglikols, dipotasija gliciriz\u0101ts, adenoz\u012bns, trometam\u012bns, polikvaternijs-51, beta-glik\u0101ns, cetilspirts, BHT, kolag\u0113ns, mirist\u012bnsk\u0101be, BHA, Leuconostoc\/Radish Root Ferment Filtr\u0101ts, tokoferols, Bifida Ferment Liz\u0101ts, Ceramide NP, Saccharomyces Ferment, Retinal, Asiaticoside, Glyceryl Polymethacrylate, Madecassoside, Propylene Glycol, Polyglyceryl-10 Oleate, Glycolipids, Glycine Soja (Soja) Peptide, Resveratrol, Sucrose Distearate, Asiatic Acid, Madecassic Acid, Palmitoyl Tripeptide-1, Moringa Oleifera Seed Oil, PEG-100 Stearate, Polysorbate 20, Fragrance, Ethylhexylglycerin.<\/p>\n\n\n\n<p><\/p>","protected":false},"excerpt":{"rendered":"<p data-start=\"188\" data-end=\"287\"><strong data-start=\"192\" data-end=\"287\">SOME BY MI Retinol Intense Trial Kit - intens\u012bvs s\u0101kums ce\u013c\u0101 uz mirdzo\u0161u un tvirtu \u0101du.\u00a0<\/strong>Atkl\u0101jiet efekt\u012bvas \u0101das kop\u0161anas iesp\u0113jas ar \u0161o <em data-start=\"337\" data-end=\"361\">mini komplekts<\/em>ar diviem efekt\u012bviem <strong>DA\u017dI NO MANIS<\/strong> produktus ar retinolu. Ide\u0101la izv\u0113le tiem, kas v\u0113las izm\u0113\u0123in\u0101t produktus pirms pilna izm\u0113ra versiju ieg\u0101des vai kas mekl\u0113 efekt\u012bvu, bet maigu ievadu retinola pasaul\u0113. <\/p>\n<p><strong data-start=\"594\" data-end=\"618\">K\u0101p\u0113c izv\u0113l\u0113ties:<br \/><\/strong>\u2714\ufe0f Satur 0,1% retinola, retinola un bakutiola, kas redzami veicina \u0101das tvirtumu un elast\u012bbu.<br data-start=\"722\" data-end=\"725\" \/>\u2714\ufe0f Akt\u012bvo sast\u0101vda\u013cu komplekss (niacinam\u012bds, keram\u012bdi, kolag\u0113ns, pept\u012bdi) izgaismo, izl\u012bdzina un aizsarg\u0101 \u0101du.<br data-start=\"834\" data-end=\"837\" \/>\u2714\ufe0f Acu kr\u0113ms pal\u012bdz samazin\u0101t tum\u0161os lokus un grumbas<br data-start=\"900\" data-end=\"903\" \/>\u2714\ufe0f Serums darbojas dzi\u013ci - ar liposomu tehnolo\u0123iju efekt\u012bvai izplat\u012b\u0161anai<br data-start=\"980\" data-end=\"983\" \/>\u2714\ufe0f \u012apa\u0161i piem\u0113rots jut\u012bgai, problem\u0101tiskai \u0101dai un \u0101dai ar pirmaj\u0101m noveco\u0161an\u0101s paz\u012bm\u0113m.<br data-start=\"1068\" data-end=\"1071\" \/>\u2714\ufe0f Kompakts izm\u0113rs - ide\u0101li piem\u0113rots ce\u013co\u0161anai vai test\u0113\u0161anai<\/p>","protected":false},"featured_media":34597,"comment_status":"open","ping_status":"closed","template":"","meta":{"_acf_changed":false},"product_brand":[241],"product_cat":[93,92,500,59],"product_tag":[],"class_list":{"0":"post-34607","1":"product","2":"type-product","3":"status-publish","4":"has-post-thumbnail","6":"product_brand-some-by-me","7":"product_cat-rinkiniai","8":"product_cat-groziui","9":"product_cat-outlet","10":"product_cat-veidui","12":"first","13":"instock","14":"sale","15":"shipping-taxable","16":"purchasable","17":"product-type-simple"},"acf":[],"tiered_pricing_type":"fixed","tiered_pricing_fixed_rules":[],"tiered_pricing_product_settings":{"layout":"default","base_unit_name":{"singular":null,"plural":null},"default_variation":null},"tiered_pricing_minimum_quantity":null,"tiered_pricing_roles_data":[],"tiered_pricing_percentage_rules":[],"_links":{"self":[{"href":"https:\/\/purama.lt\/lv\/wp-json\/wp\/v2\/product\/34607","targetHints":{"allow":["GET"]}}],"collection":[{"href":"https:\/\/purama.lt\/lv\/wp-json\/wp\/v2\/product"}],"about":[{"href":"https:\/\/purama.lt\/lv\/wp-json\/wp\/v2\/types\/product"}],"replies":[{"embeddable":true,"href":"https:\/\/purama.lt\/lv\/wp-json\/wp\/v2\/comments?post=34607"}],"wp:featuredmedia":[{"embeddable":true,"href":"https:\/\/purama.lt\/lv\/wp-json\/wp\/v2\/media\/34597"}],"wp:attachment":[{"href":"https:\/\/purama.lt\/lv\/wp-json\/wp\/v2\/media?parent=34607"}],"wp:term":[{"taxonomy":"product_brand","embeddable":true,"href":"https:\/\/purama.lt\/lv\/wp-json\/wp\/v2\/product_brand?post=34607"},{"taxonomy":"product_cat","embeddable":true,"href":"https:\/\/purama.lt\/lv\/wp-json\/wp\/v2\/product_cat?post=34607"},{"taxonomy":"product_tag","embeddable":true,"href":"https:\/\/purama.lt\/lv\/wp-json\/wp\/v2\/product_tag?post=34607"}],"curies":[{"name":"wp","href":"https:\/\/api.w.org\/{rel}","templated":true}]}}