{"id":34604,"date":"2025-05-13T07:55:09","date_gmt":"2025-05-13T07:55:09","guid":{"rendered":"https:\/\/purama.lt\/produktas\/skin1004-centella-tonizuojantis-tonikas-veidui\/"},"modified":"2026-04-10T13:03:30","modified_gmt":"2026-04-10T11:03:30","slug":"skin1004-centella-tonizejoss-toniks-sejai","status":"publish","type":"product","link":"https:\/\/purama.lt\/lv\/produktas\/skin1004-centella-tonizuojantis-tonikas-veidui\/","title":{"rendered":"SKIN1004 Centella toniz\u0113jo\u0161ais toniks sejai"},"content":{"rendered":"<p><strong>K\u0101 lietot:<\/strong> P\u0113c att\u012br\u012b\u0161anas uzkl\u0101jiet toniz\u0113jo\u0161o l\u012bdzekli uz vates spilventi\u0146a vai plaukst\u0101m un maigi uzkl\u0101jiet to uz sejas un kakla. \u013baujiet tam ies\u016bkties, p\u0113c tam uzkl\u0101jiet serumu un mitrino\u0161o kr\u0113mu. Lietojiet no r\u012bta un vakar\u0101.<\/p>\n\n\n\n<hr class=\"wp-block-separator has-alpha-channel-opacity\" \/>\n\n\n\n<p><strong>Sast\u0101vda\u013cas:<\/strong> Centella Asiatica ekstrakts, butil\u0113nglikols, metilprop\u0101ndiols, niac\u012bnam\u012bds, 1,2-heksandiols, glicer\u012bns, dipotasija gliciriz\u0101ts, alanto\u012bns, n\u0101trija hialuron\u0101ts, madekazos\u012bds, aziatikoz\u012bds, azi\u0101tisk\u0101 sk\u0101be, madekassk\u0101be, pantenols, adenoz\u012bns, \u016bdens, hidroksietilceluloze, karbom\u0113rs, argin\u012bns, etilheksilglicer\u012bns, din\u0101trija EDTA, citronsk\u0101be.<\/p>","protected":false},"excerpt":{"rendered":"<p data-start=\"136\" data-end=\"236\"><strong data-start=\"140\" data-end=\"236\">SKIN1004 Centella toniz\u0113jo\u0161ais toniks - maigs p\u012blings un dzi\u013ca mitrino\u0161a iedarb\u012bba vien\u0101.\u00a0<\/strong>Atkl\u0101jiet l\u012bdzsvaru starp maigu \u0101das atjauno\u0161anu un intens\u012bvu mitrin\u0101\u0161anu ar <em data-start=\"315\" data-end=\"347\">SKIN1004 Centella toniz\u0113jo\u0161ais toniks<\/em>. \u0160is toniks ir paredz\u0113ts jut\u012bgai, dehidr\u0113tai \u0101dai un \u0101dai, kas zaud\u0113jusi l\u012bdzsvaru, un tas ne tikai no\u0146em atmiru\u0161\u0101s \u0161\u016bnas, bet ar\u012b nomierina, mitrina un atjauno \u0101das dabisko l\u012bdzsvaru. Tonika formula ir bag\u0101tin\u0101ta ar <strong data-start=\"540\" data-end=\"571\">azi\u0101tisk\u0101s centellas ekstrakts<\/strong>, <strong data-start=\"573\" data-end=\"588\">niac\u012bnam\u012bds<\/strong>, <strong data-start=\"590\" data-end=\"612\">hialuronsk\u0101be<\/strong> un <strong data-start=\"616\" data-end=\"629\">adenoz\u012bns<\/strong> - viss, kas nepiecie\u0161ams vesel\u012bgai un mirdzo\u0161ai \u0101dai katru dienu.<\/p>\n<p data-start=\"692\" data-end=\"723\"><strong data-start=\"699\" data-end=\"723\">K\u0101p\u0113c izv\u0113l\u0113ties:<br \/><\/strong>\u2714\ufe0f Maigi no\u0146em atmiru\u0161\u0101s \u0161\u016bnas bez kairin\u0101juma.<br data-start=\"775\" data-end=\"778\" \/>\u2714\ufe0f Mitrina un nomierina pat jut\u012bgu \u0101du.<br data-start=\"814\" data-end=\"817\" \/>\u2714\ufe0f Pal\u012bdz samazin\u0101t poras un l\u012bdzsvarot sebuma veido\u0161anos.<br data-start=\"870\" data-end=\"873\" \/>\u2714\ufe0f Pie\u0161\u0137ir mirdzumu un izl\u012bdzina \u0101das toni.<br data-start=\"923\" data-end=\"926\" \/>\u2714\ufe0f Nostiprina \u0101das aizsargbarjeru.<br data-start=\"962\" data-end=\"965\" \/>\u2714\ufe0f Piem\u0113rots ikdienas lieto\u0161anai no r\u012bta un vakar\u0101<\/p>","protected":false},"featured_media":34594,"comment_status":"open","ping_status":"closed","template":"","meta":{"_acf_changed":false},"product_brand":[454],"product_cat":[220,92,59],"product_tag":[],"class_list":{"0":"post-34604","1":"product","2":"type-product","3":"status-publish","4":"has-post-thumbnail","6":"product_brand-skin1004","7":"product_cat-veido-tonikai","8":"product_cat-groziui","9":"product_cat-veidui","11":"first","12":"instock","13":"shipping-taxable","14":"purchasable","15":"product-type-simple"},"acf":[],"tiered_pricing_type":"fixed","tiered_pricing_fixed_rules":[],"tiered_pricing_product_settings":{"layout":"default","base_unit_name":{"singular":null,"plural":null},"default_variation":null},"tiered_pricing_minimum_quantity":null,"tiered_pricing_roles_data":[],"tiered_pricing_percentage_rules":[],"_links":{"self":[{"href":"https:\/\/purama.lt\/lv\/wp-json\/wp\/v2\/product\/34604","targetHints":{"allow":["GET"]}}],"collection":[{"href":"https:\/\/purama.lt\/lv\/wp-json\/wp\/v2\/product"}],"about":[{"href":"https:\/\/purama.lt\/lv\/wp-json\/wp\/v2\/types\/product"}],"replies":[{"embeddable":true,"href":"https:\/\/purama.lt\/lv\/wp-json\/wp\/v2\/comments?post=34604"}],"wp:featuredmedia":[{"embeddable":true,"href":"https:\/\/purama.lt\/lv\/wp-json\/wp\/v2\/media\/34594"}],"wp:attachment":[{"href":"https:\/\/purama.lt\/lv\/wp-json\/wp\/v2\/media?parent=34604"}],"wp:term":[{"taxonomy":"product_brand","embeddable":true,"href":"https:\/\/purama.lt\/lv\/wp-json\/wp\/v2\/product_brand?post=34604"},{"taxonomy":"product_cat","embeddable":true,"href":"https:\/\/purama.lt\/lv\/wp-json\/wp\/v2\/product_cat?post=34604"},{"taxonomy":"product_tag","embeddable":true,"href":"https:\/\/purama.lt\/lv\/wp-json\/wp\/v2\/product_tag?post=34604"}],"curies":[{"name":"wp","href":"https:\/\/api.w.org\/{rel}","templated":true}]}}