{"id":34603,"date":"2025-05-13T07:55:08","date_gmt":"2025-05-13T07:55:08","guid":{"rendered":"https:\/\/purama.lt\/produktas\/dr-althea-resveratrol-345na-intensyvus-atkuriamasis-kremas\/"},"modified":"2026-04-10T13:03:29","modified_gmt":"2026-04-10T11:03:29","slug":"dr-althea-resveratrol-345na-intensivs-atjaunojoss-krems","status":"publish","type":"product","link":"https:\/\/purama.lt\/lv\/produktas\/dr-althea-resveratrol-345na-intensyvus-atkuriamasis-kremas\/","title":{"rendered":"Dr. Althea Resveratrol 345NA Intens\u012bvi atjaunojo\u0161s atjaunojo\u0161s kr\u0113ms"},"content":{"rendered":"<p><strong>K\u0101 lietot:<\/strong><br>Nelielu daudzumu uzkl\u0101jiet uz t\u012bras, toniz\u0113tas sejas un kakla \u0101das. Viegli iemas\u0113jiet, l\u012bdz piln\u012bb\u0101 ies\u016bcas. Lietojiet no r\u012bta un vakar\u0101.<\/p>\n\n\n\n<hr class=\"wp-block-separator has-alpha-channel-opacity\" \/>\n\n\n\n<p><strong>Sast\u0101vda\u013cas:<\/strong><br>\u016adens, glicer\u012bns, ciklopentasiloks\u0101ns, metilprop\u0101ndiols, 1,2-heks\u0101ndiols, biosahar\u012bds Gum-1, izodecilneopentano\u0101ts, hidrogen\u0113ts poliizobut\u0113ns, dimetikons, amonija akriloildimetiltaur\u0101ta\/vp kopolim\u0113rs, dimetikona\/viniladimetikona krustsocim\u0113rs, a\u013c\u0123u ekstrakts, Eclipta Prostrata lapu ekstrakts, Ficus Carica (v\u012b\u0123es) ekstrakts, Oenothera Biennis (vakara pr\u012bmulas) ziedu ekstrakts, Perilla Ocymoides lapu ekstrakts, Lavandula Angustifolia (lavandules) ziedu ekstrakts, Sargassum Fulvellum ekstrakts, Centella Asiatica lapu ekstrakts, Houttuynia Cordata ekstrakts, Calendula Officinalis ziedu ekstrakts, propolisa ekstrakts, Hibiscus Sabdariffa ziedu ekstrakts, Melia Azadirachta ziedu ekstrakts, Melia Azadirachta lapu ekstrakts, Ulmus Davidiana sak\u0146u ekstrakts, Amaranthus Caudatus s\u0113klu ekstrakts, Curcuma Longa (Tumeric) sak\u0146u ekstrakts, Ocimum Sanctum lapu ekstrakts, Corallina Officinalis ekstrakts, hidrogen\u0113tais lecit\u012bns, Pelargonium Graveolens ziedu e\u013c\u013ca.<\/p>","protected":false},"excerpt":{"rendered":"<p data-start=\"173\" data-end=\"276\"><strong data-start=\"177\" data-end=\"276\">Dr. Althea Resveratrol 345NA ir intens\u012bvi atjaunojo\u0161s kr\u0113ms starojo\u0161ai un l\u012bdzsvarotai \u0101dai.\u00a0<\/strong><em data-start=\"278\" data-end=\"331\">Dr. Althea Resveratrol 345NA Intens\u012bvi atjaunojo\u0161s atjaunojo\u0161s kr\u0113ms<\/em> - ir kr\u0113ms ar vieglu \u017eelejveida tekst\u016bru, kas <strong data-start=\"378\" data-end=\"398\">\u0101tra absorbcija<\/strong>, <strong data-start=\"400\" data-end=\"425\">nomierina sakairin\u0101tu \u0101du<\/strong> un <strong data-start=\"429\" data-end=\"462\">nodro\u0161ina ilgsto\u0161u mitrin\u0101\u0161anu<\/strong>. T\u0101 formula ir bag\u0101tin\u0101ta ar <strong data-start=\"487\" data-end=\"504\">resveratrols<\/strong>kam piem\u012bt antioksidantu \u012bpa\u0161\u012bbas un kas pal\u012bdz c\u012bn\u012bties pret s\u012bk\u0101m grumbi\u0146\u0101m un priek\u0161laic\u012bgas noveco\u0161an\u0101s paz\u012bm\u0113m. Kr\u0113ms ir ide\u0101li piem\u0113rots gan <strong data-start=\"656\" data-end=\"670\">pret pinn\u0113m<\/strong>jut\u012bgai vai sausai \u0101dai - tas <strong data-start=\"714\" data-end=\"738\">maigi atjauno<\/strong>, samazinot aps\u0101rtumu un diskomfortu. Ide\u0101li piem\u0113rots ikdienas lieto\u0161anai no r\u012bta un vakar\u0101, lai \u0101da izskat\u012btos maiga, vienm\u0113r\u012bga un vesel\u012bga. <\/p>\n<p><strong data-start=\"892\" data-end=\"916\">K\u0101p\u0113c izv\u0113l\u0113ties:<br \/><\/strong>\u2714\ufe0f Nomierina kairin\u0101tu un uz izsitumiem nosliektu \u0101du.<br data-start=\"964\" data-end=\"967\" \/>\u2714\ufe0f Resveratrol pal\u012bdz c\u012bn\u012bties pret noveco\u0161an\u0101s paz\u012bm\u0113m.<br data-start=\"1019\" data-end=\"1022\" \/>\u2714\ufe0f Dzi\u013ci mitrina un stiprina \u0101das aizsargbarjeru.<br data-start=\"1064\" data-end=\"1067\" \/>\u2714\ufe0f Viegla \u017eelejas tekst\u016bra \u0101tri ies\u016bcas<br data-start=\"1110\" data-end=\"1113\" \/>\u2714\ufe0f Piem\u0113rots ikdienas lieto\u0161anai visiem \u0101das tipiem.<\/p>","protected":false},"featured_media":34593,"comment_status":"open","ping_status":"closed","template":"","meta":{"_acf_changed":false},"product_brand":[],"product_cat":[55,92,59],"product_tag":[],"class_list":{"0":"post-34603","1":"product","2":"type-product","3":"status-publish","4":"has-post-thumbnail","6":"product_cat-veido-kremai","7":"product_cat-groziui","8":"product_cat-veidui","10":"first","11":"outofstock","12":"shipping-taxable","13":"purchasable","14":"product-type-simple"},"acf":[],"tiered_pricing_type":"fixed","tiered_pricing_fixed_rules":[],"tiered_pricing_product_settings":{"layout":"default","base_unit_name":{"singular":null,"plural":null},"default_variation":null},"tiered_pricing_minimum_quantity":null,"tiered_pricing_roles_data":[],"tiered_pricing_percentage_rules":[],"_links":{"self":[{"href":"https:\/\/purama.lt\/lv\/wp-json\/wp\/v2\/product\/34603","targetHints":{"allow":["GET"]}}],"collection":[{"href":"https:\/\/purama.lt\/lv\/wp-json\/wp\/v2\/product"}],"about":[{"href":"https:\/\/purama.lt\/lv\/wp-json\/wp\/v2\/types\/product"}],"replies":[{"embeddable":true,"href":"https:\/\/purama.lt\/lv\/wp-json\/wp\/v2\/comments?post=34603"}],"wp:featuredmedia":[{"embeddable":true,"href":"https:\/\/purama.lt\/lv\/wp-json\/wp\/v2\/media\/34593"}],"wp:attachment":[{"href":"https:\/\/purama.lt\/lv\/wp-json\/wp\/v2\/media?parent=34603"}],"wp:term":[{"taxonomy":"product_brand","embeddable":true,"href":"https:\/\/purama.lt\/lv\/wp-json\/wp\/v2\/product_brand?post=34603"},{"taxonomy":"product_cat","embeddable":true,"href":"https:\/\/purama.lt\/lv\/wp-json\/wp\/v2\/product_cat?post=34603"},{"taxonomy":"product_tag","embeddable":true,"href":"https:\/\/purama.lt\/lv\/wp-json\/wp\/v2\/product_tag?post=34603"}],"curies":[{"name":"wp","href":"https:\/\/api.w.org\/{rel}","templated":true}]}}