{"id":34602,"date":"2025-05-13T07:55:08","date_gmt":"2025-05-13T07:55:08","guid":{"rendered":"https:\/\/purama.lt\/produktas\/tocobo-cotton-soft-saules-apsaugos-piestukas-spf50\/"},"modified":"2026-03-31T13:05:50","modified_gmt":"2026-03-31T11:05:50","slug":"tocobo-kokvilnas-miksta-aizsardziba-pret-saules-stariem-pistil-spf50","status":"publish","type":"product","link":"https:\/\/purama.lt\/lv\/produktas\/tocobo-cotton-soft-saules-apsaugos-piestukas-spf50\/","title":{"rendered":"TOCOBO Cotton Soft saules aizsarg\u0101jo\u0161s z\u012bmulis SPF50+"},"content":{"rendered":"<p><strong>K\u0101 lietot:<\/strong> No\u0146emiet v\u0101ci\u0146u, pagrieziet pamatni un ar viegl\u0101m kust\u012bb\u0101m uzkl\u0101jiet uz t\u012bras \u0101das k\u0101 p\u0113d\u0113jo \u0101das kop\u0161anas soli. Var lietot uz dekorat\u012bv\u0101s kosm\u0113tikas. Atk\u0101rtoti uzkl\u0101t ik p\u0113c 2-3 stund\u0101m uztur\u0113\u0161an\u0101s saul\u0113.<\/p>\n\n\n\n<hr class=\"wp-block-separator has-alpha-channel-opacity\" \/>\n\n\n\n<p><strong>Sast\u0101vda\u013cas:<\/strong> Sint\u0113tiskais vasks, dibutiladip\u0101ts, butil\u0113nglikola dikapril\u0101ts\/dikapr\u0101ts, oktokr\u012bl\u0113ns, metilmetakril\u0101ta krustpolim\u0113rs, vinildimetikona\/metil\u0113nsilseskvioks\u0101na krustpolim\u0113rs, etilheksilmetoksicinam\u0101ts, dikaprilkarbon\u0101ts, cetila etilheksano\u0101ts, sil\u012bcija dioks\u012bds, etilheksilsalicil\u0101ts, dietilaminohidroksibenzoilheksilbenzola benzo\u0101ts, bis-etilheksilheksilheksilfenolmetoksifeniltriaz\u012bns, tokoferilacet\u0101ts, ozoker\u012bts, Melia Azadirachta lapu ekstrakts, Melia Azadirachta ziedu ekstrakts, Coccinia Indica aug\u013cu ekstrakts, Solanum Melongena (Bakla\u017e\u0101ns) aug\u013cu ekstrakts, Aloe Barbadensis ziedu ekstrakts, Cardiospermum Halicacabum ziedu\/lapu\/v\u012bnogul\u0101ju ekstrakts, Curcuma Longa (Kurkuma) saknes ekstrakts, Corallina Officinalis ekstrakts, Ocimum Sanctum lapu ekstrakts, Gossypium Herbaceum (kokvilna) ekstrakts, Sophora Flavescens saknes ekstrakts, Rheum Palmatum saknes\/stubl\u0101ja ekstrakts, Scutellaria Baicalensis saknes fragments.<\/p>","protected":false},"excerpt":{"rendered":"<p data-start=\"129\" data-end=\"209\"><strong data-start=\"133\" data-end=\"209\">TOCOBO Cotton Soft SPF50+ - viegla, mat\u0113ta un sp\u0113c\u012bga saules aizsardz\u012bba.\u00a0<\/strong>Saules aizsardz\u012bba v\u0113l nekad nav bijusi tik \u0113rta. <strong><em data-start=\"263\" data-end=\"293\">TOCOBO kokvilnas m\u012bkst\u0101 saules n\u016bji\u0146a<\/em><\/strong> - tam ir maiga konsistence, <strong data-start=\"325\" data-end=\"355\">mat\u0113ts efekts<\/strong> Saules aizsarg\u0101jo\u0161s z\u012bmulis, kas paredz\u0113ts ikdienas lieto\u0161anai pat jut\u012bg\u0101kai \u0101dai. Inovat\u012bv\u0101 formula ne tikai aizsarg\u0101 pret kait\u012bgajiem UV stariem (SPF50+ PA++++), bet ar\u012b regul\u0113 sebuma sekr\u0113ciju un aizsarg\u0101 \u0101du no apk\u0101rt\u0113j\u0101s vides ietekmes. Satur <strong data-start=\"607\" data-end=\"634\">augu AC komplekss<\/strong> (alvejas, kokvilnas, kurkuma, bakusijas un citu augu ekstraktu kombin\u0101cija) nomierina, mazina aps\u0101rtumu un veicina vesel\u012bg\u0101ku \u0101das izskatu. Formula nesatur baltas sv\u012btras un neapgr\u016btina \u0101du - t\u0101 ir ide\u0101li piem\u0113rota pat dienas laik\u0101 uzkl\u0101t pamattoni vai atsvaidzino\u0161u grimu. <\/p>\n<p><strong data-start=\"912\" data-end=\"936\">K\u0101p\u0113c izv\u0113l\u0113ties:<br \/><\/strong>\u2714\ufe0f Augsta l\u012bme\u0146a aizsardz\u012bba pret UVA un UVB stariem (SPF50+ PA++++)<br data-start=\"1002\" data-end=\"1005\" \/>\u2714\ufe0f Nodro\u0161ina maigu mat\u0113tu efektu - bez taukain\u012bbas un sp\u012bduma.<br data-start=\"1063\" data-end=\"1066\" \/>\u2714\ufe0f Nomierina \u0101du ar augu AC kompleksu<br data-start=\"1103\" data-end=\"1106\" \/>\u2714\ufe0f Kontrol\u0113 sebuma veido\u0161anos un mitrina \u0101du<br data-start=\"1139\" data-end=\"1142\" \/>\u2714\ufe0f Piem\u0113rots visiem \u0101das tipiem, tostarp jut\u012bgai \u0101dai.<br data-start=\"1184\" data-end=\"1187\" \/>\u2714\ufe0f Ide\u0101li piem\u0113rots atk\u0101rtotai uzkl\u0101\u0161anai dienas laik\u0101<\/p>","protected":false},"featured_media":34592,"comment_status":"open","ping_status":"closed","template":"","meta":{"_acf_changed":false},"product_brand":[],"product_cat":[59,92,299],"product_tag":[],"class_list":{"0":"post-34602","1":"product","2":"type-product","3":"status-publish","4":"has-post-thumbnail","6":"product_cat-veidui","7":"product_cat-groziui","8":"product_cat-kremai-nuo-saules-veidui","10":"first","11":"instock","12":"shipping-taxable","13":"purchasable","14":"product-type-simple"},"acf":[],"tiered_pricing_type":"fixed","tiered_pricing_fixed_rules":[],"tiered_pricing_product_settings":{"layout":"default","base_unit_name":{"singular":null,"plural":null},"default_variation":null},"tiered_pricing_minimum_quantity":null,"tiered_pricing_roles_data":[],"tiered_pricing_percentage_rules":[],"_links":{"self":[{"href":"https:\/\/purama.lt\/lv\/wp-json\/wp\/v2\/product\/34602","targetHints":{"allow":["GET"]}}],"collection":[{"href":"https:\/\/purama.lt\/lv\/wp-json\/wp\/v2\/product"}],"about":[{"href":"https:\/\/purama.lt\/lv\/wp-json\/wp\/v2\/types\/product"}],"replies":[{"embeddable":true,"href":"https:\/\/purama.lt\/lv\/wp-json\/wp\/v2\/comments?post=34602"}],"wp:featuredmedia":[{"embeddable":true,"href":"https:\/\/purama.lt\/lv\/wp-json\/wp\/v2\/media\/34592"}],"wp:attachment":[{"href":"https:\/\/purama.lt\/lv\/wp-json\/wp\/v2\/media?parent=34602"}],"wp:term":[{"taxonomy":"product_brand","embeddable":true,"href":"https:\/\/purama.lt\/lv\/wp-json\/wp\/v2\/product_brand?post=34602"},{"taxonomy":"product_cat","embeddable":true,"href":"https:\/\/purama.lt\/lv\/wp-json\/wp\/v2\/product_cat?post=34602"},{"taxonomy":"product_tag","embeddable":true,"href":"https:\/\/purama.lt\/lv\/wp-json\/wp\/v2\/product_tag?post=34602"}],"curies":[{"name":"wp","href":"https:\/\/api.w.org\/{rel}","templated":true}]}}