{"id":34601,"date":"2025-05-13T07:55:07","date_gmt":"2025-05-13T07:55:07","guid":{"rendered":"https:\/\/purama.lt\/produktas\/cosrx-full-fit-propolis-light-ampoule-veido-serumas-su-juoduju-biciu-propolio-ekstraktu\/"},"modified":"2026-04-10T13:03:29","modified_gmt":"2026-04-10T11:03:29","slug":"cosrx-full-fit-propolis-light-ampulas-sejas-serums-ar-melna-bifelu-propolisa-ekstraktu","status":"publish","type":"product","link":"https:\/\/purama.lt\/lv\/produktas\/cosrx-full-fit-propolis-light-ampoule-veido-serumas-su-juoduju-biciu-propolio-ekstraktu\/","title":{"rendered":"COSRX Full Fit Propolis Light Ampula sejas serums ar melno bi\u0161u propolisa ekstraktu"},"content":{"rendered":"<p><strong>K\u0101 lietot:<\/strong><br>Uzkl\u0101jiet uz t\u012bras, toniz\u0113tas \u0101das no r\u012bta un\/vai vakar\u0101. Viegli iemas\u0113jiet uz sejas, kakla un dekolt\u0113 zonas. P\u0113c tam lietojiet kr\u0113mu vai citus kop\u0161anas l\u012bdzek\u013cus.<\/p>\n\n\n\n<hr class=\"wp-block-separator has-alpha-channel-opacity\" \/>\n\n\n\n<p><strong>Sast\u0101vda\u013cas:<\/strong> Propolisa ekstrakts, butil\u0113nglikols, glicer\u012bns, beta\u012bns, 1,2-heksandiols, Cassia Obtusifolia s\u0113klu ekstrakts, n\u0101trija hialuron\u0101ts, hidroksietilceluloze, karbom\u0113rs, pantenols, argin\u012bns.<\/p>\n\n\n\n<p>Vai mekl\u0113jat vair\u0101k? Apskatiet visu <a href=\"\/lv\/produktu-etiketes\/cosrx\/\">COSRX sortiments<\/a>.<\/p>","protected":false},"excerpt":{"rendered":"<p data-start=\"127\" data-end=\"221\"><strong data-start=\"131\" data-end=\"221\">COSRX Full Fit Propolis Light Ampoule - intens\u012bva mirdzuma pie\u0161\u0137ir\u0161ana un aizsardz\u012bba jut\u012bgai \u0101dai.\u00a0<\/strong>Izbaudiet dabisko bi\u0161u sp\u0113ku uz savas \u0101das ar <em data-start=\"278\" data-end=\"317\">COSRX Full Fit propolisa gaismas ampulas<\/em>. \u0160is vieglais, bet intens\u012bvais serums ar <strong data-start=\"374\" data-end=\"414\">83% melnais bi\u0161u propolisa ekstrakts<\/strong> nomierina, atjauno un stiprina \u0101das aizsargbarjeru. T\u0101 ir lieliska izv\u0113le sausai, iekaisu\u0161ai vai papla\u0161in\u0101tai \u0101dai, kas v\u0113las ieg\u016bt vitalit\u0101ti un elast\u012bbu.\u00a0<strong data-start=\"578\" data-end=\"590\">Propoliss<\/strong>, kop\u0101 ar <strong data-start=\"601\" data-end=\"623\">hialuronsk\u0101be<\/strong> un <strong data-start=\"627\" data-end=\"641\">pantenols<\/strong>, nodro\u0161ina dzi\u013cu mitrin\u0101\u0161anu un pie\u0161\u0137ir \u0101dai dabisku mirdzumu. Neraugoties uz t\u0101 viskozo tekst\u016bru, serums \u0101tri ies\u016bcas, nerada lip\u012bguma saj\u016btu un lieliski sapl\u016bst ar grimu.<\/p>\n<p data-start=\"821\" data-end=\"852\"><strong data-start=\"828\" data-end=\"852\">K\u0101p\u0113c izv\u0113l\u0113ties:<br \/><\/strong>\u2714\ufe0f 83% Melnais bi\u0161u propolisa ekstrakts - nomierino\u0161am un barjeru stiprino\u0161am iedarb\u012bbai<br data-start=\"928\" data-end=\"931\" \/>\u2714\ufe0f Hialuronsk\u0101be - ilgsto\u0161a mitrin\u0101\u0161ana<br data-start=\"975\" data-end=\"978\" \/>\u2714\ufe0f Pantenols - \u0101das atjauno\u0161ana un aizsardz\u012bba<br data-start=\"1020\" data-end=\"1023\" \/>\u2714\ufe0f Att\u012bra un pie\u0161\u0137ir vitalit\u0101ti<br data-start=\"1059\" data-end=\"1062\" \/>\u2714\ufe0f Ide\u0101li piem\u0113rots jut\u012bgai, dehidr\u0113tai, aps\u0101rtin\u0101tai \u0101dai.<br data-start=\"1120\" data-end=\"1123\" \/>\u2714\ufe0f Ide\u0101li piem\u0113rots lieto\u0161anai zem kosm\u0113tikas, nepadarot \u0101du smagn\u0113ju.<\/p>","protected":false},"featured_media":34591,"comment_status":"open","ping_status":"closed","template":"","meta":{"_acf_changed":false},"product_brand":[418],"product_cat":[56,92,59],"product_tag":[],"class_list":{"0":"post-34601","1":"product","2":"type-product","3":"status-publish","4":"has-post-thumbnail","6":"product_brand-cosrx","7":"product_cat-veido-serumai","8":"product_cat-groziui","9":"product_cat-veidui","11":"first","12":"instock","13":"shipping-taxable","14":"purchasable","15":"product-type-simple"},"acf":[],"tiered_pricing_type":"fixed","tiered_pricing_fixed_rules":[],"tiered_pricing_product_settings":{"layout":"default","base_unit_name":{"singular":null,"plural":null},"default_variation":null},"tiered_pricing_minimum_quantity":null,"tiered_pricing_roles_data":[],"tiered_pricing_percentage_rules":[],"_links":{"self":[{"href":"https:\/\/purama.lt\/lv\/wp-json\/wp\/v2\/product\/34601","targetHints":{"allow":["GET"]}}],"collection":[{"href":"https:\/\/purama.lt\/lv\/wp-json\/wp\/v2\/product"}],"about":[{"href":"https:\/\/purama.lt\/lv\/wp-json\/wp\/v2\/types\/product"}],"replies":[{"embeddable":true,"href":"https:\/\/purama.lt\/lv\/wp-json\/wp\/v2\/comments?post=34601"}],"wp:featuredmedia":[{"embeddable":true,"href":"https:\/\/purama.lt\/lv\/wp-json\/wp\/v2\/media\/34591"}],"wp:attachment":[{"href":"https:\/\/purama.lt\/lv\/wp-json\/wp\/v2\/media?parent=34601"}],"wp:term":[{"taxonomy":"product_brand","embeddable":true,"href":"https:\/\/purama.lt\/lv\/wp-json\/wp\/v2\/product_brand?post=34601"},{"taxonomy":"product_cat","embeddable":true,"href":"https:\/\/purama.lt\/lv\/wp-json\/wp\/v2\/product_cat?post=34601"},{"taxonomy":"product_tag","embeddable":true,"href":"https:\/\/purama.lt\/lv\/wp-json\/wp\/v2\/product_tag?post=34601"}],"curies":[{"name":"wp","href":"https:\/\/api.w.org\/{rel}","templated":true}]}}