{"id":34600,"date":"2025-05-13T07:55:06","date_gmt":"2025-05-13T07:55:06","guid":{"rendered":"https:\/\/purama.lt\/produktas\/skin1004-madagascar-centella-probio-cica-intensyvus-serumas\/"},"modified":"2026-04-10T13:03:28","modified_gmt":"2026-04-10T11:03:28","slug":"skin1004-madagascar-centella-probio-cica-intensivs-serums","status":"publish","type":"product","link":"https:\/\/purama.lt\/lv\/produktas\/skin1004-madagascar-centella-probio-cica-intensyvus-serumas\/","title":{"rendered":"SKIN1004 Madagaskaras Centella Probio-Cica intens\u012bvais serums"},"content":{"rendered":"<p><strong>K\u0101 lietot:<\/strong><\/p>\n\n\n\n<p>Nelielu seruma daudzumu uzkl\u0101jiet uz att\u012br\u012btas un toniz\u0113tas \u0101das. Viegli iemas\u0113jiet to sej\u0101, kakl\u0101 vai dekolt\u0113 zon\u0101, l\u012bdz tas piln\u012bb\u0101 ies\u016bcas. P\u0113c tam uzkl\u0101jiet mitrino\u0161u l\u012bdzekli. Lietojiet no r\u012bta un\/vai vakar\u0101.<\/p>\n\n\n\n<hr class=\"wp-block-separator has-alpha-channel-opacity\"\/>\n\n\n\n<p><strong>Sast\u0101vda\u013cas:<\/strong> Centella Asiatica ekstrakts, glicer\u012bns, metilprop\u0101ndiols, prop\u0101ndiols, butil\u0113nglikols, 1,2-heks\u0101ndiols, niac\u012bnam\u012bds, dipotasija gliciriz\u0101ts, beta\u012bns, pantenols, hidrogen\u0113tais lecit\u012bns, n\u0101trija hialuron\u0101ts, hidroliz\u0113ta hialuronsk\u0101be, madekazos\u012bds, aziatikoz\u012bds, azi\u0101tisk\u0101 sk\u0101be, madekazsk\u0101be, keram\u012bds NP, keram\u012bds NS, keram\u012bds EOP, keram\u012bds AP, keram\u012bds AS, alanto\u012bns, adenoz\u012bns, fitosfingoz\u012bns, skval\u0101ns, hidrogen\u0113ts poli(C6-14 olef\u012bns), hidroksietilceluloze, karbom\u0113rs, argin\u012bns, din\u0101trija EDTA, etilheksilglicer\u012bns, Lactobacillus\/Centella Asiatica ekstrakta fermenta filtr\u0101ts.<\/p>","protected":false},"excerpt":{"rendered":"<p data-start=\"182\" data-end=\"293\"><strong data-start=\"186\" data-end=\"293\">SKIN1004 Centella Probio-Cica intens\u012bvais serums - dzi\u013ci mitrino\u0161a un atjaunojo\u0161a ampula jut\u012bgai \u0101dai.\u00a0<\/strong>Vai mekl\u0113jat efekt\u012bvu l\u012bdzekli jut\u012bgai, sausai vai iekaisu\u0161ai \u0101dai? <em data-start=\"363\" data-end=\"423\">SKIN1004 Madagaskara Centella Probio-Cica intens\u012bv\u0101 ampula<\/em> - ir intens\u012bvs sejas serums, kas atjauno, nomierina un mitrina pat jut\u012bg\u0101ko \u0101du. Formula ir izstr\u0101d\u0101ta, izmantojot <strong data-start=\"543\" data-end=\"568\">Probio-Cica komplekss<\/strong>, kas apvieno <strong data-start=\"587\" data-end=\"631\">\u0100zijas centellu ferment\u0113ti ekstrakti<\/strong>, keram\u012bdi, alanto\u012bns, niacinam\u012bds un hialuron\u0101ts - sp\u0113c\u012bgs mais\u012bjums, kas stiprina \u0101das aizsargbarjeru un uzlabo \u0101das st\u0101vokli. Serums ne tikai uzlabo \u0101das notur\u012bbu pret apk\u0101rt\u0113j\u0101s vides ietekmi, bet ar\u012b <strong data-start=\"819\" data-end=\"861\">izgaismo, izl\u012bdzina un mazina kairin\u0101jumu.<\/strong>, kas pal\u012bdz nov\u0113rst noveco\u0161an\u0101s paz\u012bmes. Ide\u0101li piem\u0113rots k\u0101 ikdienas kop\u0161anas l\u012bdzeklis \u0101dai, kurai nepiecie\u0161ama \u012bpa\u0161a maiguma un dzi\u013ca kop\u0161ana. <\/p>\n<p><strong data-start=\"1025\" data-end=\"1049\">K\u0101p\u0113c izv\u0113l\u0113ties:<br \/><\/strong>\u2714\ufe0f Atjauno un mitrina pat \u013coti jut\u012bgu vai boj\u0101tu \u0101du.<br data-start=\"1109\" data-end=\"1112\" \/>\u2714\ufe0f Nostiprina \u0101das aizsargbarjeru.<br data-start=\"1146\" data-end=\"1149\" \/>\u2714\ufe0f Nomierina un mazina aps\u0101rtumu un kairin\u0101jumu.<br data-start=\"1194\" data-end=\"1197\" \/>\u2714\ufe0f Izgaismo un padara \u0101du gai\u0161\u0101ku, izl\u012bdzina tonusu.<br data-start=\"1243\" data-end=\"1246\" \/>\u2714\ufe0f Piem\u0113rots sausai, jut\u012bgai, nobriedu\u0161ai vai kairin\u0101tai \u0101dai.<br data-start=\"1302\" data-end=\"1305\" \/>\u2714\ufe0f Bez smar\u017eviel\u0101m, veg\u0101nu formula<\/p>","protected":false},"featured_media":34590,"comment_status":"open","ping_status":"closed","template":"","meta":{"_acf_changed":false},"product_brand":[454],"product_cat":[56,92,59],"product_tag":[],"class_list":{"0":"post-34600","1":"product","2":"type-product","3":"status-publish","4":"has-post-thumbnail","6":"product_brand-skin1004","7":"product_cat-veido-serumai","8":"product_cat-groziui","9":"product_cat-veidui","11":"first","12":"instock","13":"shipping-taxable","14":"purchasable","15":"product-type-simple"},"acf":[],"tiered_pricing_type":"fixed","tiered_pricing_fixed_rules":[],"tiered_pricing_product_settings":{"layout":"default","base_unit_name":{"singular":null,"plural":null},"default_variation":null},"tiered_pricing_minimum_quantity":null,"tiered_pricing_roles_data":[],"tiered_pricing_percentage_rules":[],"_links":{"self":[{"href":"https:\/\/purama.lt\/lv\/wp-json\/wp\/v2\/product\/34600","targetHints":{"allow":["GET"]}}],"collection":[{"href":"https:\/\/purama.lt\/lv\/wp-json\/wp\/v2\/product"}],"about":[{"href":"https:\/\/purama.lt\/lv\/wp-json\/wp\/v2\/types\/product"}],"replies":[{"embeddable":true,"href":"https:\/\/purama.lt\/lv\/wp-json\/wp\/v2\/comments?post=34600"}],"wp:featuredmedia":[{"embeddable":true,"href":"https:\/\/purama.lt\/lv\/wp-json\/wp\/v2\/media\/34590"}],"wp:attachment":[{"href":"https:\/\/purama.lt\/lv\/wp-json\/wp\/v2\/media?parent=34600"}],"wp:term":[{"taxonomy":"product_brand","embeddable":true,"href":"https:\/\/purama.lt\/lv\/wp-json\/wp\/v2\/product_brand?post=34600"},{"taxonomy":"product_cat","embeddable":true,"href":"https:\/\/purama.lt\/lv\/wp-json\/wp\/v2\/product_cat?post=34600"},{"taxonomy":"product_tag","embeddable":true,"href":"https:\/\/purama.lt\/lv\/wp-json\/wp\/v2\/product_tag?post=34600"}],"curies":[{"name":"wp","href":"https:\/\/api.w.org\/{rel}","templated":true}]}}