{"id":34477,"date":"2025-05-07T09:37:23","date_gmt":"2025-05-07T09:37:23","guid":{"rendered":"https:\/\/purama.lt\/produktas\/medica-group-winwoman-kapsules-moterims\/"},"modified":"2026-05-01T19:09:53","modified_gmt":"2026-05-01T17:09:53","slug":"medica-group-winwoman-kapsulas-sievietem","status":"publish","type":"product","link":"https:\/\/purama.lt\/lv\/produktas\/medica-group-winwoman-kapsules-moterims\/","title":{"rendered":"MEDICA GROUP WinWoman kapsulas sieviet\u0113m"},"content":{"rendered":"<p><strong>Izmanto\u0161ana<\/strong>:<br>Lietojiet pa 1 kapsulai divas reizes dien\u0101, uzdzerot gl\u0101zi \u016bdens. Nep\u0101rsniedziet ieteicamo dienas devu. Lai sasniegtu lab\u0101kos rezult\u0101tus, ieteicams lietot vismaz 4-6 ned\u0113\u013cas.<\/p>\n\n\n\n<p><strong>Sast\u0101vda\u013cas:<\/strong><br>L-argin\u012bns, \u017eelat\u012bns, Acanthopanax Senticoccus ekstrakts, Maca ekstrakts, Sarsaparilla ekstrakts, Tribulus Terrestris ekstrakts, Melno s\u0113klu ekstrakts, pildviela: mikrokrist\u0101lisk\u0101 celuloze.<\/p>\n\n\n\n<p><strong>Maca saknes ekstrakts<\/strong> - Stimul\u0113 libido, palielina ener\u0123iju un uzlabo garast\u0101vokli.<br><strong>\u017de\u0146\u0161e\u0146s<\/strong> - palielina iztur\u012bbu, mazina stresu un uzlabo dzimumorg\u0101nu asinsriti.<br><strong>Tribulus terrestris<\/strong> - dabisks afrodiziaks, kas veicina libido pieaugumu.<br><strong>L-argin\u012bns<\/strong> - uzlabo asins pl\u016bsmu int\u012bmaj\u0101s zon\u0101s, uzlabojot seksu\u0101l\u0101s izj\u016btas.<\/p>\n\n\n\n<p><strong>Lietot\u0101ju atsauksmes<\/strong>:<br>P\u0113t\u012bjumi liecina, ka 88% sievie\u0161u, kuras lietoja <strong>WinWoman<\/strong> kapsulas, paman\u012bja libido pieaugumu jau p\u0113c 14 dien\u0101m. 81% lietot\u0101ji izjuta intens\u012bv\u0101kas seksu\u0101l\u0101s saj\u016btas, bet 90% lietot\u0101ji zi\u0146oja par uzlabotu garast\u0101vokli un ener\u0123ijas l\u012bmeni. \u0160ie rezult\u0101ti par\u0101da, k\u0101 \u0161is produkts var uzlabot sievie\u0161u dz\u012bves kvalit\u0101ti un nodro\u0161in\u0101t vair\u0101k ener\u0123ijas ikdien\u0101.<\/p>\n\n\n\n<p><\/p>","protected":false},"excerpt":{"rendered":"<p class=\"\" data-start=\"45\" data-end=\"384\"><strong data-start=\"45\" data-end=\"57\">WinWoman<\/strong> kapsulas - inovat\u012bvs uztura bag\u0101tin\u0101t\u0101js sieviet\u0113m, kas v\u0113las uzlabot savu vitalit\u0101ti, uzlabot int\u012bmo dz\u012bvi un palielin\u0101t libido. R\u016bp\u012bgi atlas\u012bts dab\u012bgu augu ekstraktu un vitam\u012bnu mais\u012bjums. <strong>uztur sievietes ener\u0123iju, uzlabo asinsriti erog\u0113naj\u0101s zon\u0101s un pal\u012bdz sasniegt intens\u012bv\u0101kas seksu\u0101l\u0101s saj\u016btas.<\/strong>.\u00a0<strong data-start=\"386\" data-end=\"398\">WinWoman<\/strong> Kapsulas ir unik\u0101la dab\u012bgu sast\u0101vda\u013cu kombin\u0101cija, kas iedarbojas da\u017e\u0101dos veidos, s\u0101kot no dzimumorg\u0101nu asinsrites uzlabo\u0161anas l\u012bdz ener\u0123ijas un vitalit\u0101tes palielin\u0101\u0161anai un seksu\u0101lo saj\u016btu uzlabo\u0161anai. Pateicoties unik\u0101lajai formulai, kas satur t\u0101dus augu ekstraktus k\u0101 \u017ee\u0146\u0161e\u0146s, maca un tribulus terrestris, produkts stimul\u0113 libido un pastiprina seksu\u0101lo pieredzi. <strong>Regul\u0101ra kapsulu lieto\u0161ana ar\u012b uztur hormon\u0101lo l\u012bdzsvaru un pal\u012bdz mazin\u0101t stresu, kas var negat\u012bvi ietekm\u0113t j\u016bsu int\u012bmo dz\u012bvi.<\/strong><\/p>\n<p class=\"\" data-start=\"1765\" data-end=\"1807\"><strong data-start=\"1765\" data-end=\"1807\">K\u0101p\u0113c izv\u0113l\u0113ties WinWoman kapsulas?<br \/><\/strong>\u2714\ufe0f Atbalsta libido un seksu\u0101lo vesel\u012bbu\u00a0<br data-start=\"1975\" data-end=\"1978\" \/>\u2714\ufe0f Palielina ener\u0123iju un vitalit\u0101ti<br data-start=\"2076\" data-end=\"2079\" \/>\u2714\ufe0f Uzlabo asinsriti erog\u0113naj\u0101s zon\u0101s.<br data-start=\"2232\" data-end=\"2235\" \/>\u2714\ufe0f Darbi da\u017e\u0101dos l\u012bme\u0146os<\/p>","protected":false},"featured_media":34497,"comment_status":"open","ping_status":"closed","template":"","meta":{"_acf_changed":false},"product_brand":[406],"product_cat":[57,278,276],"product_tag":[],"class_list":{"0":"post-34477","1":"product","2":"type-product","3":"status-publish","4":"has-post-thumbnail","6":"product_brand-medica-group","7":"product_cat-akcijos","8":"product_cat-moterims","9":"product_cat-seksualinei-sveikatai","11":"first","12":"instock","13":"sale","14":"shipping-taxable","15":"purchasable","16":"product-type-simple"},"acf":[],"tiered_pricing_type":"fixed","tiered_pricing_fixed_rules":[],"tiered_pricing_product_settings":{"layout":"default","base_unit_name":{"singular":null,"plural":null},"default_variation":null},"tiered_pricing_minimum_quantity":null,"tiered_pricing_roles_data":[],"tiered_pricing_percentage_rules":[],"_links":{"self":[{"href":"https:\/\/purama.lt\/lv\/wp-json\/wp\/v2\/product\/34477","targetHints":{"allow":["GET"]}}],"collection":[{"href":"https:\/\/purama.lt\/lv\/wp-json\/wp\/v2\/product"}],"about":[{"href":"https:\/\/purama.lt\/lv\/wp-json\/wp\/v2\/types\/product"}],"replies":[{"embeddable":true,"href":"https:\/\/purama.lt\/lv\/wp-json\/wp\/v2\/comments?post=34477"}],"wp:featuredmedia":[{"embeddable":true,"href":"https:\/\/purama.lt\/lv\/wp-json\/wp\/v2\/media\/34497"}],"wp:attachment":[{"href":"https:\/\/purama.lt\/lv\/wp-json\/wp\/v2\/media?parent=34477"}],"wp:term":[{"taxonomy":"product_brand","embeddable":true,"href":"https:\/\/purama.lt\/lv\/wp-json\/wp\/v2\/product_brand?post=34477"},{"taxonomy":"product_cat","embeddable":true,"href":"https:\/\/purama.lt\/lv\/wp-json\/wp\/v2\/product_cat?post=34477"},{"taxonomy":"product_tag","embeddable":true,"href":"https:\/\/purama.lt\/lv\/wp-json\/wp\/v2\/product_tag?post=34477"}],"curies":[{"name":"wp","href":"https:\/\/api.w.org\/{rel}","templated":true}]}}