{"id":34476,"date":"2025-05-07T09:37:22","date_gmt":"2025-05-07T09:37:22","guid":{"rendered":"https:\/\/purama.lt\/produktas\/medica-group-super-orgasm-stop-kapsules-vyrams\/"},"modified":"2026-04-14T11:20:21","modified_gmt":"2026-04-14T09:20:21","slug":"medica-group-super-orgasma-stop-kapsulas-viriesiem","status":"publish","type":"product","link":"https:\/\/purama.lt\/lv\/produktas\/medica-group-super-orgasm-stop-kapsules-vyrams\/","title":{"rendered":"MEDICA GROUP Super Orgasm Stop kapsulas v\u012brie\u0161iem"},"content":{"rendered":"<p><strong>Izmanto\u0161ana<\/strong><br>Lietojiet pa 1 kapsulai divas reizes dien\u0101, uzdzerot nelielu daudzumu \u016bdens. Nep\u0101rsniedziet ieteikto devu. Lai sasniegtu lab\u0101kos rezult\u0101tus, lietojiet regul\u0101ri.<\/p>\n\n\n\n<p><strong>Sast\u0101vda\u013cas:<\/strong><br>Maka ekstrakts, L-argin\u012bns, \u017eelat\u012bns, sarsaparillas ekstrakts, Tribulus Terrestris ekstrakts, amerik\u0101\u0146u \u017ee\u0146\u0161e\u0146a ekstrakts, Avena Sativa ekstrakts, pildviela: mikrokrist\u0101lisk\u0101 celuloze.<\/p>\n\n\n\n<p><strong>Akt\u012bv\u0101s sast\u0101vda\u013cas<\/strong><\/p>\n\n\n\n<ul class=\"wp-block-list\">\n<li><strong>L-argin\u012bns<\/strong> - uzlabo asinsriti un seksu\u0101lo iztur\u012bbu.<\/li>\n\n\n\n<li><strong>\u017de\u0146\u0161e\u0146a ekstrakts<\/strong> - palielina ener\u0123iju un uzlabo seksu\u0101lo funkciju.<\/li>\n\n\n\n<li><strong>Avena Sativa ekstrakts<\/strong> - nomierina un uztur emocion\u0101lo l\u012bdzsvaru.<\/li>\n<\/ul>","protected":false},"excerpt":{"rendered":"<p><strong data-start=\"616\" data-end=\"646\">Super orgasma Stop kapsulas<\/strong> satur unik\u0101lu dab\u012bgo sast\u0101vda\u013cu kombin\u0101ciju, kas <strong>pal\u012bdz v\u012brie\u0161iem kontrol\u0113t ejakul\u0101cijas laiku, pagarin\u0101t dzimumaktu un palielin\u0101t p\u0101rliec\u012bbu gult\u0101.<\/strong>. \u0160\u012bs formulas sast\u0101v\u0101 ir augu ekstrakti, aminosk\u0101bes un vitam\u012bni, kas \u012bpa\u0161i atlas\u012bti, lai atbalst\u012btu nervu sist\u0113mu, uzlabotu asinsriti un mazin\u0101tu paaugstin\u0101tu jut\u012bbu pret stimuliem. Regul\u0101ra lieto\u0161ana <strong>pal\u012bdz pan\u0101kt lab\u0101ku ejakul\u0101cijas kontroli<\/strong>kas \u013cauj izbaud\u012bt ilg\u0101kus un pat\u012bkam\u0101kus int\u012bmus mirk\u013cus. <strong data-start=\"1146\" data-end=\"1167\">Super orgasma apst\u0101\u0161an\u0101s<\/strong> - ide\u0101ls risin\u0101jums v\u012brie\u0161iem, kuri v\u0113las uzlabot savu seksu\u0101lo veiktsp\u0113ju un sniegt savai partnerei neaizmirstamu baudu.<\/p>\n<p><strong data-start=\"1921\" data-end=\"1945\">K\u0101p\u0113c izv\u0113l\u0113ties?<\/strong><br data-start=\"1945\" data-end=\"1948\" \/>\u2714\ufe0f Pagarina dzimumakta ilgumu<br data-start=\"1988\" data-end=\"1991\" \/>\u2714\ufe0f Kontrol\u0113 ejakul\u0101ciju<br data-start=\"2023\" data-end=\"2026\" \/>\u2714\ufe0f Palielina p\u0101rliec\u012bbu un prieku<\/p>\n<p>IZV\u0112LIETIES PILNU 3 M\u0112NE\u0160U KURSU, LAI SASNIEGTU MAKSIM\u0100LU EFEKTU UN V\u0112L VAIR\u0100K IETAUP\u012aTU. 3 IEPAKOJUMI = 3 M\u0112NE\u0160U KURSS, VAIR\u0100K IEPAKOJUMU, ZEM\u0100KA CENA PAR VIEN\u012aBU.<\/p>","protected":false},"featured_media":34488,"comment_status":"open","ping_status":"closed","template":"","meta":{"_acf_changed":false},"product_brand":[406],"product_cat":[276,57,277],"product_tag":[],"class_list":{"0":"post-34476","1":"product","2":"type-product","3":"status-publish","4":"has-post-thumbnail","6":"product_brand-medica-group","7":"product_cat-seksualinei-sveikatai","8":"product_cat-akcijos","9":"product_cat-vyrams","11":"first","12":"instock","13":"sale","14":"shipping-taxable","15":"purchasable","16":"product-type-simple"},"acf":[],"tiered_pricing_type":"fixed","tiered_pricing_fixed_rules":{"3":15.59,"5":14.39},"tiered_pricing_product_settings":{"layout":"default","base_unit_name":{"singular":null,"plural":null},"default_variation":null},"tiered_pricing_minimum_quantity":null,"tiered_pricing_roles_data":[],"tiered_pricing_percentage_rules":[],"_links":{"self":[{"href":"https:\/\/purama.lt\/lv\/wp-json\/wp\/v2\/product\/34476","targetHints":{"allow":["GET"]}}],"collection":[{"href":"https:\/\/purama.lt\/lv\/wp-json\/wp\/v2\/product"}],"about":[{"href":"https:\/\/purama.lt\/lv\/wp-json\/wp\/v2\/types\/product"}],"replies":[{"embeddable":true,"href":"https:\/\/purama.lt\/lv\/wp-json\/wp\/v2\/comments?post=34476"}],"wp:featuredmedia":[{"embeddable":true,"href":"https:\/\/purama.lt\/lv\/wp-json\/wp\/v2\/media\/34488"}],"wp:attachment":[{"href":"https:\/\/purama.lt\/lv\/wp-json\/wp\/v2\/media?parent=34476"}],"wp:term":[{"taxonomy":"product_brand","embeddable":true,"href":"https:\/\/purama.lt\/lv\/wp-json\/wp\/v2\/product_brand?post=34476"},{"taxonomy":"product_cat","embeddable":true,"href":"https:\/\/purama.lt\/lv\/wp-json\/wp\/v2\/product_cat?post=34476"},{"taxonomy":"product_tag","embeddable":true,"href":"https:\/\/purama.lt\/lv\/wp-json\/wp\/v2\/product_tag?post=34476"}],"curies":[{"name":"wp","href":"https:\/\/api.w.org\/{rel}","templated":true}]}}