{"id":34474,"date":"2025-05-07T09:37:22","date_gmt":"2025-05-07T09:37:22","guid":{"rendered":"https:\/\/purama.lt\/produktas\/medica-group-orgasm-max-kapsules-vyrams\/"},"modified":"2026-04-14T16:51:52","modified_gmt":"2026-04-14T14:51:52","slug":"medica-group-orgasm-max-kapsulas-viriesiem","status":"publish","type":"product","link":"https:\/\/purama.lt\/lv\/produktas\/medica-group-orgasm-max-kapsules-vyrams\/","title":{"rendered":"MEDICA GROUP Orgasm Max kapsulas v\u012brie\u0161iem"},"content":{"rendered":"<p><strong>Izmanto\u0161ana<\/strong><br>Lietojiet vienu kapsulu 30 min\u016btes pirms dzimumakta, uzdzerot nelielu daudzumu \u016bdens. Nep\u0101rsniedziet ieteikto devu. Lai sasniegtu lab\u0101kos rezult\u0101tus, lietojiet regul\u0101ri. \u0160o produktu nedr\u012bkst lietot personas, kur\u0101m ir aler\u0123ija pret k\u0101du no t\u0101 sast\u0101vda\u013c\u0101m.<\/p>\n\n\n\n<p><strong>Sast\u0101vda\u013cas<\/strong>:<br>Maka saknes ekstrakts 4:1, \u017ee\u0146\u0161e\u0146a saknes ekstrakts 4:1, L-argin\u012bns, \u017eelat\u012bns, kofe\u012bns, maltodekstr\u012bns, magnija s\u0101\u013ci, kr\u0101sviela: indigo karm\u012bns.<\/p>\n\n\n\n<p><strong>Akt\u012bv\u0101s sast\u0101vda\u013cas<\/strong><\/p>\n\n\n\n<ul class=\"wp-block-list\">\n<li><strong>Maca saknes ekstrakts 4:1<\/strong> - veicina seksu\u0101lo funkciju, palielina libido un var uzlabot erekcijas kvalit\u0101ti.<\/li>\n\n\n\n<li><strong>\u017de\u0146\u0161e\u0146a saknes ekstrakts 4:1<\/strong> - uzlabo asinsriti, palielina ener\u0123iju un dz\u012bvesprieku, veicina seksu\u0101lo aktivit\u0101ti.<\/li>\n\n\n\n<li><strong>L-argin\u012bns<\/strong> - aminosk\u0101be, kas var uzlabot asins pl\u016bsmu uz dzimumorg\u0101niem, veicinot sp\u0113c\u012bg\u0101ku un ilglaic\u012bg\u0101ku erekciju.<\/li>\n\n\n\n<li><strong>Kofe\u012bns<\/strong> - stimulants, kas palielina ener\u0123ijas l\u012bmeni un koncentr\u0113\u0161an\u0101s sp\u0113jas, kas var pozit\u012bvi ietekm\u0113t seksu\u0101lo aktivit\u0101ti.<\/li>\n<\/ul>","protected":false},"excerpt":{"rendered":"<p class=\"\" data-start=\"45\" data-end=\"281\"><strong data-start=\"0\" data-end=\"30\" data-is-only-node=\"\">Orgasm Max kapsulas v\u012brie\u0161iem<\/strong> - ir unik\u0101ls uztura bag\u0101tin\u0101t\u0101js, kas paredz\u0113ts v\u012brie\u0161iem, kuri v\u0113las uzlabot savu sniegumu un pastiprin\u0101t int\u012bm\u0101s saj\u016btas. Uzlabot\u0101 formula satur t\u0101das dab\u012bgas sast\u0101vda\u013cas k\u0101 L-argin\u012bns, maka saknes ekstrakts, Tribulus Terrestris un amerik\u0101\u0146u \u017ee\u0146\u0161e\u0146s, <strong>kapsulas pal\u012bdz palielin\u0101t ener\u0123iju, iztur\u012bbu un organisma re\u0123ener\u0101ciju.<\/strong>. Regul\u0101ri <strong data-start=\"381\" data-end=\"395\">Orgasms Max<\/strong> Kapsulu lieto\u0161ana var pal\u012bdz\u0113t jums sasniegt sp\u0113c\u012bg\u0101ku erekciju, pagarin\u0101t int\u012bmos mirk\u013cus un palielin\u0101t gan j\u016bsu, gan j\u016bsu partnera apmierin\u0101t\u012bbu. Atkl\u0101jiet maksim\u0101lu baudu un p\u0101rliec\u012bbu ar <strong data-start=\"597\" data-end=\"611\">Orgasms Max<\/strong> kapsulas v\u012brie\u0161iem - uzlabots atbalsts int\u012bmai dz\u012bvei.<\/p>\n<p class=\"\" data-start=\"763\" data-end=\"916\"><strong data-start=\"673\" data-end=\"697\">K\u0101p\u0113c izv\u0113l\u0113ties?<br \/><\/strong> \u2714\ufe0f Stiprina erekciju<br data-start=\"723\" data-end=\"726\" \/>\u2714\ufe0f Pastiprina int\u012bm\u0101s saj\u016btas<br data-start=\"762\" data-end=\"765\" \/>\u2714\ufe0f Dabas sast\u0101vda\u013cas<br data-start=\"794\" data-end=\"797\" \/>\u2714\ufe0f Pagarina int\u012bmos mirk\u013cus<\/p>","protected":false},"featured_media":34491,"comment_status":"open","ping_status":"closed","template":"","meta":{"_acf_changed":false},"product_brand":[406],"product_cat":[276,57,277],"product_tag":[],"class_list":{"0":"post-34474","1":"product","2":"type-product","3":"status-publish","4":"has-post-thumbnail","6":"product_brand-medica-group","7":"product_cat-seksualinei-sveikatai","8":"product_cat-akcijos","9":"product_cat-vyrams","11":"first","12":"instock","13":"sale","14":"shipping-taxable","15":"purchasable","16":"product-type-simple"},"acf":[],"tiered_pricing_type":"fixed","tiered_pricing_fixed_rules":[],"tiered_pricing_product_settings":{"layout":"default","base_unit_name":{"singular":null,"plural":null},"default_variation":null},"tiered_pricing_minimum_quantity":null,"tiered_pricing_roles_data":[],"tiered_pricing_percentage_rules":[],"_links":{"self":[{"href":"https:\/\/purama.lt\/lv\/wp-json\/wp\/v2\/product\/34474","targetHints":{"allow":["GET"]}}],"collection":[{"href":"https:\/\/purama.lt\/lv\/wp-json\/wp\/v2\/product"}],"about":[{"href":"https:\/\/purama.lt\/lv\/wp-json\/wp\/v2\/types\/product"}],"replies":[{"embeddable":true,"href":"https:\/\/purama.lt\/lv\/wp-json\/wp\/v2\/comments?post=34474"}],"wp:featuredmedia":[{"embeddable":true,"href":"https:\/\/purama.lt\/lv\/wp-json\/wp\/v2\/media\/34491"}],"wp:attachment":[{"href":"https:\/\/purama.lt\/lv\/wp-json\/wp\/v2\/media?parent=34474"}],"wp:term":[{"taxonomy":"product_brand","embeddable":true,"href":"https:\/\/purama.lt\/lv\/wp-json\/wp\/v2\/product_brand?post=34474"},{"taxonomy":"product_cat","embeddable":true,"href":"https:\/\/purama.lt\/lv\/wp-json\/wp\/v2\/product_cat?post=34474"},{"taxonomy":"product_tag","embeddable":true,"href":"https:\/\/purama.lt\/lv\/wp-json\/wp\/v2\/product_tag?post=34474"}],"curies":[{"name":"wp","href":"https:\/\/api.w.org\/{rel}","templated":true}]}}