{"id":34473,"date":"2025-05-07T09:37:21","date_gmt":"2025-05-07T09:37:21","guid":{"rendered":"https:\/\/purama.lt\/produktas\/medica-group-orgasm-max-kremas-moterims\/"},"modified":"2026-03-18T16:35:55","modified_gmt":"2026-03-18T14:35:55","slug":"medica-group-orgasm-max-krems-sievietem","status":"publish","type":"product","link":"https:\/\/purama.lt\/lv\/produktas\/medica-group-orgasm-max-kremas-moterims\/","title":{"rendered":"MEDICA GROUP Orgasm Max kr\u0113ms sieviet\u0113m"},"content":{"rendered":"<p><strong>Izmanto\u0161ana<\/strong><br>Uzkl\u0101jiet nelielu daudzumu <strong>Orgasm Max kr\u0113ms sieviet\u0113m<\/strong> uz t\u012bras, sausas \u0101das int\u012bmaj\u0101 zon\u0101, viegli iemas\u0113jiet, l\u012bdz piln\u012bb\u0101 ies\u016bcas. Lietojiet apm\u0113ram 5-10 min\u016btes pirms dzimumakta. Kr\u0113mu var lietot kop\u0101 ar prezervat\u012bvu. P\u0113c lieto\u0161anas \u0101du r\u016bp\u012bgi noskalojiet ar siltu ziepj\u016bdeni.<\/p>\n\n\n\n<p><strong>Sast\u0101vda\u013cas<\/strong>:<br>\u016adens, etilheksilstear\u0101ts, glicerilstear\u0101ts, cetearila alkohols, glicer\u012bns, Butyrospermum Parkii (Shea) sviests, Prunus Amygdalus Dulcis (saldo mande\u013cu) e\u013c\u013ca, kofe\u012bns, propil\u0113nglikols, ginka biloba (Ginkgo) lapu ekstrakts, Arnica Montana (Arnica Montana) ziedu ekstrakts, Aloe Barbadensis lapu sula, tokoferila acet\u0101ts, cetearets-20, cetearets-12, cetila palmit\u0101ts, n\u0101trija poliakril\u0101ts, poliakril\u0101ts-13, polisobut\u0113ns, polisorb\u0101ts-20, fenoksietanols, etilheksilglicer\u012bns, oktend\u012bns HCl, din\u0101trija EDTA.<\/p>\n\n\n\n<p><strong>Akt\u012bv\u0101s sast\u0101vda\u013cas<\/strong><\/p>\n\n\n\n<ul class=\"wp-block-list\">\n<li><strong>\u017de\u0146\u0161e\u0146a ekstrakts<\/strong> - uzlabo asinsriti, jut\u012bgumu un saj\u016btas.<\/li>\n\n\n\n<li><strong>Ginkgo Biloba ekstrakts<\/strong> - veicina mikrocirkul\u0101ciju, uzlabo asinsriti un uzlabo baudu.<\/li>\n\n\n\n<li><strong>Alanto\u012bns<\/strong> - nomierina, mazina kairin\u0101jumu un veicina \u0101das re\u0123ener\u0101ciju.<\/li>\n\n\n\n<li><strong>Mentols<\/strong> - nodro\u0161ina atv\u0113sino\u0161u efektu, stimul\u0113jot un atjaunojot organismu.<\/li>\n<\/ul>\n\n\n\n<p><\/p>","protected":false},"excerpt":{"rendered":"<p><strong data-start=\"0\" data-end=\"30\" data-is-only-node=\"\">Orgasm Max kr\u0113ms sieviet\u0113m<\/strong> - inovat\u012bvs produkts, kas paredz\u0113ts sieviet\u0113m, kuras v\u0113las pastiprin\u0101t int\u012bm\u0101s saj\u016btas un palielin\u0101t apmierin\u0101t\u012bbu. \u0160is kr\u0113ms ir \u012bpa\u0161i izstr\u0101d\u0101ts, lai uzlabotu int\u012bmo dz\u012bvi un sniegtu maksim\u0101lu baudu. R\u016bp\u012bgi atlas\u012btas akt\u012bv\u0101s sast\u0101vda\u013cas, piem. <strong data-start=\"305\" data-end=\"333\">Ginkgo biloba ekstrakts<\/strong>, <strong data-start=\"335\" data-end=\"347\">\u017de\u0146\u0161e\u0146s<\/strong>, <strong data-start=\"349\" data-end=\"361\">mentols<\/strong>un citi, stimul\u0113 mikrocirkul\u0101ciju, uzlabo asinsriti un palielina \u0101das jut\u012bgumu. <strong data-start=\"447\" data-end=\"477\">Orgasm Max kr\u0113ms sieviet\u0113m<\/strong> maigi iedarbojas uz \u0101du, sniedzot pat\u012bkamu sildo\u0161u un atsvaidzino\u0161u saj\u016btu, barojot un mitrinot. Kr\u0113ma formula \u0101tri ies\u016bcas un neatst\u0101j taukainu atlikumu, t\u0101p\u0113c t\u0101 ir ide\u0101la izv\u0113le tiem, kas v\u0113las sasniegt int\u012bmu komfortu un baudu. Tas ir sader\u012bgs ar\u012b ar prezervat\u012bviem un lubrikantiem uz \u016bdens b\u0101zes, padarot to par ide\u0101lu papildin\u0101jumu int\u012bm\u0101m attiec\u012bb\u0101m, nodro\u0161inot maksim\u0101lu apmierin\u0101jumu un pastiprin\u0101tas saj\u016btas. <\/p>\n<p><strong data-start=\"2024\" data-end=\"2048\">K\u0101p\u0113c izv\u0113l\u0113ties?<\/strong><br data-start=\"2048\" data-end=\"2051\" \/>\u2714\ufe0f Maigs un \u0101tras iedarb\u012bbas<br data-start=\"2085\" data-end=\"2088\" \/>\u2714\ufe0f Uzlabo jut\u012bgumu un pastiprina saj\u016btas<br data-start=\"2136\" data-end=\"2139\" \/>\u2714\ufe0f Sader\u012bgs ar prezervat\u012bviem un lubrikantiem uz \u016bdens b\u0101zes.<br data-start=\"2208\" data-end=\"2211\" \/>\u2714\ufe0f Mitrina un baro \u0101du.<\/p>","protected":false},"featured_media":34490,"comment_status":"open","ping_status":"closed","template":"","meta":{"_acf_changed":false},"product_brand":[406],"product_cat":[276,278],"product_tag":[],"class_list":{"0":"post-34473","1":"product","2":"type-product","3":"status-publish","4":"has-post-thumbnail","6":"product_brand-medica-group","7":"product_cat-seksualinei-sveikatai","8":"product_cat-moterims","10":"first","11":"outofstock","12":"shipping-taxable","13":"purchasable","14":"product-type-simple"},"acf":[],"tiered_pricing_type":"fixed","tiered_pricing_fixed_rules":[],"tiered_pricing_product_settings":{"layout":"default","base_unit_name":{"singular":null,"plural":null},"default_variation":null},"tiered_pricing_minimum_quantity":null,"tiered_pricing_roles_data":[],"tiered_pricing_percentage_rules":[],"_links":{"self":[{"href":"https:\/\/purama.lt\/lv\/wp-json\/wp\/v2\/product\/34473","targetHints":{"allow":["GET"]}}],"collection":[{"href":"https:\/\/purama.lt\/lv\/wp-json\/wp\/v2\/product"}],"about":[{"href":"https:\/\/purama.lt\/lv\/wp-json\/wp\/v2\/types\/product"}],"replies":[{"embeddable":true,"href":"https:\/\/purama.lt\/lv\/wp-json\/wp\/v2\/comments?post=34473"}],"wp:featuredmedia":[{"embeddable":true,"href":"https:\/\/purama.lt\/lv\/wp-json\/wp\/v2\/media\/34490"}],"wp:attachment":[{"href":"https:\/\/purama.lt\/lv\/wp-json\/wp\/v2\/media?parent=34473"}],"wp:term":[{"taxonomy":"product_brand","embeddable":true,"href":"https:\/\/purama.lt\/lv\/wp-json\/wp\/v2\/product_brand?post=34473"},{"taxonomy":"product_cat","embeddable":true,"href":"https:\/\/purama.lt\/lv\/wp-json\/wp\/v2\/product_cat?post=34473"},{"taxonomy":"product_tag","embeddable":true,"href":"https:\/\/purama.lt\/lv\/wp-json\/wp\/v2\/product_tag?post=34473"}],"curies":[{"name":"wp","href":"https:\/\/api.w.org\/{rel}","templated":true}]}}