{"id":34472,"date":"2025-05-07T09:37:21","date_gmt":"2025-05-07T09:37:21","guid":{"rendered":"https:\/\/purama.lt\/produktas\/medica-group-orgasm-max-kremas-vyrams\/"},"modified":"2026-04-13T16:50:36","modified_gmt":"2026-04-13T14:50:36","slug":"medica-group-orgasm-max-krems-viriesiem","status":"publish","type":"product","link":"https:\/\/purama.lt\/lv\/produktas\/medica-group-orgasm-max-kremas-vyrams\/","title":{"rendered":"MEDICA GROUP Orgasm Max kr\u0113ms v\u012brie\u0161iem"},"content":{"rendered":"<p><strong>Izmanto\u0161ana<\/strong><br>Uzkl\u0101jiet nelielu daudzumu <strong>Orgasm Max kr\u0113ms v\u012brie\u0161iem<\/strong> uz t\u012bras, sausas \u0101das, viegli iemas\u0113jiet, l\u012bdz piln\u012bb\u0101 ies\u016bcas. Lietojiet apm\u0113ram 5-10 min\u016btes pirms dzimumakta. Kr\u0113mu var lietot kop\u0101 ar prezervat\u012bvu. P\u0113c lieto\u0161anas \u0101du r\u016bp\u012bgi noskalojiet ar siltu ziepj\u016bdeni.<br><br><strong>Sast\u0101vda\u013cas<\/strong>:<br>\u016adens, etilheksilstear\u0101ts, glicerilstear\u0101ts, cetearila alkohols, glicer\u012bns, Butyrospermum Parkii (Shea) sviests, Prunus Amygdalus Dulcis (saldo mande\u013cu) e\u013c\u013ca, kofe\u012bns, propil\u0113nglikols, ginka biloba (Ginkgo) lapu ekstrakts, Arnica Montana (Arnica Montana) ziedu ekstrakts, Aloe Barbadensis lapu sula, tokoferila acet\u0101ts, cetearets-20, cetearets-12, cetila palmit\u0101ts, n\u0101trija poliakril\u0101ts, poliakril\u0101ts-13, polisobut\u0113ns, polisorb\u0101ts-20, fenoksietanols, etilheksilglicer\u012bns, oktend\u012bns HCl, din\u0101trija EDTA.<\/p>\n\n\n\n<p><strong>Akt\u012bv\u0101s sast\u0101vda\u013cas<\/strong><\/p>\n\n\n\n<ul class=\"wp-block-list\">\n<li><strong>Mentols<\/strong> - nodro\u0161ina atv\u0113sino\u0161u efektu, stimul\u0113jot un atjaunojot organismu.<\/li>\n\n\n\n<li><strong>\u017de\u0146\u0161e\u0146a ekstrakts<\/strong> - uzlabo asinsriti, jut\u012bgumu un saj\u016btas.<\/li>\n\n\n\n<li><strong>Ginkgo Biloba ekstrakts<\/strong> - veicina mikrocirkul\u0101ciju, uzlabo asinsriti un uzlabo baudu.<\/li>\n\n\n\n<li><strong>Alanto\u012bns<\/strong> - nomierina, mazina kairin\u0101jumu un veicina \u0101das re\u0123ener\u0101ciju.<\/li>\n<\/ul>","protected":false},"excerpt":{"rendered":"<p><strong data-start=\"191\" data-end=\"219\">Orgasm Max kr\u0113ms v\u012brie\u0161iem<\/strong> - ir uzlabota formula, kas izstr\u0101d\u0101ta, lai palielin\u0101tu saj\u016btu intensit\u0101ti un palielin\u0101tu apmierin\u0101t\u012bbu int\u012bmajos br\u012b\u017eos. Produkts sast\u0101v no r\u016bp\u012bgi atlas\u012bt\u0101m akt\u012bvaj\u0101m sast\u0101vda\u013c\u0101m, kas <strong>palielina \u0101das jut\u012bgumu, uzlabo asinsriti un veicina re\u0123ener\u0101ciju.<\/strong>. Kr\u0113ms iedarbojas tie\u0161i uz \u0101das, \u0101tri ies\u016bcas un neatst\u0101j taukainu atlikumu. Tas ir sader\u012bgs ar prezervat\u012bviem un \u016bdens b\u0101zes lubrikantiem, padarot to par daudzpus\u012bgu papildin\u0101jumu jebkurai int\u012bmai pieredzei. <\/p>\n<p><strong data-start=\"1941\" data-end=\"1965\">K\u0101p\u0113c izv\u0113l\u0113ties?<\/strong><br data-start=\"1965\" data-end=\"1968\" \/>\u2714\ufe0f \u0100tri ies\u016bcas un neatst\u0101j taukainu atlikumu.<br data-start=\"2019\" data-end=\"2022\" \/>\u2714\ufe0f Piem\u0113rots ar prezervat\u012bviem un lubrikantiem uz \u016bdens b\u0101zes.<br data-start=\"2085\" data-end=\"2088\" \/>\u2714\ufe0f Uzlabo jut\u012bgumu un pastiprina saj\u016btas<br data-start=\"2136\" data-end=\"2139\" \/>\u2714\ufe0f Veicina \u0101das re\u0123ener\u0101ciju un mazina kairin\u0101jumu.<\/p>","protected":false},"featured_media":34489,"comment_status":"open","ping_status":"closed","template":"","meta":{"_acf_changed":false},"product_brand":[406],"product_cat":[276,57,277],"product_tag":[],"class_list":{"0":"post-34472","1":"product","2":"type-product","3":"status-publish","4":"has-post-thumbnail","6":"product_brand-medica-group","7":"product_cat-seksualinei-sveikatai","8":"product_cat-akcijos","9":"product_cat-vyrams","11":"first","12":"instock","13":"sale","14":"shipping-taxable","15":"purchasable","16":"product-type-simple"},"acf":[],"tiered_pricing_type":"fixed","tiered_pricing_fixed_rules":[],"tiered_pricing_product_settings":{"layout":"default","base_unit_name":{"singular":null,"plural":null},"default_variation":null},"tiered_pricing_minimum_quantity":null,"tiered_pricing_roles_data":[],"tiered_pricing_percentage_rules":[],"_links":{"self":[{"href":"https:\/\/purama.lt\/lv\/wp-json\/wp\/v2\/product\/34472","targetHints":{"allow":["GET"]}}],"collection":[{"href":"https:\/\/purama.lt\/lv\/wp-json\/wp\/v2\/product"}],"about":[{"href":"https:\/\/purama.lt\/lv\/wp-json\/wp\/v2\/types\/product"}],"replies":[{"embeddable":true,"href":"https:\/\/purama.lt\/lv\/wp-json\/wp\/v2\/comments?post=34472"}],"wp:featuredmedia":[{"embeddable":true,"href":"https:\/\/purama.lt\/lv\/wp-json\/wp\/v2\/media\/34489"}],"wp:attachment":[{"href":"https:\/\/purama.lt\/lv\/wp-json\/wp\/v2\/media?parent=34472"}],"wp:term":[{"taxonomy":"product_brand","embeddable":true,"href":"https:\/\/purama.lt\/lv\/wp-json\/wp\/v2\/product_brand?post=34472"},{"taxonomy":"product_cat","embeddable":true,"href":"https:\/\/purama.lt\/lv\/wp-json\/wp\/v2\/product_cat?post=34472"},{"taxonomy":"product_tag","embeddable":true,"href":"https:\/\/purama.lt\/lv\/wp-json\/wp\/v2\/product_tag?post=34472"}],"curies":[{"name":"wp","href":"https:\/\/api.w.org\/{rel}","templated":true}]}}