{"id":34470,"date":"2025-05-07T09:37:20","date_gmt":"2025-05-07T09:37:20","guid":{"rendered":"https:\/\/purama.lt\/produktas\/medica-group-biggersize-zele\/"},"modified":"2026-04-19T08:26:28","modified_gmt":"2026-04-19T06:26:28","slug":"medica-group-biggersize-zele","status":"publish","type":"product","link":"https:\/\/purama.lt\/lv\/produktas\/medica-group-biggersize-zele\/","title":{"rendered":"MEDICA GROUP BiggerSize \u017eeleja"},"content":{"rendered":"<p><strong>Izmanto\u0161ana<\/strong><br>Uzkl\u0101jiet nelielu daudzumu gela pa visu dzimumlocek\u013ca garumu un viegli iemas\u0113jiet, l\u012bdz tas piln\u012bb\u0101 ies\u016bcas. Lietojiet 1-2 reizes dien\u0101, v\u0113lams pirms dzimumakta vai k\u0101 priek\u0161sp\u0113les sast\u0101vda\u013cu. \u017deleja ir sader\u012bga ar prezervat\u012bviem un erotiskajiem piederumiem. Izvair\u012bties no saskares ar ac\u012bm.<\/p>\n\n\n\n<p><strong>Sast\u0101vda\u013cas:<\/strong><br>\u016adens, hidroksietilceluloze, propil\u0113nglikols, glicer\u012bns, sorb\u012bts, polisorb\u0101ts 20, Paullinia Cupana s\u0113klu ekstrakts, Panax Ginseng sak\u0146u ekstrakts, Humulus Lupulus ekstrakts, Urtica Dioica ekstrakts, vanillu butil\u0113teris, n\u0101trija acet\u0101ts, izopropilspirts, celuloze, k\u0101lija sorb\u0101ts, n\u0101trija benzo\u0101ts, citronsk\u0101be, arom\u0101ts, limon\u0113ns.<\/p>\n\n\n\n<p><strong>Akt\u012bv\u0101s sast\u0101vda\u013cas<\/strong><br><br><strong>Guaranas s\u0113klu ekstrakts (Paullinia Cupana s\u0113klu ekstrakts)<\/strong> - iedarbojas k\u0101 stimul\u0113jo\u0161s l\u012bdzeklis, tam piem\u012bt antioksidanta un antibakteri\u0101las \u012bpa\u0161\u012bbas. Augst\u0101s kofe\u012bna koncentr\u0101cijas d\u0113\u013c tas pal\u012bdz uzlabot asinsriti dzimumlocek\u013ca audos.<br><strong>Panax Ginseng sak\u0146u ekstrakts<\/strong> - uzlabo vitalit\u0101ti, uzlabo fizisko iztur\u012bbu un seksu\u0101lo vesel\u012bbu. Iedarbojas k\u0101 stimulants, lai pal\u012bdz\u0113tu sasniegt sp\u0113c\u012bg\u0101ku erekciju.<br><strong>Humulus Lupulus ekstrakts (Humulus Lupulus ekstrakts)<\/strong> - piem\u012bt nomierino\u0161as un stimul\u0113jo\u0161as \u012bpa\u0161\u012bbas. Tas pal\u012bdz aizsarg\u0101t \u0161\u016bnas pret priek\u0161laic\u012bgu noveco\u0161anos un tam piem\u012bt antibakteri\u0101las \u012bpa\u0161\u012bbas.<br><strong>Urtica Dioica ekstrakts (Urtica Dioica ekstrakts)<\/strong> - Stimul\u0113 \u0161\u016bnas, tam piem\u012bt pretiekaisuma un \u0101rstnieciskas \u012bpa\u0161\u012bbas, tas veicina \u0101das re\u0123ener\u0101ciju.<br><strong>L-argin\u012bns<\/strong> - aminosk\u0101be, kas pal\u012bdz stimul\u0113t sl\u0101pek\u013ca oks\u012bda veido\u0161anos, kas izraisa asinsvadu papla\u0161in\u0101\u0161anos un uzlabo dzimumlocek\u013ca asinsriti, pal\u012bdzot sasniegt stingr\u0101ku erekciju.<\/p>","protected":false},"excerpt":{"rendered":"<p><strong data-start=\"223\" data-end=\"242\">BiggerSize \u017eeleja<\/strong> - inovat\u012bva 2-in-1 formula, <strong>v\u012brie\u0161iem, kuri v\u0113las nostiprin\u0101t un sabiezin\u0101t dzimumlocekli, k\u0101 ar\u012b pastiprin\u0101t saj\u016btas un palielin\u0101t pa\u0161apzi\u0146u.<\/strong>. T\u0101das dab\u012bgas sast\u0101vda\u013cas k\u0101 guarana, api\u0146i, n\u0101tres un \u017ee\u0146\u0161e\u0146s ir r\u016bp\u012bgi atlas\u012btas, lai stimul\u0113tu asinsriti, uzlabotu asinsriti un palielin\u0101tu jut\u012bgumu. Iedarbojas tie\u0161i uz dzimumlocek\u013ca \u0101das, <strong data-start=\"605\" data-end=\"624\">BiggerSize \u017eeleja<\/strong> uzlabo erekcijas kvalit\u0101ti un paildzina int\u012bmos mirk\u013cus. Produkts nodro\u0161ina z\u012bdainu mitrin\u0101\u0161anu, nov\u0113r\u0161 sausumu un palielina komfortu. T\u0101 daudzpus\u012bba \u013cauj to izmantot kop\u0101 ar prezervat\u012bviem un erotiskajiem aksesu\u0101riem, padarot to ide\u0101li piem\u0113rotu ikdienas lieto\u0161anai vai \u012bpa\u0161iem mirk\u013ciem ar partneri. <\/p>\n<p><strong data-start=\"2564\" data-end=\"2588\">K\u0101p\u0113c izv\u0113l\u0113ties:<\/strong><br data-start=\"2588\" data-end=\"2591\" \/>\u2714\ufe0f Palielina erekcijas kvalit\u0101ti un paildzina int\u012bmos mirk\u013cus.<br data-start=\"2656\" data-end=\"2659\" \/>\u2714\ufe0f Stimul\u0113 asinsriti un palielina jut\u012bgumu.<br data-start=\"2710\" data-end=\"2713\" \/>\u2714\ufe0f Univers\u0101ls - var izmantot ar prezervat\u012bviem un erotiskiem aksesu\u0101riem.<br data-start=\"2790\" data-end=\"2793\" \/>\u2714\ufe0f Dab\u012bgas sast\u0101vda\u013cas - guarana, \u017ee\u0146\u0161e\u0146s, api\u0146i, n\u0101tres.<br data-start=\"2862\" data-end=\"2865\" \/>\u2714\ufe0f \u0100tri ies\u016bcas un neatst\u0101j taukainu atlikumu.<\/p>","protected":false},"featured_media":34494,"comment_status":"open","ping_status":"closed","template":"","meta":{"_acf_changed":false},"product_brand":[406],"product_cat":[276,57,277],"product_tag":[],"class_list":{"0":"post-34470","1":"product","2":"type-product","3":"status-publish","4":"has-post-thumbnail","6":"product_brand-medica-group","7":"product_cat-seksualinei-sveikatai","8":"product_cat-akcijos","9":"product_cat-vyrams","11":"first","12":"instock","13":"sale","14":"shipping-taxable","15":"purchasable","16":"product-type-simple"},"acf":[],"tiered_pricing_type":"fixed","tiered_pricing_fixed_rules":[],"tiered_pricing_product_settings":{"layout":"default","base_unit_name":{"singular":null,"plural":null},"default_variation":null},"tiered_pricing_minimum_quantity":null,"tiered_pricing_roles_data":[],"tiered_pricing_percentage_rules":[],"_links":{"self":[{"href":"https:\/\/purama.lt\/lv\/wp-json\/wp\/v2\/product\/34470","targetHints":{"allow":["GET"]}}],"collection":[{"href":"https:\/\/purama.lt\/lv\/wp-json\/wp\/v2\/product"}],"about":[{"href":"https:\/\/purama.lt\/lv\/wp-json\/wp\/v2\/types\/product"}],"replies":[{"embeddable":true,"href":"https:\/\/purama.lt\/lv\/wp-json\/wp\/v2\/comments?post=34470"}],"wp:featuredmedia":[{"embeddable":true,"href":"https:\/\/purama.lt\/lv\/wp-json\/wp\/v2\/media\/34494"}],"wp:attachment":[{"href":"https:\/\/purama.lt\/lv\/wp-json\/wp\/v2\/media?parent=34470"}],"wp:term":[{"taxonomy":"product_brand","embeddable":true,"href":"https:\/\/purama.lt\/lv\/wp-json\/wp\/v2\/product_brand?post=34470"},{"taxonomy":"product_cat","embeddable":true,"href":"https:\/\/purama.lt\/lv\/wp-json\/wp\/v2\/product_cat?post=34470"},{"taxonomy":"product_tag","embeddable":true,"href":"https:\/\/purama.lt\/lv\/wp-json\/wp\/v2\/product_tag?post=34470"}],"curies":[{"name":"wp","href":"https:\/\/api.w.org\/{rel}","templated":true}]}}