{"id":34469,"date":"2025-05-07T09:37:20","date_gmt":"2025-05-07T09:37:20","guid":{"rendered":"https:\/\/purama.lt\/produktas\/medica-group-bigerection-zele\/"},"modified":"2026-04-20T23:06:21","modified_gmt":"2026-04-20T21:06:21","slug":"medica-grupa-bigerection-zele","status":"publish","type":"product","link":"https:\/\/purama.lt\/lv\/produktas\/medica-group-bigerection-zele\/","title":{"rendered":"MEDICA GROUP BigErection g\u0113ls"},"content":{"rendered":"<p><strong>Izmanto\u0161ana<\/strong><br>Uzkl\u0101jiet nelielu daudzumu gela uz izv\u0113l\u0113t\u0101s \u0101das zonas un viegli iemas\u0113jiet, l\u012bdz tas piln\u012bb\u0101 ies\u016bcas. Var lietot pirms int\u012bmajiem sakariem. \u017deleja ir sader\u012bga ar prezervat\u012bviem un erotiskajiem piederumiem. Izvair\u012bties no saskares ar ac\u012bm.<\/p>\n\n\n\n<p><strong>Sast\u0101vda\u013cas:<\/strong><\/p>\n\n\n\n<p>\u016adens, glicer\u012bns, propandiols, Aloe Barbadensis lapu sula, hidroksietilceluloze, n\u0101trija benzo\u0101ts, polisorb\u0101ts 20, arom\u0101ts, Urtica Dioica lapu ekstrakts, Panax Ginseng saknes ekstrakts, Calendula Officinalis ziedu \u016bdens, piensk\u0101be, vanililbutil\u0113teris, k\u0101lija sorb\u0101ts, n\u0101trija fosf\u0101ts, n\u0101trija fosf\u0101ts, din\u0101trija fosf\u0101ts, Peg-40 hidrogen\u0113ta r\u012bcine\u013c\u013ca, polisorb\u0101ts 60, fenoksietanols.<\/p>\n\n\n\n<p><strong>Akt\u012bv\u0101s sast\u0101vda\u013cas<\/strong><br>L-argin\u012bns - pal\u012bdz papla\u0161in\u0101t asinsvadus, uzlabo asinsriti un stiprina erekciju.<br>Guaranas ekstrakts - stimul\u0113, uzmundrina un atbalsta seksu\u0101lo iztur\u012bbu.<br>\u017de\u0146\u0161e\u0146a ekstrakts - stimul\u0113 libido, uzlabo asinsriti un veicina seksu\u0101lo funkciju.<br>Mentols - nodro\u0161ina atv\u0113sino\u0161u efektu, palielina jut\u012bbu pret stimuliem un komfortu lieto\u0161anas laik\u0101.<\/p>","protected":false},"excerpt":{"rendered":"<p><strong data-start=\"0\" data-end=\"20\">BigErection \u017eeleja<\/strong> - sp\u0113c\u012bgai un stingrai erekcijai. Pieredze <strong data-start=\"64\" data-end=\"85\">BigErection \u017eelejas<\/strong> un paceliet int\u012bmos mirk\u013cus jaun\u0101 baudas l\u012bmen\u012b. \u0160\u012b inovat\u012bv\u0101 2-in-1 formula ir izstr\u0101d\u0101ta, lai pal\u012bdz\u0113tu v\u012brie\u0161iem <strong>g\u016bt sp\u0113c\u012bg\u0101ku, ilg\u0101ku un apmierino\u0161\u0101ku int\u012bmo pieredzi.<\/strong>. Pateicoties r\u016bp\u012bgi atlas\u012btajam dab\u012bgo sast\u0101vda\u013cu mais\u012bjumam, g\u0113ls tie\u0161i iedarbojas uz \u0101du, palielinot t\u0101s jut\u012bgumu un pastiprinot saj\u016btas. <strong data-start=\"399\" data-end=\"414\">BigErection<\/strong> stimul\u0113 erog\u0113n\u0101s zonas, sniedzot intens\u012bvas saj\u016btas abiem partneriem. Produkts pal\u012bdz palielin\u0101t komfortu int\u012bmu dzimumaktu laik\u0101, bet t\u0101 vilino\u0161ais arom\u0101ts un sader\u012bba ar prezervat\u012bviem un erotiskajiem aksesu\u0101riem padara to par daudzpus\u012bgu l\u012bdzekli, kas palielina p\u0101rliec\u012bbu un apmierin\u0101t\u012bbu.<\/p>\n<p><strong data-start=\"1787\" data-end=\"1811\">K\u0101p\u0113c izv\u0113l\u0113ties:<\/strong><br data-start=\"1811\" data-end=\"1814\" \/>\u2714\ufe0f Pastiprina erekciju un palielina dzimumakta ilgumu.<br data-start=\"1877\" data-end=\"1880\" \/>\u2714\ufe0f Palielina jut\u012bgumu un pastiprina saj\u016btas abiem partneriem.<br data-start=\"1947\" data-end=\"1950\" \/>\u2714\ufe0f Sader\u012bgs ar prezervat\u012bviem un erotiskiem aksesu\u0101riem.<br data-start=\"2010\" data-end=\"2013\" \/>\u2714\ufe0f Stimul\u0113 un uzl\u0101d\u0113, uzlabo iztur\u012bbu.<br data-start=\"2073\" data-end=\"2076\" \/>\u2714\ufe0f \u0100tri ies\u016bcas un neatst\u0101j taukainu atlikumu.<\/p>","protected":false},"featured_media":34495,"comment_status":"open","ping_status":"closed","template":"","meta":{"_acf_changed":false},"product_brand":[406],"product_cat":[276,57,277],"product_tag":[],"class_list":{"0":"post-34469","1":"product","2":"type-product","3":"status-publish","4":"has-post-thumbnail","6":"product_brand-medica-group","7":"product_cat-seksualinei-sveikatai","8":"product_cat-akcijos","9":"product_cat-vyrams","11":"first","12":"instock","13":"sale","14":"shipping-taxable","15":"purchasable","16":"product-type-simple"},"acf":[],"tiered_pricing_type":"fixed","tiered_pricing_fixed_rules":[],"tiered_pricing_product_settings":{"layout":"default","base_unit_name":{"singular":null,"plural":null},"default_variation":null},"tiered_pricing_minimum_quantity":null,"tiered_pricing_roles_data":[],"tiered_pricing_percentage_rules":[],"_links":{"self":[{"href":"https:\/\/purama.lt\/lv\/wp-json\/wp\/v2\/product\/34469","targetHints":{"allow":["GET"]}}],"collection":[{"href":"https:\/\/purama.lt\/lv\/wp-json\/wp\/v2\/product"}],"about":[{"href":"https:\/\/purama.lt\/lv\/wp-json\/wp\/v2\/types\/product"}],"replies":[{"embeddable":true,"href":"https:\/\/purama.lt\/lv\/wp-json\/wp\/v2\/comments?post=34469"}],"wp:featuredmedia":[{"embeddable":true,"href":"https:\/\/purama.lt\/lv\/wp-json\/wp\/v2\/media\/34495"}],"wp:attachment":[{"href":"https:\/\/purama.lt\/lv\/wp-json\/wp\/v2\/media?parent=34469"}],"wp:term":[{"taxonomy":"product_brand","embeddable":true,"href":"https:\/\/purama.lt\/lv\/wp-json\/wp\/v2\/product_brand?post=34469"},{"taxonomy":"product_cat","embeddable":true,"href":"https:\/\/purama.lt\/lv\/wp-json\/wp\/v2\/product_cat?post=34469"},{"taxonomy":"product_tag","embeddable":true,"href":"https:\/\/purama.lt\/lv\/wp-json\/wp\/v2\/product_tag?post=34469"}],"curies":[{"name":"wp","href":"https:\/\/api.w.org\/{rel}","templated":true}]}}