{"id":34328,"date":"2025-04-29T06:02:02","date_gmt":"2025-04-29T06:02:02","guid":{"rendered":"https:\/\/purama.lt\/produktas\/mcdavid-smash-antkelis\/"},"modified":"2025-12-08T11:03:16","modified_gmt":"2025-12-08T09:03:16","slug":"mcdavid-smash-uzlimes","status":"publish","type":"product","link":"https:\/\/purama.lt\/lv\/produktas\/mcdavid-smash-antkelis\/","title":{"rendered":"McDavid Smash Antkelis"},"content":{"rendered":"","protected":false},"excerpt":{"rendered":"<p class=\"\" data-start=\"124\" data-end=\"226\"><strong data-start=\"124\" data-end=\"226\">McDavid Smash apkakle ir uzticama aizsardz\u012bba, kad jums nepiecie\u0161ama stabilit\u0101te un p\u0101rliec\u012bba katr\u0101 kust\u012bb\u0101.\u00a0<\/strong>Augstas kvalit\u0101tes McDavid kr\u016b\u0161da\u013ca ir izstr\u0101d\u0101ta, lai nodro\u0161in\u0101tu maksim\u0101lu aizsardz\u012bbu, komfortu un loc\u012btavu stabiliz\u0101ciju intens\u012bvu treni\u0146u vai sacens\u012bbu laik\u0101. Iztur\u012bg\u0101 polster\u0113t\u0101 konstrukcija efekt\u012bvi absorb\u0113 triecienus un pasarg\u0101 ce\u013cgalus no traum\u0101m, \u013caujot dro\u0161i p\u0101rvietoties pat visdinamisk\u0101kaj\u0101s situ\u0101cij\u0101s. Integr\u0113t\u0101 mitruma p\u0101rvald\u012bbas tehnolo\u0123ija pal\u012bdz \u0101tri iztvaikot sviedriem un saglab\u0101t \u0101du sausu, savuk\u0101rt silikona apmale uz aug\u0161da\u013cas nov\u0113r\u0161 ce\u013cgalu spilventi\u0146a nosl\u012bd\u0113\u0161anu vai nokri\u0161anu kust\u012bbu laik\u0101. Apkakl\u012bti ir viegli uzvilkt un no\u0146emt, t\u0101p\u0113c t\u0101 ir piem\u0113rota visu fizisk\u0101s sagatavot\u012bbas l\u012bme\u0146u lietot\u0101jiem. Neatkar\u012bgi no t\u0101, vai esat akt\u012bvs sporta entuziasts vai vienk\u0101r\u0161i mekl\u0113jat uzticamu ce\u013cgalu aizsardz\u012bbu - <strong data-start=\"926\" data-end=\"943\">McDavid Smash<\/strong> ir dro\u0161\u012bbas un komforta risin\u0101jums, uz kuru varat pa\u013cauties katru dienu.<\/p>\n<p><strong data-start=\"119\" data-end=\"165\">K\u0101p\u0113c izv\u0113l\u0113ties \u017eetonu McDavid Smash?<\/strong><br data-start=\"165\" data-end=\"168\" \/>\u2714\ufe0f Uzticama ce\u013cgalu aizsardz\u012bba pret triecieniem un traum\u0101m<br data-start=\"214\" data-end=\"217\" \/>\u2714\ufe0f Stabiliz\u0113 loc\u012btavas intens\u012bvu treni\u0146u laik\u0101<br data-start=\"269\" data-end=\"272\" \/>\u2714\ufe0f Efekt\u012bva sviedru iztvaiko\u0161ana - vienm\u0113r sausa \u0101da<br data-start=\"324\" data-end=\"327\" \/>\u2714\ufe0f Nesl\u012bdo\u0161s dizains - saglab\u0101jas sav\u0101 viet\u0101 kust\u012bb\u0101<br data-start=\"381\" data-end=\"384\" \/>\u2714\ufe0f Piem\u0113rots cilv\u0113kiem ar da\u017e\u0101du aktivit\u0101tes un fizisk\u0101s sagatavot\u012bbas l\u012bmeni.<br data-start=\"439\" data-end=\"442\" \/>\u2714\ufe0f \u013boti \u0113rti valk\u0101t - neierobe\u017eo kust\u012bbas<\/p>\n<p><strong>PIEG\u0100DES LAIKS VAR B\u016aT NO 10 L\u012aDZ 14 DARBA DIEN\u0100M.<\/strong><\/p>","protected":false},"featured_media":34284,"comment_status":"open","ping_status":"closed","template":"","meta":{"_acf_changed":false},"product_brand":[],"product_cat":[282,291,289],"product_tag":[],"class_list":{"0":"post-34328","1":"product","2":"type-product","3":"status-publish","4":"has-post-thumbnail","6":"product_cat-longevity-prietaisai","7":"product_cat-apsaugos-ir-pagalbines-priemones","8":"product_cat-sporto-prekes","10":"first","11":"outofstock","12":"shipping-taxable","13":"purchasable","14":"product-type-simple"},"acf":[],"tiered_pricing_type":"fixed","tiered_pricing_fixed_rules":[],"tiered_pricing_product_settings":{"layout":"default","base_unit_name":{"singular":null,"plural":null},"default_variation":null},"tiered_pricing_minimum_quantity":null,"tiered_pricing_roles_data":[],"tiered_pricing_percentage_rules":[],"_links":{"self":[{"href":"https:\/\/purama.lt\/lv\/wp-json\/wp\/v2\/product\/34328","targetHints":{"allow":["GET"]}}],"collection":[{"href":"https:\/\/purama.lt\/lv\/wp-json\/wp\/v2\/product"}],"about":[{"href":"https:\/\/purama.lt\/lv\/wp-json\/wp\/v2\/types\/product"}],"replies":[{"embeddable":true,"href":"https:\/\/purama.lt\/lv\/wp-json\/wp\/v2\/comments?post=34328"}],"wp:featuredmedia":[{"embeddable":true,"href":"https:\/\/purama.lt\/lv\/wp-json\/wp\/v2\/media\/34284"}],"wp:attachment":[{"href":"https:\/\/purama.lt\/lv\/wp-json\/wp\/v2\/media?parent=34328"}],"wp:term":[{"taxonomy":"product_brand","embeddable":true,"href":"https:\/\/purama.lt\/lv\/wp-json\/wp\/v2\/product_brand?post=34328"},{"taxonomy":"product_cat","embeddable":true,"href":"https:\/\/purama.lt\/lv\/wp-json\/wp\/v2\/product_cat?post=34328"},{"taxonomy":"product_tag","embeddable":true,"href":"https:\/\/purama.lt\/lv\/wp-json\/wp\/v2\/product_tag?post=34328"}],"curies":[{"name":"wp","href":"https:\/\/api.w.org\/{rel}","templated":true}]}}