{"id":34312,"date":"2025-04-29T06:01:56","date_gmt":"2025-04-29T06:01:56","guid":{"rendered":"https:\/\/purama.lt\/produktas\/kernel-kn-8000a-lazerines-plauku-augimo-stimuliacijos-terapijos-prietaisas\/"},"modified":"2025-11-11T17:18:21","modified_gmt":"2025-11-11T15:18:21","slug":"kernel-kn-8000a-lazera-matu-augsanas-stimulacijas-terapijas-ierice","status":"publish","type":"product","link":"https:\/\/purama.lt\/lv\/produktas\/kernel-kn-8000a-lazerines-plauku-augimo-stimuliacijos-terapijos-prietaisas\/","title":{"rendered":"Kernel KN-8000A l\u0101zera matu aug\u0161anas stimul\u0101cijas terapijas ier\u012bce"},"content":{"rendered":"<p><strong>Galvenie ieguvumi:<\/strong><br>\u2714\ufe0f <strong>\u0100tra modu\u013cu nomai\u0146a bez instrumentiem<\/strong><br>Apstr\u0101des galvi\u0146as ir apr\u012bkotas ar milit\u0101r\u0101s klases \u0101tr\u0101s savieno\u0161anas savienot\u0101jiem, t\u0101p\u0113c modu\u013cu nomai\u0146a vai apkope ir \u0101tra, bez \u012bpa\u0161as apm\u0101c\u012bbas vai tehnisk\u0101 person\u0101la.<br>\u2714\ufe0f <strong>Katras zonas t\u0101lvad\u012bbas pults<\/strong><br>Katru l\u0101zera paneli var kontrol\u0113t atsevi\u0161\u0137i, t\u0101d\u0113j\u0101di piel\u0101gojot \u0101rst\u0113\u0161anu pacienta vajadz\u012bb\u0101m, piem\u0113ram, fokus\u0113jot gaismu tikai uz galvas vai pieres aug\u0161da\u013cu.<br>\u2714\ufe0f <strong>Impulsa vai konstantais darb\u012bbas re\u017e\u012bms<\/strong><br>Ier\u012bce atbalsta divus da\u017e\u0101dus darb\u012bbas re\u017e\u012bmus - puls\u0113jo\u0161u vai vienm\u0113r\u012bgu, kas \u013cauj piel\u0101got terapiju j\u016bsu \u0101das jut\u012bbai vai \u0101rsta ieteikumiem.<br>\u2714\ufe0f <strong>Darba att\u0101luma regul\u0113\u0161ana<\/strong><br>Integr\u0113tais att\u0101luma sensors \u013cauj regul\u0113t gaismas avota poz\u012bciju optim\u0101l\u0101 4 cm \u00b1 1 cm att\u0101lum\u0101 no \u0101das, nodro\u0161inot vienm\u0113r\u012bgu ener\u0123ijas sadal\u012bjumu bez p\u0101rkar\u0161anas vai efektivit\u0101tes zuduma.<br>\u2714\ufe0f <strong>Dro\u0161\u012bbas funkcijas - dubult\u0101 aktiviz\u0113\u0161anas atsl\u0113ga un parole<\/strong><br>Ier\u012bcei ir papildu aizsardz\u012bba pret nesankcion\u0113tu izmanto\u0161anu, izmantojot paroles aizsardz\u012bbu un dubultas aktiviz\u0113\u0161anas sist\u0113mu.<br>\u2714\ufe0f <strong>Pla\u0161s pielietojuma spektrs - no kl\u012bnik\u0101m l\u012bdz augstas klases izst\u0101\u017eu z\u0101l\u0113m<\/strong><br>Ide\u0101li piem\u0113rots lieto\u0161anai ne tikai dermatologu kabinetos, bet ar\u012b medic\u012bnisk\u0101s skaistumkop\u0161anas kl\u012bnik\u0101s vai modernos triholo\u0123ijas centros. T\u0101 daudzpus\u012bba \u013cauj papla\u0161in\u0101t pakalpojumu kl\u0101stu bez papildu apr\u012bkojuma.<\/p>\n\n\n\n<hr class=\"wp-block-separator has-alpha-channel-opacity\"\/>\n\n\n\n<p><strong>Tehniskie parametri<\/strong>:<\/p>\n\n\n\n<figure class=\"wp-block-table\"><table class=\"has-fixed-layout\"><thead><tr><th><strong>Tehniskie parametri<\/strong><\/th><th><strong>Specifik\u0101cija<\/strong><\/th><\/tr><\/thead><tbody><tr><td>Gaismas avots<\/td><td>650 nm pusvad\u012bt\u0101ju l\u0101zers<\/td><\/tr><tr><td>L\u0101zera vi\u013c\u0146a garums<\/td><td>650 nm \u00b1 10 nm<\/td><\/tr><tr><td>Jauda uz diodi<\/td><td>4-5 mW<\/td><\/tr><tr><td>L\u0101zeru daudzums<\/td><td>424 vien\u012bbas<\/td><\/tr><tr><td>Apstaro\u0161anas zona<\/td><td>935 cm\u00b2 \u00b110 cm\u00b2<\/td><\/tr><tr><td>Darba att\u0101lums<\/td><td>4 cm \u00b1 1 cm<\/td><\/tr><tr><td>P\u0101rvald\u012bba<\/td><td>Atsevi\u0161\u0137a katra modu\u013ca vad\u012bba<\/td><\/tr><tr><td>Ekr\u0101ns<\/td><td>8 collu sk\u0101rienekr\u0101ns<\/td><\/tr><tr><td>\u0100rst\u0113\u0161anas re\u017e\u012bmi<\/td><td>Impuls\u012bvs\/patst\u0101v\u012bgs<\/td><\/tr><tr><td>Apstr\u0101des galvas izm\u0113ri<\/td><td>488\u00d7453\u00d765 mm<\/td><\/tr><tr><td>Ier\u012bces izm\u0113ri<\/td><td>570\u00d7620\u00d71245 mm<\/td><\/tr><tr><td>Iek\u0161\u0113jais diametrs<\/td><td>225\u00d7225\u00d7120 mm<\/td><\/tr><tr><td>Konstrukcijas augstuma regul\u0113\u0161ana<\/td><td>145 cm - 99 cm<\/td><\/tr><tr><td>Sviras garums<\/td><td>70 cm<\/td><\/tr><tr><td>Iepakojuma izm\u0113ri (koka kaste)<\/td><td>740\u00d7650\u00d71160 mm<\/td><\/tr><tr><td>Iepakojuma izm\u0113ri (kaste)<\/td><td>1030\u00d7660\u00d7540 mm<\/td><\/tr><tr><td>Neto svars<\/td><td>26,5 kg<\/td><\/tr><tr><td>Kop\u0113jais svars<\/td><td>53 kg<\/td><\/tr><tr><td>Sertifik\u0101ti<\/td><td>CE, FDA<\/td><\/tr><\/tbody><\/table><\/figure>\n\n\n\n<p><\/p>","protected":false},"excerpt":{"rendered":"<p data-start=\"189\" data-end=\"265\"><strong>Kernel KN-8000A ir profesion\u0101la l\u0101zera terapija matu aug\u0161anai.<\/strong>\u00a0Kernel KN-8000A ir augstas klases l\u0101zera instruments, <strong>dro\u0161ai un efekt\u012bvai matu izkri\u0161anas \u0101rst\u0113\u0161anai gan v\u012brie\u0161iem, gan sieviet\u0113m.<\/strong>. \u0160\u012b ier\u012bce, izmantojot 424 650 nm medic\u012bnisk\u0101s klases l\u0101zera diodes, stimul\u0113 galvas \u0101du, uzlabo asinsriti un aktiviz\u0113 matu folikulus, t\u0101d\u0113j\u0101di dabiski stimul\u0113jot jaunu matu aug\u0161anu.\u00a0<strong>Ier\u012bce ir paredz\u0113ta da\u017e\u0101du alop\u0113cijas formu \u0101rst\u0113\u0161anai - androg\u0113nas, fok\u0101las, seborrhoeic<\/strong>Modul\u0101r\u0101 konstrukcija \u013cauj individu\u0101li piel\u0101got terapiju katra pacienta galvas formai vai \u0101rst\u0113jamai zonai. Integr\u0113tais 8\" sk\u0101rienekr\u0101ns \u013cauj intuit\u012bvi kontrol\u0113t funkcijas bez iepriek\u0161\u0113jas sagatavo\u0161an\u0101s. Katrs l\u0101zera segments darbojas neatkar\u012bgi, bet 360\u00b0 br\u012bvais roku le\u0146\u0137is un regul\u0113jamais augstums nodro\u0161ina piln\u012bgu elast\u012bbu sesijas laik\u0101.<\/p>\n<p data-start=\"201\" data-end=\"238\"><strong data-start=\"205\" data-end=\"238\">K\u0101p\u0113c izv\u0113l\u0113ties KN-8000A:<br \/><\/strong>\u2714\ufe0f <strong data-start=\"243\" data-end=\"299\">Paredz\u0113ts ilgsto\u0161iem rezult\u0101tiem, nevis t\u016bl\u012bt\u0113jam efektam.<\/strong><br data-start=\"299\" data-end=\"302\" \/>Izmantojot zemas intensit\u0101tes l\u0101zerus, ier\u012bce iedarbojas uz dzi\u013ciem galvas \u0101das sl\u0101\u0146iem, stimul\u0113jot \u0161\u016bnu re\u0123ener\u0101ciju un uzlabojot folikulu aktivit\u0101ti - bez s\u0101p\u0113m, blakuspar\u0101d\u012bb\u0101m un iejauk\u0161an\u0101s.<br \/>\u2714\ufe0f <strong data-start=\"501\" data-end=\"541\">Piem\u0113rots da\u017e\u0101d\u0101m alop\u0113cijas form\u0101m<\/strong><br data-start=\"541\" data-end=\"544\" \/>Un ne tikai retin\u0101tiem matiem - \u0161is risin\u0101jums ir piem\u0113rots ar\u012b fokusa alop\u0113cijai, \u0123en\u0113tiskai plikpaur\u012bbai vai sezon\u0101lam izkri\u0161anai. Viena ier\u012bce - vair\u0101ki kl\u012bniskie scen\u0101riji.<br \/>\u2714\ufe0f <strong data-start=\"738\" data-end=\"780\">Efekt\u012bvs gan v\u012brie\u0161iem, gan sieviet\u0113m<\/strong><br data-start=\"780\" data-end=\"783\" \/>Sertific\u0113ts lieto\u0161anai abiem dzimumiem - tas \u013cauj salonam vai kl\u012bnikai papla\u0161in\u0101t klientu loku bez nepiecie\u0161am\u012bbas p\u0113c papildu ier\u012bc\u0113m vai da\u017e\u0101d\u0101m \u0101rst\u0113\u0161anas metod\u0113m.<br \/>\u2714\ufe0f <strong data-start=\"940\" data-end=\"991\">Kl\u012bnisk\u0101 l\u012bme\u0146a rezult\u0101ti bez ilgas sagatavo\u0161an\u0101s<\/strong><br data-start=\"991\" data-end=\"994\" \/>Sist\u0113ma darbojas intuit\u012bvi, nav nepiecie\u0161ama ilgsto\u0161a apm\u0101c\u012bba, un proced\u016bras var veikt \u0101tri un prec\u012bzi atbilsto\u0161i iepriek\u0161 noteiktiem parametriem.<br \/>\u2714\ufe0f <strong data-start=\"1157\" data-end=\"1194\">Palielina pakalpojumu v\u0113rt\u012bbu un presti\u017eu<\/strong><br data-start=\"1194\" data-end=\"1197\" \/>L\u0101zerterapija matu aug\u0161anai ir augst\u0101k\u0101s klases pakalpojums, kas j\u016bsu kl\u012bnikai vai salonam sniedz konkurences priek\u0161roc\u012bbas, \u013caujot jums pied\u0101v\u0101t progres\u012bvus risin\u0101jumus matu atjauno\u0161anas jom\u0101.<br \/>\u2714\ufe0f <strong data-start=\"1399\" data-end=\"1452\">Dro\u0161\u012bba un uzticam\u012bba - pamatojoties uz sertifik\u0101tiem<\/strong><br data-start=\"1452\" data-end=\"1455\" \/>CE un FDA sertifik\u0101ts nodro\u0161ina, ka \u0161is nav eksperiment\u0101ls risin\u0101jums, bet gan medic\u012bniski apstiprin\u0101ts risin\u0101jums, kas atbilst augstiem kvalit\u0101tes un dro\u0161\u012bbas standartiem.<\/p>\n<p data-pm-slice=\"1 1 []\"><strong>PIEG\u0100DES LAIKS VAR B\u016aT NO 10 L\u012aDZ 14 DARBA DIEN\u0100M.<\/strong><\/p>","protected":false},"featured_media":34303,"comment_status":"open","ping_status":"closed","template":"","meta":{"_acf_changed":false},"product_brand":[432],"product_cat":[282,288,283],"product_tag":[],"class_list":{"0":"post-34312","1":"product","2":"type-product","3":"status-publish","4":"has-post-thumbnail","6":"product_brand-kernel","7":"product_cat-longevity-prietaisai","8":"product_cat-grozio-ir-odos-prieziura","9":"product_cat-sveikatingumo-prietaisai","11":"first","12":"instock","13":"shipping-taxable","14":"purchasable","15":"product-type-simple"},"acf":[],"tiered_pricing_type":"fixed","tiered_pricing_fixed_rules":[],"tiered_pricing_product_settings":{"layout":"default","base_unit_name":{"singular":null,"plural":null},"default_variation":null},"tiered_pricing_minimum_quantity":null,"tiered_pricing_roles_data":[],"tiered_pricing_percentage_rules":[],"_links":{"self":[{"href":"https:\/\/purama.lt\/lv\/wp-json\/wp\/v2\/product\/34312","targetHints":{"allow":["GET"]}}],"collection":[{"href":"https:\/\/purama.lt\/lv\/wp-json\/wp\/v2\/product"}],"about":[{"href":"https:\/\/purama.lt\/lv\/wp-json\/wp\/v2\/types\/product"}],"replies":[{"embeddable":true,"href":"https:\/\/purama.lt\/lv\/wp-json\/wp\/v2\/comments?post=34312"}],"wp:featuredmedia":[{"embeddable":true,"href":"https:\/\/purama.lt\/lv\/wp-json\/wp\/v2\/media\/34303"}],"wp:attachment":[{"href":"https:\/\/purama.lt\/lv\/wp-json\/wp\/v2\/media?parent=34312"}],"wp:term":[{"taxonomy":"product_brand","embeddable":true,"href":"https:\/\/purama.lt\/lv\/wp-json\/wp\/v2\/product_brand?post=34312"},{"taxonomy":"product_cat","embeddable":true,"href":"https:\/\/purama.lt\/lv\/wp-json\/wp\/v2\/product_cat?post=34312"},{"taxonomy":"product_tag","embeddable":true,"href":"https:\/\/purama.lt\/lv\/wp-json\/wp\/v2\/product_tag?post=34312"}],"curies":[{"name":"wp","href":"https:\/\/api.w.org\/{rel}","templated":true}]}}