{"id":34311,"date":"2025-04-29T06:01:55","date_gmt":"2025-04-29T06:01:55","guid":{"rendered":"https:\/\/purama.lt\/produktas\/kernel-kn-7000a-pdt-led-sviesos-terapijos-prietaisas-odos-atjauninimui\/"},"modified":"2025-11-11T17:18:26","modified_gmt":"2025-11-11T15:18:26","slug":"kernel-kn-7000a-pdt-rezultata-gaismas-terapijas-ierice-adas-atjaunosanai","status":"publish","type":"product","link":"https:\/\/purama.lt\/lv\/produktas\/kernel-kn-7000a-pdt-led-sviesos-terapijos-prietaisas-odos-atjauninimui\/","title":{"rendered":"Kernel KN-7000A PDT LED gaismas terapijas ier\u012bce \u0101das atjauno\u0161anai"},"content":{"rendered":"<p><strong>Galvenie ieguvumi:<\/strong><br>\u2714\ufe0f <strong>1820 gaismas diodes<\/strong><br>\u013boti liela gaismas jauda nodro\u0161ina vienm\u0113r\u012bgu un efekt\u012bvu efektu vis\u0101 apstr\u0101des zon\u0101.<br>\u2714\ufe0f <strong>7 gaismas re\u017e\u012bmi un kombin\u0101cijas<\/strong><br>Sarkan\u0101, zil\u0101, dzelten\u0101, za\u013c\u0101, infrasarkan\u0101 un sarkan\u0101, zil\u0101, dzelten\u0101, za\u013c\u0101 un infrasarkan\u0101 spektra kombin\u0101cijas da\u017e\u0101d\u0101m \u0101das probl\u0113m\u0101m.<br>\u2714\ufe0f <strong>Regul\u0113jama gaismas intensit\u0101te<\/strong><br>Piel\u0101gojama katram \u0101das tipam un \u0101rst\u0113\u0161anas m\u0113r\u0137im.<br>\u2714\ufe0f <strong>Groz\u0101ma, pagarin\u0101ma galva<\/strong><br>Viegli piel\u0101gojas da\u017e\u0101d\u0101m \u0137erme\u0146a da\u013c\u0101m - sejai, kaklam, mugurai.<br>\u2714\ufe0f <strong>8\u201d sk\u0101rienekr\u0101ns ar ieb\u016bv\u0113t\u0101m lietotn\u0113m<\/strong><br>\u0112rta un \u0101tra lieto\u0161ana, kam nav nepiecie\u0161amas \u012bpa\u0161as zin\u0101\u0161anas.<br>\u2714\ufe0f <strong>Neinvaz\u012bva un bez blakuspar\u0101d\u012bb\u0101m<\/strong><br>Dro\u0161a lieto\u0161ana, nav nepiecie\u0161ams dz\u012b\u0161anas periods - uzreiz p\u0113c proced\u016bras varat atgriezties pie ikdienas aktivit\u0101t\u0113m.<br>\u2714\ufe0f <strong>CE un FDA sertifik\u0101ti<\/strong><br>Atbilst starptautiskajiem medic\u012bnas kvalit\u0101tes un dro\u0161\u012bbas standartiem.<\/p>\n\n\n\n<hr class=\"wp-block-separator has-alpha-channel-opacity\"\/>\n\n\n\n<p><strong>Tehniskie parametri<\/strong>:<\/p>\n\n\n\n<figure class=\"wp-block-table\"><table class=\"has-fixed-layout\"><thead><tr><th><strong>Parametrs<\/strong><\/th><th><strong>Specifik\u0101cija<\/strong><\/th><\/tr><\/thead><tbody><tr><td>Modelis<\/td><td>KN-7000A<\/td><\/tr><tr><td>Gaismas avots<\/td><td>Lieljaudas LED<\/td><\/tr><tr><td>LED daudzums<\/td><td>1820 gab.<\/td><\/tr><tr><td>Gaismas vi\u013c\u0146u garumi<\/td><td>Sarkanais - 633 nm \u00b1 10 nm<br>Zils - 417 nm \u00b1 10 nm<br>Dzeltens - 590 nm \u00b1 10 nm<br>Za\u013ca - 535 nm \u00b110 nm<br>Infrasarkanais starojums - 850 nm \u00b1 10 nm<\/td><\/tr><tr><td>Kr\u0101su re\u017e\u012bmi<\/td><td>7 atsevi\u0161\u0137i re\u017e\u012bmi un kombin\u0101cijas<\/td><\/tr><tr><td>Gaismas intensit\u0101tes regul\u0113\u0161ana<\/td><td>J\u0101<\/td><\/tr><tr><td>Apstaro\u0161anas re\u017e\u012bmi<\/td><td>Past\u0101v\u012bgs vai puls\u0113jo\u0161s<\/td><\/tr><tr><td>P\u0101rvald\u012bba<\/td><td>8 collu sk\u0101rienekr\u0101ns ar groz\u0101mu displeju<\/td><\/tr><tr><td>Apstr\u0101des galvas konstrukcija<\/td><td>Izvelkams, regul\u0113jams, fiks\u0113ts jebkur\u0101 le\u0146\u0137\u012b<\/td><\/tr><tr><td>Atmi\u0146a<\/td><td>Pievienotas 5 \u0101rst\u0113\u0161anas programmas<\/td><\/tr><tr><td>Izmanto\u0161ana<\/td><td>Sejas, kakla, muguras, dekolt\u0113 zonas.<\/td><\/tr><tr><td>Papildu funkcijas<\/td><td>Balss atg\u0101din\u0101jumi, paroles aizsardz\u012bba, dubulta aktiviz\u0113\u0161ana<\/td><\/tr><tr><td>Piem\u0113ro\u0161anas joma<\/td><td>P\u016bt\u012btes, pigment\u0101cija, grumbas, \u0101das atjauno\u0161an\u0101s, iekaisums.<\/td><\/tr><tr><td>Sertifik\u0101ti<\/td><td>CE, FDA<\/td><\/tr><tr><td>OEM opcija<\/td><td>Pieejams vietn\u0113<\/td><\/tr><\/tbody><\/table><\/figure>","protected":false},"excerpt":{"rendered":"<p data-start=\"208\" data-end=\"279\"><strong>Kernel KN-7000A - LED gaismas terapija \u0101das atjauno\u0161anai un \u0101rst\u0113\u0161anai<\/strong>.\u00a0<strong>Kodols KN-7000A<\/strong> - ir moderna fotodinamisk\u0101s terapijas (PDT) ier\u012bce, kas izmanto augstas intensit\u0101tes LED gaismu da\u017e\u0101diem \u0101das uzlabo\u0161anas veidiem. Paredz\u0113ta skaistumkop\u0161anas kl\u012bnik\u0101m, dermatolo\u0123ijas kabinetiem un profesion\u0101liem est\u0113ti\u0137iem, <strong>\u0161\u012b ier\u012bce efekt\u012bvi mazina iekaisumu, \u0101rst\u0113 pinnes, uzlabo \u0101das tekst\u016bru un atjauno \u0101das dabisko mirdzumu.<\/strong>. Ar 1820 lieljaudas gaismas diod\u0113m ier\u012bce nodro\u0161ina vienm\u0113r\u012bgu apgaismojumu liel\u0101 plat\u012bb\u0101. \u0100rst\u0113\u0161anas galva ir papla\u0161in\u0101ma un regul\u0113jama, \u013caujot to piel\u0101got da\u017e\u0101d\u0101m \u0137erme\u0146a zon\u0101m. Br\u012bvi regul\u0113jam\u0101 svira \u013cauj iestat\u012bt v\u0113lamo le\u0146\u0137i bez papildu stiprin\u0101jumiem.<\/p>\n<p data-start=\"221\" data-end=\"258\"><strong data-start=\"225\" data-end=\"258\">K\u0101p\u0113c izv\u0113l\u0113ties KN-7000A:<br \/><\/strong>\u2714\ufe0f <strong data-start=\"263\" data-end=\"298\">Daudzpus\u012bba ikdienas darb\u0101<\/strong><br data-start=\"298\" data-end=\"301\" \/>T\u0101 ir ier\u012bce, kas piem\u0113rota da\u017e\u0101d\u0101m proced\u016br\u0101m, s\u0101kot no pinnes \u0101rst\u0113\u0161anas l\u012bdz \u0101das atjauno\u0161anai, un to var izmantot katru dienu, str\u0101d\u0101jot ar da\u017e\u0101diem klientiem.<br \/>\u2714\ufe0f <strong data-start=\"453\" data-end=\"501\">Paredz\u0113ts profesion\u0101\u013ciem, kas dom\u0101 par laiku<\/strong><br data-start=\"501\" data-end=\"504\" \/>Integr\u0113t\u0101s lietojumprogrammas, intuit\u012bv\u0101 vad\u012bba un \u0101tra iestat\u012b\u0161ana \u013cauj samazin\u0101t proced\u016bras laiku un apkalpot vair\u0101k klientu.<br \/>\u2714\ufe0f <strong data-start=\"648\" data-end=\"681\">Augst\u0101ka ieguld\u012bjumu atdeve<\/strong><br data-start=\"681\" data-end=\"684\" \/>Pla\u0161ais lietojumprogrammu kl\u0101sts noz\u012bm\u0113, ka ar vienu ier\u012bci var pied\u0101v\u0101t vair\u0101kus pakalpojumus, t\u0101d\u0113j\u0101di samazinot nepiecie\u0161am\u012bbu p\u0113c papildu iek\u0101rt\u0101m un palielinot rentabilit\u0101ti.<br \/>\u2714\ufe0f <strong data-start=\"844\" data-end=\"890\">\u0112rt\u012bbas gan profesion\u0101lim, gan klientam.<\/strong><br data-start=\"890\" data-end=\"893\" \/>Regul\u0113jam\u0101 galva, br\u012bvi groz\u0101m\u0101 svira un balss asistents atvieglo operatora darbu un atvieglo klienta \u0101rst\u0113\u0161anu bez kontakta un diskomforta.<br \/>\u2714\ufe0f <strong data-start=\"1055\" data-end=\"1093\">Est\u0113tiskais dizains - telpas dekor\u0113\u0161ana<\/strong><br data-start=\"1093\" data-end=\"1096\" \/>M\u016bsdien\u012bgais dizains ar groz\u0101mo ekr\u0101nu, kompaktais dizains un neitr\u0101la kr\u0101su gamma iederas jebkur\u0101 kl\u012bnik\u0101 vai salon\u0101.<br \/>\u2714\ufe0f <strong data-start=\"1225\" data-end=\"1263\">Uzticam\u012bba, ko apliecina sertifik\u0101ti<\/strong><br data-start=\"1263\" data-end=\"1266\" \/>CE un FDA apstiprin\u0101jumi nodro\u0161ina, ka ier\u012bce ir ne tikai efekt\u012bva, bet ar\u012b atbilst visstingr\u0101kaj\u0101m starptautiskaj\u0101m dro\u0161\u012bbas pras\u012bb\u0101m.<\/p>\n<p data-pm-slice=\"1 1 []\"><strong> PIEG\u0100DES LAIKS VAR B\u016aT NO 10 L\u012aDZ 14 DARBA DIEN\u0100M.<\/strong><\/p>","protected":false},"featured_media":34302,"comment_status":"open","ping_status":"closed","template":"","meta":{"_acf_changed":false},"product_brand":[432],"product_cat":[282,96,283],"product_tag":[],"class_list":{"0":"post-34311","1":"product","2":"type-product","3":"status-publish","4":"has-post-thumbnail","6":"product_brand-kernel","7":"product_cat-longevity-prietaisai","8":"product_cat-led-terapija","9":"product_cat-sveikatingumo-prietaisai","11":"first","12":"instock","13":"shipping-taxable","14":"purchasable","15":"product-type-simple"},"acf":[],"tiered_pricing_type":"fixed","tiered_pricing_fixed_rules":[],"tiered_pricing_product_settings":{"layout":"default","base_unit_name":{"singular":null,"plural":null},"default_variation":null},"tiered_pricing_minimum_quantity":null,"tiered_pricing_roles_data":[],"tiered_pricing_percentage_rules":[],"_links":{"self":[{"href":"https:\/\/purama.lt\/lv\/wp-json\/wp\/v2\/product\/34311","targetHints":{"allow":["GET"]}}],"collection":[{"href":"https:\/\/purama.lt\/lv\/wp-json\/wp\/v2\/product"}],"about":[{"href":"https:\/\/purama.lt\/lv\/wp-json\/wp\/v2\/types\/product"}],"replies":[{"embeddable":true,"href":"https:\/\/purama.lt\/lv\/wp-json\/wp\/v2\/comments?post=34311"}],"wp:featuredmedia":[{"embeddable":true,"href":"https:\/\/purama.lt\/lv\/wp-json\/wp\/v2\/media\/34302"}],"wp:attachment":[{"href":"https:\/\/purama.lt\/lv\/wp-json\/wp\/v2\/media?parent=34311"}],"wp:term":[{"taxonomy":"product_brand","embeddable":true,"href":"https:\/\/purama.lt\/lv\/wp-json\/wp\/v2\/product_brand?post=34311"},{"taxonomy":"product_cat","embeddable":true,"href":"https:\/\/purama.lt\/lv\/wp-json\/wp\/v2\/product_cat?post=34311"},{"taxonomy":"product_tag","embeddable":true,"href":"https:\/\/purama.lt\/lv\/wp-json\/wp\/v2\/product_tag?post=34311"}],"curies":[{"name":"wp","href":"https:\/\/api.w.org\/{rel}","templated":true}]}}