{"id":34083,"date":"2025-04-16T10:49:45","date_gmt":"2025-04-16T10:49:45","guid":{"rendered":"https:\/\/purama.lt\/produktas\/medicube-one-day-exosome-shot-pore-ampoule-2000-revitalizuojantis-serumas\/"},"modified":"2026-04-10T13:03:28","modified_gmt":"2026-04-10T11:03:28","slug":"medicube-vienas-dienas-eksosomu-injekcijas-poru-ampula-2000-atjaunojosais-serums","status":"publish","type":"product","link":"https:\/\/purama.lt\/lv\/produktas\/medicube-one-day-exosome-shot-pore-ampoule-2000-revitalizuojantis-serumas\/","title":{"rendered":"MEDICUBE One Day Exosome Shot Pore Ampoule 2000 atjaunojo\u0161ais serums"},"content":{"rendered":"<p><strong>Lieto\u0161ana:<\/strong><br>Izmantojiet <em>MEDICUBE vienas dienas eksosomu injekcijas poru ampula 2000<\/em> vakara \u0101das kop\u0161anas proced\u016bras laik\u0101 uz t\u012bras, toniz\u0113tas \u0101das. Izspiediet nelielu daudzumu ampulas uz pirkstu galiem un maigi uzkl\u0101jiet uz sejas, \u012bpa\u0161i piev\u0113r\u0161ot uzman\u012bbu problem\u0101tisk\u0101m, papla\u0161in\u0101t\u0101m por\u0101m vai jut\u012bg\u0101m viet\u0101m. Viegli iemas\u0113jiet, l\u012bdz l\u012bdzeklis piln\u012bb\u0101 ies\u016bcas. P\u0113c tam turpiniet p\u0101r\u0113jo \u0101das kop\u0161anas proced\u016bru, izmantojot kr\u0113mu vai citus produktus. Lai sasniegtu maksim\u0101lu rezult\u0101tu, ieteicams lietot katru dienu vismaz 7 dienas p\u0113c k\u0101rtas.<br><br><strong>Sast\u0101vs (INCI):<\/strong><br>\u016adens, butil\u0113nglikols, dipropil\u0113nglikols, glicer\u012bns, 1,2-heksandiols, beta\u012bns, hidroksiacetofenons, karbom\u0113rs, trometam\u012bns, n\u0101trija hialuron\u0101ts, pantenols, alanto\u012bns, adenoz\u012bns, din\u0101trija EDTA, hidroliz\u0113ts kolag\u0113ns, madekazos\u012bds, asiacos\u012bds, Melaleuca Alternifolia (t\u0113jas koka) lapu e\u013c\u013ca, Lactobacillus fermenta liz\u0101ts, hidrogen\u0113ts lecit\u012bns, keram\u012bds NP, holester\u012bns, skval\u0101ns, Centella Asiatica ekstrakts, Camellia Sinensis lapu ekstrakts, Polygonum Cuspidatum sak\u0146u ekstrakts, Scutellaria Baicalensis sak\u0146u ekstrakts, Glycyrrhiza Glabra (lakricas) sak\u0146u ekstrakts, Chamomilla Recutita (Matricaria) ziedu ekstrakts, Rosmarinus Officinalis (Rosmarinus) lapu ekstrakts, kaprilkapril\/kapric triglicer\u012bds, etilheksilglicer\u012bns, lecit\u012bns, cilv\u0113ka adipoc\u012btu kondicion\u0113t\u0101s barotnes ekstrakts (eksosomas).<\/p>\n\n\n\n<p>\u0160\u012b formula ir izstr\u0101d\u0101ta, lai atjaunotu \u0101du, stiprin\u0101tu t\u0101s aizsargsp\u0113jas un pie\u0161\u0137irtu nevainojamu mirdzumu, neizce\u013cot poras.<\/p>\n\n\n\n<p>Vai mekl\u0113jat vair\u0101k? Apskatiet visu <a href=\"\/lv\/produktu-etiketes\/medicube\/\">Medicube sortimentu<\/a>.<\/p>","protected":false},"excerpt":{"rendered":"<p class=\"\" data-start=\"0\" data-end=\"95\"><strong data-start=\"0\" data-end=\"95\">MEDICUBE One Day Exosome Shot Pore Ampoule 2000 - m\u0113r\u0137tiec\u012bga poru uzlabo\u0161ana vien\u0101 sol\u012b\u00a0<\/strong>Atkl\u0101jiet intens\u012bvu \u0101das atjauno\u0161anas sp\u0113ku ar MEDICUBE One Day Exosome Shot - koncentr\u0113tu ampulu ar pat <strong data-start=\"207\" data-end=\"228\">2000 ppm eksosomu<\/strong>paredz\u0113ti \u0101tram, bet notur\u012bgam rezult\u0101tam. \u0160\u012b augsto tehnolo\u0123iju formula darbojas m\u0113r\u0137tiec\u012bgi - <strong data-start=\"328\" data-end=\"347\">sa\u0161aurina poras<\/strong>, <strong>l\u012bdzsvaro \u0101das sebuma veido\u0161anos un atjauno \u0101das gludumu.<\/strong>. Eksosomas ir progres\u012bvi \u0161\u016bnu re\u0123ener\u0101cijas stimulatori, ko izmanto \u0101das atjauno\u0161anai, tonusa uzlabo\u0161anai un tekst\u016bras izl\u012bdzin\u0101\u0161anai. Jau p\u0113c vienas dienas j\u016bs paman\u012bsiet glud\u0101ku \u0101du, maz\u0101k redzamas poras un dz\u012bv\u012bg\u0101ku un mirdzo\u0161\u0101ku sejas toni. Piem\u0113rots visiem \u0101das tipiem, \u012bpa\u0161i jauktai un taukainai \u0101dai ar noslieci uz papla\u0161in\u0101t\u0101m por\u0101m. <\/p>\n<p><strong data-start=\"739\" data-end=\"763\">K\u0101p\u0113c izv\u0113l\u0113ties?<br \/><\/strong> \u2714\ufe0f Pat 2000 ppm eksosomu intens\u012bvai \u0101das atjauno\u0161anai<br data-start=\"820\" data-end=\"823\" \/>\u2714\ufe0f Redzami sa\u0161aurina poras un samazina to redzam\u012bbu.<br data-start=\"874\" data-end=\"877\" \/>\u2714\ufe0f L\u012bdzsvaro sebuma veido\u0161anos, nov\u0113r\u0161 sp\u012bdumu.<br data-start=\"930\" data-end=\"933\" \/>\u2714\ufe0f Izl\u012bdzina \u0101das virsmu un uzlabo elast\u012bbu.<br data-start=\"982\" data-end=\"985\" \/>\u2714\ufe0f Darbojas \u0101tri - ide\u0101li piem\u0113rots svar\u012bgiem gad\u012bjumiem<\/p>","protected":false},"featured_media":34067,"comment_status":"open","ping_status":"closed","template":"","meta":{"_acf_changed":false},"product_brand":[438],"product_cat":[56,92,500,59],"product_tag":[],"class_list":{"0":"post-34083","1":"product","2":"type-product","3":"status-publish","4":"has-post-thumbnail","6":"product_brand-medicube","7":"product_cat-veido-serumai","8":"product_cat-groziui","9":"product_cat-outlet","10":"product_cat-veidui","12":"first","13":"instock","14":"sale","15":"shipping-taxable","16":"purchasable","17":"product-type-simple"},"acf":[],"tiered_pricing_type":"fixed","tiered_pricing_fixed_rules":[],"tiered_pricing_product_settings":{"layout":"default","base_unit_name":{"singular":null,"plural":null},"default_variation":null},"tiered_pricing_minimum_quantity":null,"tiered_pricing_roles_data":[],"tiered_pricing_percentage_rules":[],"_links":{"self":[{"href":"https:\/\/purama.lt\/lv\/wp-json\/wp\/v2\/product\/34083","targetHints":{"allow":["GET"]}}],"collection":[{"href":"https:\/\/purama.lt\/lv\/wp-json\/wp\/v2\/product"}],"about":[{"href":"https:\/\/purama.lt\/lv\/wp-json\/wp\/v2\/types\/product"}],"replies":[{"embeddable":true,"href":"https:\/\/purama.lt\/lv\/wp-json\/wp\/v2\/comments?post=34083"}],"wp:featuredmedia":[{"embeddable":true,"href":"https:\/\/purama.lt\/lv\/wp-json\/wp\/v2\/media\/34067"}],"wp:attachment":[{"href":"https:\/\/purama.lt\/lv\/wp-json\/wp\/v2\/media?parent=34083"}],"wp:term":[{"taxonomy":"product_brand","embeddable":true,"href":"https:\/\/purama.lt\/lv\/wp-json\/wp\/v2\/product_brand?post=34083"},{"taxonomy":"product_cat","embeddable":true,"href":"https:\/\/purama.lt\/lv\/wp-json\/wp\/v2\/product_cat?post=34083"},{"taxonomy":"product_tag","embeddable":true,"href":"https:\/\/purama.lt\/lv\/wp-json\/wp\/v2\/product_tag?post=34083"}],"curies":[{"name":"wp","href":"https:\/\/api.w.org\/{rel}","templated":true}]}}