{"id":34082,"date":"2025-04-16T10:49:45","date_gmt":"2025-04-16T10:49:45","guid":{"rendered":"https:\/\/purama.lt\/produktas\/medicube-kolageno-stangrinamoji-naktine-kauke\/"},"modified":"2026-04-10T13:03:28","modified_gmt":"2026-04-10T11:03:28","slug":"medicube-kolagena-nostiprinosa-nakts-maska","status":"publish","type":"product","link":"https:\/\/purama.lt\/lv\/produktas\/medicube-kolageno-stangrinamoji-naktine-kauke\/","title":{"rendered":"Medicube Kolag\u0113na nakts iet\u012b\u0161anas maska stangrinamoji naktin\u0117 kauk\u0117"},"content":{"rendered":"<p><strong>Lieto\u0161ana:<\/strong><br>Vakar\u0101, p\u0113c parast\u0101s \u0101das att\u012br\u012b\u0161anas un toniz\u0113\u0161anas proced\u016bras:<\/p>\n\n\n\n<ol class=\"wp-block-list\">\n<li><strong>Piesakies<\/strong> - Uzkl\u0101jiet masku pl\u0101n\u0101, vienm\u0113r\u012bg\u0101 k\u0101rt\u0101 uz sausas \u0101das, izvairoties no acu un l\u016bpu zonas.<\/li>\n\n\n\n<li><strong>Atst\u0101j uz nakti<\/strong> - Maska pak\u0101peniski saciet\u0113 un veido aizsargpl\u0113vi, \u013caujot akt\u012bvaj\u0101m sast\u0101vda\u013c\u0101m iedarboties miega laik\u0101.<\/li>\n\n\n\n<li><strong>No\u0146emt no r\u012bta<\/strong> - Uzman\u012bgi no\u0146emiet masku no mal\u0101m uz centru.<\/li>\n\n\n\n<li><strong>Mazg\u0101jiet seju<\/strong> ar remdenu \u016bdeni un turpiniet r\u012bta \u0101das kop\u0161anas darbus.<\/li>\n<\/ol>\n\n\n\n<p>Ieteicams lietot 2-3 reizes ned\u0113\u013c\u0101, lai pan\u0101ktu ilgsto\u0161u nostiprino\u0161u un atsvaidzino\u0161u efektu.<br><br><strong>Sast\u0101vda\u013cas:<\/strong><br>\u016adens, polivinilspirts, den\u0101ta alkohols, glicer\u012bns, hidroliz\u0113ts j\u016bras kolag\u0113ns, n\u0101trija hialuron\u0101ts, adenoz\u012bns, beta\u012bns, alanto\u012bns, ekstrakti (za\u013c\u0101 t\u0113ja, kumel\u012bte, grie\u0137u sier\u0101boli\u0146\u0161), karbom\u0113rs, smar\u017evielas, PEG.<\/p>\n\n\n\n<p>Vai mekl\u0113jat vair\u0101k? Apskatiet visu <a href=\"\/lv\/produktu-etiketes\/medicube\/\">Medicube sortimentu<\/a>.<\/p>","protected":false},"excerpt":{"rendered":"<p class=\"\" data-start=\"0\" data-end=\"62\"><strong data-start=\"0\" data-end=\"62\">Medicube Collagen Night Wrapping Mask: <\/strong>Atkl\u0101jiet savas \u0101das skaistumu, kam\u0113r gu\u013cat, izmantojot <strong data-start=\"107\" data-end=\"157\">Medicube Kolag\u0113na nakts p\u012blinga maska ar kolag\u0113nu<\/strong> - ir uzlabota nakts maska, kas p\u0101rkl\u0101j \u0101du k\u0101 neredzama pl\u0113ve, iesl\u0113dzot akt\u012bv\u0101s sast\u0101vda\u013cas un stimul\u0113jot intens\u012bvu re\u0123ener\u0101ciju nakts laik\u0101. \u0160\u012b p\u012blinga maska ar kolag\u0113nu, adenoz\u012bnu un hialuronsk\u0101bi. <strong>pal\u012bdz atjaunot \u0101das tvirtumu, mazin\u0101t grumbas un uzlabot kop\u0113jo \u0101das strukt\u016bru.\u00a0<\/strong>Pateicoties unik\u0101lajai tekst\u016brai un sast\u0101vam, maska ne tikai mitrina, bet ar\u012b veicina dabisku elast\u012bbas atjauno\u0161anos, padarot \u0101du maigu, gludu un mirdzo\u0161u no r\u012bta. Piem\u0113rota visiem \u0101das tipiem, \u012bpa\u0161i nobriedu\u0161ai un noguru\u0161ai \u0101dai.<\/p>\n<p class=\"\" data-start=\"682\" data-end=\"708\"><strong data-start=\"682\" data-end=\"708\">K\u0101p\u0113c to izm\u0113\u0123in\u0101t?<br \/><\/strong>\u2714\ufe0f J\u016bras kolag\u0113ns - pal\u012bdz stiprin\u0101t \u0101das strukt\u016bru un elast\u012bbu.<br data-start=\"783\" data-end=\"786\" \/>\u2714\ufe0f Adenoz\u012bns - c\u012bn\u0101s pret s\u012bk\u0101m grumbi\u0146\u0101m un uzlabo \u0101das tonusu.<br data-start=\"861\" data-end=\"864\" \/>\u2714\ufe0f Hialuronsk\u0101be - intens\u012bva mitrin\u0101\u0161ana un aizsardz\u012bba pret sausumu.<br data-start=\"935\" data-end=\"938\" \/>\u2714\ufe0f Nakts p\u012bl-off formula - veido aizsargpl\u0113vi, kas uzlabo akt\u012bvo sast\u0101vda\u013cu uzs\u016bk\u0161anos.<br data-start=\"1041\" data-end=\"1044\" \/>\u2714\ufe0f R\u012bta efekts - svaig\u0101ka, gai\u0161\u0101ka un tvirt\u0101ka \u0101da bez papildu p\u016bl\u0113m.<\/p>","protected":false},"featured_media":34062,"comment_status":"open","ping_status":"closed","template":"","meta":{"_acf_changed":false},"product_brand":[438],"product_cat":[92,59],"product_tag":[],"class_list":{"0":"post-34082","1":"product","2":"type-product","3":"status-publish","4":"has-post-thumbnail","6":"product_brand-medicube","7":"product_cat-groziui","8":"product_cat-veidui","10":"first","11":"instock","12":"shipping-taxable","13":"purchasable","14":"product-type-simple"},"acf":[],"tiered_pricing_type":"fixed","tiered_pricing_fixed_rules":[],"tiered_pricing_product_settings":{"layout":"default","base_unit_name":{"singular":null,"plural":null},"default_variation":null},"tiered_pricing_minimum_quantity":null,"tiered_pricing_roles_data":[],"tiered_pricing_percentage_rules":[],"_links":{"self":[{"href":"https:\/\/purama.lt\/lv\/wp-json\/wp\/v2\/product\/34082","targetHints":{"allow":["GET"]}}],"collection":[{"href":"https:\/\/purama.lt\/lv\/wp-json\/wp\/v2\/product"}],"about":[{"href":"https:\/\/purama.lt\/lv\/wp-json\/wp\/v2\/types\/product"}],"replies":[{"embeddable":true,"href":"https:\/\/purama.lt\/lv\/wp-json\/wp\/v2\/comments?post=34082"}],"wp:featuredmedia":[{"embeddable":true,"href":"https:\/\/purama.lt\/lv\/wp-json\/wp\/v2\/media\/34062"}],"wp:attachment":[{"href":"https:\/\/purama.lt\/lv\/wp-json\/wp\/v2\/media?parent=34082"}],"wp:term":[{"taxonomy":"product_brand","embeddable":true,"href":"https:\/\/purama.lt\/lv\/wp-json\/wp\/v2\/product_brand?post=34082"},{"taxonomy":"product_cat","embeddable":true,"href":"https:\/\/purama.lt\/lv\/wp-json\/wp\/v2\/product_cat?post=34082"},{"taxonomy":"product_tag","embeddable":true,"href":"https:\/\/purama.lt\/lv\/wp-json\/wp\/v2\/product_tag?post=34082"}],"curies":[{"name":"wp","href":"https:\/\/api.w.org\/{rel}","templated":true}]}}