{"id":34080,"date":"2025-04-16T10:49:44","date_gmt":"2025-04-16T10:49:44","guid":{"rendered":"https:\/\/purama.lt\/produktas\/cosrx-the-niacinamide-serumas-su-15-niacinamido\/"},"modified":"2026-04-10T13:03:28","modified_gmt":"2026-04-10T11:03:28","slug":"cosrx-niacinamida-serums-ar-15-niacinamidiem","status":"publish","type":"product","link":"https:\/\/purama.lt\/lv\/produktas\/cosrx-the-niacinamide-serumas-su-15-niacinamido\/","title":{"rendered":"COSRX Niacinamide serums ar 15% niacinam\u012bdu"},"content":{"rendered":"<p><strong>Lieto\u0161ana:<\/strong><br>Lietojiet 1-2 reizes dien\u0101, no r\u012bta vai vakar\u0101, atkar\u012bb\u0101 no \u0101das vajadz\u012bb\u0101m. Uzkl\u0101jiet da\u017eus pilienus seruma uz t\u012bras un toniz\u0113tas \u0101das. Maigi izkl\u0101jiet to pa visu sejas \u0101du, \u012bpa\u0161i viet\u0101s, kas pak\u013cautas taukain\u012bbai, pinn\u0113m vai pigment\u0101cijai. Viegli iemas\u0113jiet, l\u012bdz piln\u012bb\u0101 ies\u016bcas. P\u0113c tam uzkl\u0101jiet mitrino\u0161u kr\u0113mu. Dienas laik\u0101 neaizmirstiet lietot kr\u0113mu ar SPF.<\/p>\n\n\n\n<p><strong>Sast\u0101vda\u013cas:<\/strong><br>Niacinamide (15%), butil\u0113nglikols, cinka PCA, dipropil\u0113nglikols, Melaleuca Alternifolia (Tea Tree) lapu e\u013c\u013ca, alanto\u012bns, pantenols, n\u0101trija hialuron\u0101ts, hidroksietilceluloze, argin\u012bns, 1,2-heks\u0101ndiols, etilheksilglicer\u012bns, \u016bdens.<\/p>\n\n\n\n<p>Vai mekl\u0113jat vair\u0101k? Apskatiet visu <a href=\"\/lv\/produktu-etiketes\/cosrx\/\">COSRX sortiments<\/a>.<\/p>","protected":false},"excerpt":{"rendered":"<p class=\"\" data-start=\"0\" data-end=\"93\"><strong data-start=\"0\" data-end=\"93\">COSRX Niacinamide 15 serums - Intens\u012bvs serums \u0101das balin\u0101\u0161anai un pinnes kontrolei, <\/strong>ir augstas koncentr\u0101cijas (15%) niac\u012bnam\u012bda serums, kas paredz\u0113ts pinnes paz\u012bmju, liek\u0101 sebuma un papla\u0161in\u0101tu poru mazin\u0101\u0161anai. \u0160\u012b efekt\u012bv\u0101 formula <strong>izgaismo sejas kr\u0101su, uzlabo \u0101das tekst\u016bru, mazina iekaisumu un pal\u012bdz nov\u0113rst jaunu pinnes probl\u0113mu.<\/strong>. Bag\u0101tin\u0101ts ar cinka PCA, t\u0113jas koka e\u013c\u013cu un alanto\u012bnu, serums nomierina sakairin\u0101tu \u0101du un uztur mitruma l\u012bdzsvaru. Ide\u0101li piem\u0113rots jauktai un taukainai \u0101dai ar noslieci uz pinn\u0113m vai nevienm\u0113r\u012bgu \u0101das toni.<\/p>\n<p class=\"\" data-start=\"579\" data-end=\"920\"><strong>K\u0101p\u0113c izv\u0113l\u0113ties:<\/strong><br data-start=\"599\" data-end=\"602\" \/>\u2714\ufe0f 15 % niac\u012bnam\u012bds - mazina pigment\u0101ciju, p\u016bt\u012btes un izl\u012bdzina \u0101das tonusu.<br data-start=\"678\" data-end=\"681\" \/>\u2714\ufe0f Cinka PCA - kontrol\u0113 tauku izdal\u012b\u0161anos un ir antibakteri\u0101ls.<br data-start=\"754\" data-end=\"757\" \/>\u2714\ufe0f T\u0113jas koka e\u013c\u013ca ir dabisks antiseptisks l\u012bdzeklis un mazina iekaisumu.<br data-start=\"822\" data-end=\"825\" \/>\u2714\ufe0f Alanto\u012bns - nomierina un mitrina jut\u012bgu \u0101du.<br data-start=\"870\" data-end=\"873\" \/>\u2714\ufe0f Piem\u0113rots problem\u0101tiskai, jauktai un taukainai \u0101dai.<\/p>","protected":false},"featured_media":34069,"comment_status":"open","ping_status":"closed","template":"","meta":{"_acf_changed":false},"product_brand":[418],"product_cat":[56,92,59],"product_tag":[],"class_list":{"0":"post-34080","1":"product","2":"type-product","3":"status-publish","4":"has-post-thumbnail","6":"product_brand-cosrx","7":"product_cat-veido-serumai","8":"product_cat-groziui","9":"product_cat-veidui","11":"first","12":"instock","13":"shipping-taxable","14":"purchasable","15":"product-type-simple"},"acf":[],"tiered_pricing_type":"fixed","tiered_pricing_fixed_rules":[],"tiered_pricing_product_settings":{"layout":"default","base_unit_name":{"singular":null,"plural":null},"default_variation":null},"tiered_pricing_minimum_quantity":null,"tiered_pricing_roles_data":[],"tiered_pricing_percentage_rules":[],"_links":{"self":[{"href":"https:\/\/purama.lt\/lv\/wp-json\/wp\/v2\/product\/34080","targetHints":{"allow":["GET"]}}],"collection":[{"href":"https:\/\/purama.lt\/lv\/wp-json\/wp\/v2\/product"}],"about":[{"href":"https:\/\/purama.lt\/lv\/wp-json\/wp\/v2\/types\/product"}],"replies":[{"embeddable":true,"href":"https:\/\/purama.lt\/lv\/wp-json\/wp\/v2\/comments?post=34080"}],"wp:featuredmedia":[{"embeddable":true,"href":"https:\/\/purama.lt\/lv\/wp-json\/wp\/v2\/media\/34069"}],"wp:attachment":[{"href":"https:\/\/purama.lt\/lv\/wp-json\/wp\/v2\/media?parent=34080"}],"wp:term":[{"taxonomy":"product_brand","embeddable":true,"href":"https:\/\/purama.lt\/lv\/wp-json\/wp\/v2\/product_brand?post=34080"},{"taxonomy":"product_cat","embeddable":true,"href":"https:\/\/purama.lt\/lv\/wp-json\/wp\/v2\/product_cat?post=34080"},{"taxonomy":"product_tag","embeddable":true,"href":"https:\/\/purama.lt\/lv\/wp-json\/wp\/v2\/product_tag?post=34080"}],"curies":[{"name":"wp","href":"https:\/\/api.w.org\/{rel}","templated":true}]}}