{"id":34077,"date":"2025-04-16T10:49:43","date_gmt":"2025-04-16T10:49:43","guid":{"rendered":"https:\/\/purama.lt\/produktas\/beauty-of-joseon-green-plum-refreshing-cleanser-gaivinamasis-veido-prausiklis\/"},"modified":"2026-04-10T13:03:28","modified_gmt":"2026-04-10T11:03:28","slug":"beauty-of-joseon-zalo-plumju-atsvaidzinoss-attiross-lidzeklis-atsvaidzinosam-sejas-mazgasanas-lidzeklim","status":"publish","type":"product","link":"https:\/\/purama.lt\/lv\/produktas\/beauty-of-joseon-green-plum-refreshing-cleanser-gaivinamasis-veido-prausiklis\/","title":{"rendered":"Beauty of Joseon Green Plum Refreshing Cleanser \u2013 sejas mazg\u0101\u0161anas l\u012bdzeklis"},"content":{"rendered":"<p><strong>Lieto\u0161ana:<\/strong><br>Izspiediet nelielu daudzumu t\u012br\u012b\u0161anas l\u012bdzek\u013ca plaukst\u0101 un samaisiet to ar nedaudz \u016bdens, l\u012bdz tas s\u0101k putot. Maigi iemas\u0113jiet seju, izvairoties no acu zonas, p\u0113c tam r\u016bp\u012bgi noskalojiet ar siltu \u016bdeni. Lietojiet no r\u012bta un vakar\u0101 k\u0101 \u0101das kop\u0161anas rut\u012bnas s\u0101kumu.<\/p>\n\n\n\n<p><strong>Sast\u0101vs:<\/strong><br>\u016adens, glicer\u012bns, n\u0101trija kokoilglicin\u0101ts, n\u0101trija metilkokokoiltaur\u0101ts, akril\u0101tu kopolim\u0113rs, koko-beta\u012bns, Prunus Mume aug\u013cu \u016bdens (24%), Phaseolus Radiatus s\u0113klu ekstrakts (1%), Portulaca Oleracea ekstrakts, Centella Asiatica ekstrakts, Camellia Sinensis lapu ekstrakts, Houttuynia Cordata ekstrakts, butil\u0113nglikols, n\u0101trija hlor\u012bds, citronsk\u0101be, n\u0101trija benzo\u0101ts, n\u0101trija benzo\u0101ts, din\u0101trija EDTA, etilheksilglicer\u012bns, smar\u017eviela.<\/p>","protected":false},"excerpt":{"rendered":"<p class=\"\" data-start=\"0\" data-end=\"667\"><strong data-start=\"0\" data-end=\"83\">BEAUTY OF JOSEON Green Plum Refreshing Cleanser - atsvaidzino\u0161s sejas mazg\u0101\u0161anas l\u012bdzeklis. <\/strong>\u0160is maigais, bet efekt\u012bvais g\u0113la konsistences att\u012bro\u0161ais l\u012bdzeklis ir paredz\u0113ts ikdienas lieto\u0161anai, lai atjaunotu un atjaunotu \u0101das dabisko l\u012bdzsvaru. Bag\u0101tin\u0101ts ar za\u013co pl\u016bmju ekstraktu un mungas pupi\u0146u s\u0113klu \u016bdeni, tas ne tikai <strong>maigi no\u0146em net\u012brumus un lieko e\u013c\u013cu, bet ar\u012b uztur \u0101das mitruma l\u012bdzsvaru, lai seja p\u0113c mazg\u0101\u0161anas b\u016btu t\u012bra, svaiga un mitrin\u0101ta.<\/strong>. Sniedziet savai \u0101dai r\u012bta atsvaidzin\u0101jumu un vakara att\u012br\u012b\u0161anas ritu\u0101lu ar \u0161o att\u012bro\u0161o l\u012bdzekli, kas nesausina un netrauc\u0113 \u0101das dabisko barjeru - ide\u0101la izv\u0113le visiem \u0101das tipiem, tostarp jut\u012bgai \u0101dai.<\/p>\n<p class=\"\" data-start=\"669\" data-end=\"962\"><strong data-start=\"669\" data-end=\"695\">K\u0101p\u0113c to izm\u0113\u0123in\u0101t?<\/strong><br data-start=\"695\" data-end=\"698\" \/>\u2714\ufe0f Bag\u0101tin\u0101ts ar za\u013co pl\u016bmju ekstraktu - att\u012bra un balina \u0101du.<br data-start=\"760\" data-end=\"763\" \/>\u2714\ufe0f Maigs pat jut\u012bgai \u0101dai - nekairina un nesausina \u0101du<br data-start=\"816\" data-end=\"819\" \/>\u2714\ufe0f G\u0113la tekst\u016bra - viegli puto un pat\u012bkami kl\u0101jas.<br data-start=\"876\" data-end=\"879\" \/>\u2714\ufe0f Uztur \u0101das mitruma l\u012bdzsvaru<br data-start=\"910\" data-end=\"913\" \/>\u2714\ufe0f Piem\u0113rots ikdienas lieto\u0161anai - no r\u012bta un vakar\u0101.<\/p>","protected":false},"featured_media":34064,"comment_status":"open","ping_status":"closed","template":"","meta":{"_acf_changed":false},"product_brand":[410],"product_cat":[150,92,500,59],"product_tag":[],"class_list":{"0":"post-34077","1":"product","2":"type-product","3":"status-publish","4":"has-post-thumbnail","6":"product_brand-beauty-of-joseon","7":"product_cat-veido-prausikliai","8":"product_cat-groziui","9":"product_cat-outlet","10":"product_cat-veidui","12":"first","13":"instock","14":"sale","15":"shipping-taxable","16":"purchasable","17":"product-type-simple"},"acf":[],"tiered_pricing_type":"fixed","tiered_pricing_fixed_rules":[],"tiered_pricing_product_settings":{"layout":"default","base_unit_name":{"singular":null,"plural":null},"default_variation":null},"tiered_pricing_minimum_quantity":null,"tiered_pricing_roles_data":[],"tiered_pricing_percentage_rules":[],"_links":{"self":[{"href":"https:\/\/purama.lt\/lv\/wp-json\/wp\/v2\/product\/34077","targetHints":{"allow":["GET"]}}],"collection":[{"href":"https:\/\/purama.lt\/lv\/wp-json\/wp\/v2\/product"}],"about":[{"href":"https:\/\/purama.lt\/lv\/wp-json\/wp\/v2\/types\/product"}],"replies":[{"embeddable":true,"href":"https:\/\/purama.lt\/lv\/wp-json\/wp\/v2\/comments?post=34077"}],"wp:featuredmedia":[{"embeddable":true,"href":"https:\/\/purama.lt\/lv\/wp-json\/wp\/v2\/media\/34064"}],"wp:attachment":[{"href":"https:\/\/purama.lt\/lv\/wp-json\/wp\/v2\/media?parent=34077"}],"wp:term":[{"taxonomy":"product_brand","embeddable":true,"href":"https:\/\/purama.lt\/lv\/wp-json\/wp\/v2\/product_brand?post=34077"},{"taxonomy":"product_cat","embeddable":true,"href":"https:\/\/purama.lt\/lv\/wp-json\/wp\/v2\/product_cat?post=34077"},{"taxonomy":"product_tag","embeddable":true,"href":"https:\/\/purama.lt\/lv\/wp-json\/wp\/v2\/product_tag?post=34077"}],"curies":[{"name":"wp","href":"https:\/\/api.w.org\/{rel}","templated":true}]}}